{"id":7453,"date":"2025-11-30T08:00:41","date_gmt":"2025-11-30T08:00:41","guid":{"rendered":"https:\/\/rockkofertas.com.es\/index.php\/producto\/b0dfqpf25l\/"},"modified":"2025-11-30T08:00:41","modified_gmt":"2025-11-30T08:00:41","slug":"b0dfqpf25l","status":"publish","type":"product","link":"https:\/\/rockkofertas.com.es\/index.php\/producto\/b0dfqpf25l\/","title":{"rendered":"B0DFQPF25L"},"content":{"rendered":"<p>&#8211; Este set de regalo Parker IM incluye una pluma estilogr\u00e1fica, un bol\u00edgrafo y un distinguido estuche de PU; un regalo muy deseable dise\u00f1ado para personas perspicaces que valoren los art\u00edculos aut\u00e9nticos que encarnan a la vez estilo y esencia<br \/>\n&#8211; El lujoso acabado lacado en negro de la capucha y del cuerpo convierten estos bol\u00edgrafos en un emblema de discreta elegancia, rematada con el emblem\u00e1tico clip en forma de flecha Parker<br \/>\n&#8211; Con su silueta elegante, pulida y profesional, Parker IM es el \u00fatil de escritura perfecto para causar una impresi\u00f3n duradera<br \/>\n&#8211; Su elegante forma c\u00f3nica, junto con sus buenos acabados, lo convierten en un compa\u00f1ero de lo m\u00e1s funcional y fiable con un potencial ilimitado<br \/>\n&#8211; Los bol\u00edgrafos Parker se benefician de m\u00e1s de un siglo de experiencia en la escritura de precisi\u00f3n, lo que se traduce en un \u00fatil intrincadamente elaborado que ofrece una experiencia de escritura realmente excepcional<\/p>\n","protected":false},"excerpt":{"rendered":"<p>Set de regalo Parker IM Duo Pen | Pluma estilogr\u00e1fica, bol\u00edgrafo y estuche | Acabado lacado negro con adornos cromados | Punta media | Recargas de tinta azul | Regalos de graduaci\u00f3n perfectos<br \/>\n#Publicidad <span class=\"read-more\"><a class=\"more-link btn btn-transparent\" href=\"https:\/\/rockkofertas.com.es\/index.php\/producto\/b0dfqpf25l\/\">Leer m\u00e1s&#8230;<\/a><\/span><\/p>\n","protected":false},"featured_media":7452,"comment_status":"open","ping_status":"closed","template":"","meta":[],"product_cat":[15],"product_tag":[],"class_list":{"0":"post-7453","1":"product","2":"type-product","3":"status-publish","4":"has-post-thumbnail","6":"product_cat-sin-categorizar","8":"first","9":"instock","10":"shipping-taxable","11":"product-type-external"},"_links":{"self":[{"href":"https:\/\/rockkofertas.com.es\/index.php\/wp-json\/wp\/v2\/product\/7453","targetHints":{"allow":["GET"]}}],"collection":[{"href":"https:\/\/rockkofertas.com.es\/index.php\/wp-json\/wp\/v2\/product"}],"about":[{"href":"https:\/\/rockkofertas.com.es\/index.php\/wp-json\/wp\/v2\/types\/product"}],"replies":[{"embeddable":true,"href":"https:\/\/rockkofertas.com.es\/index.php\/wp-json\/wp\/v2\/comments?post=7453"}],"wp:featuredmedia":[{"embeddable":true,"href":"https:\/\/rockkofertas.com.es\/index.php\/wp-json\/wp\/v2\/media\/7452"}],"wp:attachment":[{"href":"https:\/\/rockkofertas.com.es\/index.php\/wp-json\/wp\/v2\/media?parent=7453"}],"wp:term":[{"taxonomy":"product_cat","embeddable":true,"href":"https:\/\/rockkofertas.com.es\/index.php\/wp-json\/wp\/v2\/product_cat?post=7453"},{"taxonomy":"product_tag","embeddable":true,"href":"https:\/\/rockkofertas.com.es\/index.php\/wp-json\/wp\/v2\/product_tag?post=7453"}],"curies":[{"name":"wp","href":"https:\/\/api.w.org\/{rel}","templated":true}]}}