{"id":7437,"date":"2025-11-29T14:09:37","date_gmt":"2025-11-29T14:09:37","guid":{"rendered":"https:\/\/rockkofertas.com.es\/index.php\/producto\/b0ds6k2tbg-2\/"},"modified":"2025-11-29T14:09:37","modified_gmt":"2025-11-29T14:09:37","slug":"b0ds6k2tbg-2","status":"publish","type":"product","link":"https:\/\/rockkofertas.com.es\/index.php\/producto\/b0ds6k2tbg-2\/","title":{"rendered":"B0DS6K2TBG"},"content":{"rendered":"<p>&#8211; La Batidora de Mano Minipimer m\u00e1s vendida en Europa. EMMA &#8211; Electrodom\u00e9sticos de Alto Rendimiento.<br \/>\n&#8211; POWERBELL PLUS: 700W de alto rendimiento. la campara posee un area de corte m\u00e1s grande y un dise\u00f1o espec\u00edfico para obtener mejores resultados en menos tiempo y con menos esfuerzo.<br \/>\n&#8211; SPLASH CONTROL: la campana anti-salpicadura Splash Control de acero inoxidable est\u00e1 dise\u00f1ada para evitar las salpicaduras y mantener la cocina limpia<br \/>\n&#8211; EASY: los accesorios se acoplan y se desmontan f\u00e1cilmente gracias al sistema para poder intercambiar los accesorios de forma r\u00e1pida y sencilla. Gancho Posterior para montar.<br \/>\n&#8211; ACCESORIOS: incluye un vaso medidor de 600 ml fabricado en pl\u00e1stico sin productos nocivos y libre de BPA, apto para estar en contacto con los alimentos<br \/>\n&#8211; POTENTE: la batidora posee una potencia de 250 w, y la velocidad se puede regular gracias al selector con 2 velocidades y funci\u00f3n turbo para obtener mejores resultados en cualquier preparaci\u00f3n<br \/>\n&#8211; MATERIAL ABS: con varilla delgada de pl\u00e1stico.<br \/>\n&#8211; ENCHUFE VDE\/1,15M de longitud de cable.<\/p>\n","protected":false},"excerpt":{"rendered":"<p>Batidora de Mano EMMA 700W- Env\u00edo 24 h &#8211; Minipimer Vaso Medidor 600 ML con Tapa Incluida &#8211; Hoja de acero Inoxidable, 2 Velocidades con Funci\u00f3n Turbo. (Mostaza)<br \/>#Publicidad <span class=\"read-more\"><a class=\"more-link btn btn-transparent\" href=\"https:\/\/rockkofertas.com.es\/index.php\/producto\/b0ds6k2tbg-2\/\">Leer m\u00e1s&#8230;<\/a><\/span><\/p>\n","protected":false},"featured_media":7436,"comment_status":"open","ping_status":"closed","template":"","meta":[],"product_cat":[15],"product_tag":[],"class_list":{"0":"post-7437","1":"product","2":"type-product","3":"status-publish","4":"has-post-thumbnail","6":"product_cat-sin-categorizar","8":"first","9":"instock","10":"shipping-taxable","11":"product-type-external"},"_links":{"self":[{"href":"https:\/\/rockkofertas.com.es\/index.php\/wp-json\/wp\/v2\/product\/7437","targetHints":{"allow":["GET"]}}],"collection":[{"href":"https:\/\/rockkofertas.com.es\/index.php\/wp-json\/wp\/v2\/product"}],"about":[{"href":"https:\/\/rockkofertas.com.es\/index.php\/wp-json\/wp\/v2\/types\/product"}],"replies":[{"embeddable":true,"href":"https:\/\/rockkofertas.com.es\/index.php\/wp-json\/wp\/v2\/comments?post=7437"}],"wp:featuredmedia":[{"embeddable":true,"href":"https:\/\/rockkofertas.com.es\/index.php\/wp-json\/wp\/v2\/media\/7436"}],"wp:attachment":[{"href":"https:\/\/rockkofertas.com.es\/index.php\/wp-json\/wp\/v2\/media?parent=7437"}],"wp:term":[{"taxonomy":"product_cat","embeddable":true,"href":"https:\/\/rockkofertas.com.es\/index.php\/wp-json\/wp\/v2\/product_cat?post=7437"},{"taxonomy":"product_tag","embeddable":true,"href":"https:\/\/rockkofertas.com.es\/index.php\/wp-json\/wp\/v2\/product_tag?post=7437"}],"curies":[{"name":"wp","href":"https:\/\/api.w.org\/{rel}","templated":true}]}}