{"id":7431,"date":"2025-11-29T04:00:41","date_gmt":"2025-11-29T04:00:41","guid":{"rendered":"https:\/\/rockkofertas.com.es\/index.php\/producto\/b0b1qpmnyr\/"},"modified":"2025-11-29T04:00:41","modified_gmt":"2025-11-29T04:00:41","slug":"b0b1qpmnyr","status":"publish","type":"product","link":"https:\/\/rockkofertas.com.es\/index.php\/producto\/b0b1qpmnyr\/","title":{"rendered":"B0B1QPMNYR"},"content":{"rendered":"<p>&#8211; Estos altavoces son tan sencillos que puedes emparejarlos con tu dispositivo y reproducir m\u00fasica sin tener que preocuparte por una configuraci\u00f3n complicada<br \/>\n&#8211; La tercera generaci\u00f3n est\u00e1 lista para el futuro de la tecnolog\u00eda Bluetooth y ha sido dise\u00f1ada para proporcionar funciones Bluetooth de pr\u00f3xima generaci\u00f3n tan pronto como est\u00e9n disponibles<br \/>\n&#8211; La gama de hogar tiene la m\u00fasica en el coraz\u00f3n y el medio ambiente; esta nueva generaci\u00f3n persigue un enfoque m\u00e1s sostenible con una carcasa libre de PVC, que est\u00e1 hecha de un 70% de pl\u00e1stico reciclado y exclusivamente de materiales veganos<br \/>\n&#8211; con Bluetooth 5.2 de \u00faltima generaci\u00f3n y la entrada de 3,5 mm, conectar y escuchar m\u00fasica con tu altavoz es m\u00e1s f\u00e1cil que nunca; not_water_resistant<br \/>\n&#8211; Esta generaci\u00f3n de altavoces para tu hogar tiene un sonido a\u00fan m\u00e1s amplio que sus predecesores y ofrece un sonido Marshall completo y caracter\u00edstico<\/p>\n","protected":false},"excerpt":{"rendered":"<p>Marshall Acton III Altavoz Bluetooth, Negro<br \/>\n#Publicidad <span class=\"read-more\"><a class=\"more-link btn btn-transparent\" href=\"https:\/\/rockkofertas.com.es\/index.php\/producto\/b0b1qpmnyr\/\">Leer m\u00e1s&#8230;<\/a><\/span><\/p>\n","protected":false},"featured_media":7430,"comment_status":"open","ping_status":"closed","template":"","meta":[],"product_cat":[15],"product_tag":[],"class_list":{"0":"post-7431","1":"product","2":"type-product","3":"status-publish","4":"has-post-thumbnail","6":"product_cat-sin-categorizar","8":"first","9":"instock","10":"shipping-taxable","11":"product-type-external"},"_links":{"self":[{"href":"https:\/\/rockkofertas.com.es\/index.php\/wp-json\/wp\/v2\/product\/7431","targetHints":{"allow":["GET"]}}],"collection":[{"href":"https:\/\/rockkofertas.com.es\/index.php\/wp-json\/wp\/v2\/product"}],"about":[{"href":"https:\/\/rockkofertas.com.es\/index.php\/wp-json\/wp\/v2\/types\/product"}],"replies":[{"embeddable":true,"href":"https:\/\/rockkofertas.com.es\/index.php\/wp-json\/wp\/v2\/comments?post=7431"}],"wp:featuredmedia":[{"embeddable":true,"href":"https:\/\/rockkofertas.com.es\/index.php\/wp-json\/wp\/v2\/media\/7430"}],"wp:attachment":[{"href":"https:\/\/rockkofertas.com.es\/index.php\/wp-json\/wp\/v2\/media?parent=7431"}],"wp:term":[{"taxonomy":"product_cat","embeddable":true,"href":"https:\/\/rockkofertas.com.es\/index.php\/wp-json\/wp\/v2\/product_cat?post=7431"},{"taxonomy":"product_tag","embeddable":true,"href":"https:\/\/rockkofertas.com.es\/index.php\/wp-json\/wp\/v2\/product_tag?post=7431"}],"curies":[{"name":"wp","href":"https:\/\/api.w.org\/{rel}","templated":true}]}}