{"id":7415,"date":"2025-11-28T14:48:58","date_gmt":"2025-11-28T14:48:58","guid":{"rendered":"https:\/\/rockkofertas.com.es\/index.php\/producto\/b0c7whmhn8\/"},"modified":"2025-11-28T14:48:58","modified_gmt":"2025-11-28T14:48:58","slug":"b0c7whmhn8","status":"publish","type":"product","link":"https:\/\/rockkofertas.com.es\/index.php\/producto\/b0c7whmhn8\/","title":{"rendered":"B0C7WHMHN8"},"content":{"rendered":"<p>&#8211; ACERO INOXIDABLE: Fabricada en Acero Inoxidable 18\/10 con triple fondo Difusor para un Reparto de la Temperatura<br \/>\n&#8211; APTA PARA TODO TIPO DE COCINAS: Amplio fondo difusor full induction con un espesor de 5,3 mm; compatible con todas las fuentes de calor incluida la inducci\u00f3n; Esto supone un menor consumo energ\u00e9tico y una mayor rapidez en la cocci\u00f3n<br \/>\n&#8211; DI\u00c1METRO: D\u00ed\u00e1metros 24 cm (Di\u00e1metro base inducci\u00f3n 20 cm)\/28 cm (Di\u00e1metro base inducci\u00f3n 24 cm)<br \/>\n&#8211; MANGO DE ACERO: Mango remachado de acero inoxidable 18\/10 de calidad y elegancia<br \/>\n&#8211; F\u00c1CIL LIMPIEZA: Apta para su limpieza en lavavajillas; pulido exterior e interior satinado<br \/>\n&#8211; SIN ANTIADHERENTE: Para su correcto uso hay que dejar que la sart\u00e9n se caliente; Al contrario que con las sartenes antiadherentes, hace falta calentar a fuego medio\/vivo dejando que la sart\u00e9n coja temperatura; Se recomienda siempre su uso con un poco de aceite<br \/>\n&#8211; ACABADO: Pulido exterior e interior satinado<\/p>\n","protected":false},"excerpt":{"rendered":"<p>BRA Signature &#8211; Juego de 2 sartenes de 24 y 28 cm, acero inoxidable 18\/10, sin revestimiento antiadherente, base difusora triple, apto para todo tipo de cocinas y placas de inducci\u00f3n, acabado pulido<br \/>#Publicidad <span class=\"read-more\"><a class=\"more-link btn btn-transparent\" href=\"https:\/\/rockkofertas.com.es\/index.php\/producto\/b0c7whmhn8\/\">Leer m\u00e1s&#8230;<\/a><\/span><\/p>\n","protected":false},"featured_media":7414,"comment_status":"open","ping_status":"closed","template":"","meta":[],"product_cat":[15],"product_tag":[],"class_list":{"0":"post-7415","1":"product","2":"type-product","3":"status-publish","4":"has-post-thumbnail","6":"product_cat-sin-categorizar","8":"first","9":"instock","10":"shipping-taxable","11":"product-type-external"},"_links":{"self":[{"href":"https:\/\/rockkofertas.com.es\/index.php\/wp-json\/wp\/v2\/product\/7415","targetHints":{"allow":["GET"]}}],"collection":[{"href":"https:\/\/rockkofertas.com.es\/index.php\/wp-json\/wp\/v2\/product"}],"about":[{"href":"https:\/\/rockkofertas.com.es\/index.php\/wp-json\/wp\/v2\/types\/product"}],"replies":[{"embeddable":true,"href":"https:\/\/rockkofertas.com.es\/index.php\/wp-json\/wp\/v2\/comments?post=7415"}],"wp:featuredmedia":[{"embeddable":true,"href":"https:\/\/rockkofertas.com.es\/index.php\/wp-json\/wp\/v2\/media\/7414"}],"wp:attachment":[{"href":"https:\/\/rockkofertas.com.es\/index.php\/wp-json\/wp\/v2\/media?parent=7415"}],"wp:term":[{"taxonomy":"product_cat","embeddable":true,"href":"https:\/\/rockkofertas.com.es\/index.php\/wp-json\/wp\/v2\/product_cat?post=7415"},{"taxonomy":"product_tag","embeddable":true,"href":"https:\/\/rockkofertas.com.es\/index.php\/wp-json\/wp\/v2\/product_tag?post=7415"}],"curies":[{"name":"wp","href":"https:\/\/api.w.org\/{rel}","templated":true}]}}