{"id":7411,"date":"2025-11-28T08:24:12","date_gmt":"2025-11-28T08:24:12","guid":{"rendered":"https:\/\/rockkofertas.com.es\/index.php\/producto\/b0d7hjyfg1\/"},"modified":"2025-11-28T08:24:12","modified_gmt":"2025-11-28T08:24:12","slug":"b0d7hjyfg1","status":"publish","type":"product","link":"https:\/\/rockkofertas.com.es\/index.php\/producto\/b0d7hjyfg1\/","title":{"rendered":"B0D7HJYFG1"},"content":{"rendered":"<p>&#8211; SENCILLO E INFORMAL: La camiseta b\u00e1sica de algod\u00f3n es superc\u00f3moda y perfecta para looks m\u00e1s informales. La bandera de Tommy Hilfiger en el pecho completa el estilo de la prenda.<br \/>\n&#8211; AJUSTE PERFECTO: Esta camiseta de manga corta de algod\u00f3n suave tiene un dise\u00f1o informal y favorece tu figura.<br \/>\n&#8211; PARA CUALQUIER OCASI\u00d3N: Esta prenda minimalista sienta superbi\u00e9n y convence por su gran comodidad. Ya sea con vaqueros, shorts o pantalones elegantes, combina a la perfecci\u00f3n con cualquier look ya sea informal o de oficina.<br \/>\n&#8211; MATERIAL Y CUIDADO: La camiseta est\u00e1 confeccionada en algod\u00f3n regenerativo 100 %. Se puede lavar a m\u00e1quina y secar en secadora.<br \/>\n&#8211; CALIDAD DEMOSTRADA: Desde 1985, esta marca de dise\u00f1ador lleva demostrando por todo el mundo la calidad y la ligereza mediante una gran variedad de dise\u00f1os en los m\u00edticos colores azul oscuro, blanco y rojo.<\/p>\n","protected":false},"excerpt":{"rendered":"<p>Tommy Hilfiger Camiseta de Manga Corta Hombre Essential tee con Cuello de Pico, Blanco (White), L<br \/>#Publicidad <span class=\"read-more\"><a class=\"more-link btn btn-transparent\" href=\"https:\/\/rockkofertas.com.es\/index.php\/producto\/b0d7hjyfg1\/\">Leer m\u00e1s&#8230;<\/a><\/span><\/p>\n","protected":false},"featured_media":7410,"comment_status":"open","ping_status":"closed","template":"","meta":[],"product_cat":[15],"product_tag":[],"class_list":{"0":"post-7411","1":"product","2":"type-product","3":"status-publish","4":"has-post-thumbnail","6":"product_cat-sin-categorizar","8":"first","9":"instock","10":"shipping-taxable","11":"product-type-external"},"_links":{"self":[{"href":"https:\/\/rockkofertas.com.es\/index.php\/wp-json\/wp\/v2\/product\/7411","targetHints":{"allow":["GET"]}}],"collection":[{"href":"https:\/\/rockkofertas.com.es\/index.php\/wp-json\/wp\/v2\/product"}],"about":[{"href":"https:\/\/rockkofertas.com.es\/index.php\/wp-json\/wp\/v2\/types\/product"}],"replies":[{"embeddable":true,"href":"https:\/\/rockkofertas.com.es\/index.php\/wp-json\/wp\/v2\/comments?post=7411"}],"wp:featuredmedia":[{"embeddable":true,"href":"https:\/\/rockkofertas.com.es\/index.php\/wp-json\/wp\/v2\/media\/7410"}],"wp:attachment":[{"href":"https:\/\/rockkofertas.com.es\/index.php\/wp-json\/wp\/v2\/media?parent=7411"}],"wp:term":[{"taxonomy":"product_cat","embeddable":true,"href":"https:\/\/rockkofertas.com.es\/index.php\/wp-json\/wp\/v2\/product_cat?post=7411"},{"taxonomy":"product_tag","embeddable":true,"href":"https:\/\/rockkofertas.com.es\/index.php\/wp-json\/wp\/v2\/product_tag?post=7411"}],"curies":[{"name":"wp","href":"https:\/\/api.w.org\/{rel}","templated":true}]}}