{"id":7403,"date":"2025-11-28T04:01:15","date_gmt":"2025-11-28T04:01:15","guid":{"rendered":"https:\/\/rockkofertas.com.es\/index.php\/producto\/b09c6j3z9f-2\/"},"modified":"2025-11-28T04:01:15","modified_gmt":"2025-11-28T04:01:15","slug":"b09c6j3z9f-2","status":"publish","type":"product","link":"https:\/\/rockkofertas.com.es\/index.php\/producto\/b09c6j3z9f-2\/","title":{"rendered":"B09C6J3Z9F"},"content":{"rendered":"<p>&#8211; ASPIRADORA ESCOBA VERS\u00c1TIL: la soluci\u00f3n f\u00e1cil y eficiente para la limpieza diaria de tu hogar con tecnolog\u00eda cicl\u00f3nica y su potente motor de 100 W con las velocidades Automatic Eco \/ Surface.<br \/>\n&#8211; BATER\u00cdA EXTRA\u00cdBLE DE ALTO RENDIMIENTO: con 18 V de potencia y 5 celdas, dise\u00f1ada para ofrecer una gran autonom\u00eda de hasta 45 minutos en modo eco.<br \/>\n&#8211; SIN CABLE Y LIGERA: mu\u00e9vete libremente por toda la casa gracias a su dise\u00f1o ligero y compacto, que permite limpiar c\u00f3modamente todos los rincones del hogar.<br \/>\n&#8211; MODO BOOST CON GATILLO: activa una succi\u00f3n extra potente al presionar el gatillo Boost, ideal para eliminar suciedad incrustada en alfombras, esquinas o superficies dif\u00edciles. Potencia m\u00e1xima justo cuando la necesitas.<br \/>\n&#8211; POSICI\u00d3N STOP &amp; GO: el tubo y el cepillo se mantienen de pie, facilitando el uso de la aspiradora sin el pie y permitiendo que quede en posici\u00f3n parking.<br \/>\n&#8211; DISE\u00d1O DESMONTABLE Y F\u00c1CIL DE LIMPIAR: se desmonta en tres partes; el dep\u00f3sito de suciedad puede lavarse con agua para mantener la aspiradora limpia y lista cada d\u00eda con el m\u00ednimo esfuerzo.<br \/>\n&#8211; ACCESORIOS INCLUIDOS: cepillo para sof\u00e1s y camas, boquilla para ranuras, dos cepillos para superficies delicadas y base de pared para cargar y guardar la aspiradora.<br \/>\n&#8211; CARGA R\u00c1PIDA Y FLEXIBLE: se puede cargar directamente o con la base montada en la pared; la bater\u00eda se carga completamente en solo 4 horas.<\/p>\n","protected":false},"excerpt":{"rendered":"<p>Rowenta XPert 6.60 &#8211; Aspiradora escoba vers\u00e1til sin cable, con 3 funciones en 1 multiespacios, bater\u00eda de litio, 2 velocidades, gatillo Boost, ligero y portatil, Lila RH6838<br \/>\n#Publicidad <span class=\"read-more\"><a class=\"more-link btn btn-transparent\" href=\"https:\/\/rockkofertas.com.es\/index.php\/producto\/b09c6j3z9f-2\/\">Leer m\u00e1s&#8230;<\/a><\/span><\/p>\n","protected":false},"featured_media":7402,"comment_status":"open","ping_status":"closed","template":"","meta":[],"product_cat":[15],"product_tag":[],"class_list":{"0":"post-7403","1":"product","2":"type-product","3":"status-publish","4":"has-post-thumbnail","6":"product_cat-sin-categorizar","8":"first","9":"instock","10":"shipping-taxable","11":"product-type-external"},"_links":{"self":[{"href":"https:\/\/rockkofertas.com.es\/index.php\/wp-json\/wp\/v2\/product\/7403","targetHints":{"allow":["GET"]}}],"collection":[{"href":"https:\/\/rockkofertas.com.es\/index.php\/wp-json\/wp\/v2\/product"}],"about":[{"href":"https:\/\/rockkofertas.com.es\/index.php\/wp-json\/wp\/v2\/types\/product"}],"replies":[{"embeddable":true,"href":"https:\/\/rockkofertas.com.es\/index.php\/wp-json\/wp\/v2\/comments?post=7403"}],"wp:featuredmedia":[{"embeddable":true,"href":"https:\/\/rockkofertas.com.es\/index.php\/wp-json\/wp\/v2\/media\/7402"}],"wp:attachment":[{"href":"https:\/\/rockkofertas.com.es\/index.php\/wp-json\/wp\/v2\/media?parent=7403"}],"wp:term":[{"taxonomy":"product_cat","embeddable":true,"href":"https:\/\/rockkofertas.com.es\/index.php\/wp-json\/wp\/v2\/product_cat?post=7403"},{"taxonomy":"product_tag","embeddable":true,"href":"https:\/\/rockkofertas.com.es\/index.php\/wp-json\/wp\/v2\/product_tag?post=7403"}],"curies":[{"name":"wp","href":"https:\/\/api.w.org\/{rel}","templated":true}]}}