{"id":7401,"date":"2025-11-28T00:01:37","date_gmt":"2025-11-28T00:01:37","guid":{"rendered":"https:\/\/rockkofertas.com.es\/index.php\/producto\/b0c1t35zx1\/"},"modified":"2025-11-28T00:01:37","modified_gmt":"2025-11-28T00:01:37","slug":"b0c1t35zx1","status":"publish","type":"product","link":"https:\/\/rockkofertas.com.es\/index.php\/producto\/b0c1t35zx1\/","title":{"rendered":"B0C1T35ZX1"},"content":{"rendered":"<p>&#8211; IC\u00d3NICO Y ATEMPORAL: Este bolso con correa original de Tommy Hilfiger destaca por su dise\u00f1o atemporal. Llaman la atenci\u00f3n las correas crossbody para el hombro ajustables y los detalles distintivos de Tommy Hilfiger.<br \/>\n&#8211; PR\u00c1CTICO Y ELEGANTE: Gracias a su tama\u00f1o perfecto, el bolso tipo bandolera es superpopular. Adem\u00e1s, dispone de un compartimento principal con cremallera que permite guardar tus objetos personales de manera segura.<br \/>\n&#8211; PARA CUALQUIER OCASI\u00d3N: El bolso de dise\u00f1o minimalista combina a la perfecci\u00f3n con cualquier estilo. Gracias a su dise\u00f1o sencillo pero elegante, puedes usar el bolso crossbody en tu tiempo de ocio, de viaje o para salir de noche.<br \/>\n&#8211; MATERIAL Y DIMENSIONES: Bolso fabricado en 90 % nailon, 5 % poli\u00e9ster y 5 % poliuretano. Dimensiones del bolso 21 x 5 x 17 cm.<br \/>\n&#8211; CALIDAD DEMOSTRADA: Desde 1985, esta marca de dise\u00f1ador lleva demostrando por todo el mundo la calidad y la ligereza mediante una gran variedad de dise\u00f1os en los m\u00edticos colores azul oscuro, blanco y rojo.<\/p>\n","protected":false},"excerpt":{"rendered":"<p>Tommy Hilfiger Bolso bandolera Mujer Poppy Crossover con correa para el hombro, Negro (Black), Talla \u00danica<br \/>\n#Publicidad <span class=\"read-more\"><a class=\"more-link btn btn-transparent\" href=\"https:\/\/rockkofertas.com.es\/index.php\/producto\/b0c1t35zx1\/\">Leer m\u00e1s&#8230;<\/a><\/span><\/p>\n","protected":false},"featured_media":7400,"comment_status":"open","ping_status":"closed","template":"","meta":[],"product_cat":[15],"product_tag":[],"class_list":{"0":"post-7401","1":"product","2":"type-product","3":"status-publish","4":"has-post-thumbnail","6":"product_cat-sin-categorizar","8":"first","9":"instock","10":"shipping-taxable","11":"product-type-external"},"_links":{"self":[{"href":"https:\/\/rockkofertas.com.es\/index.php\/wp-json\/wp\/v2\/product\/7401","targetHints":{"allow":["GET"]}}],"collection":[{"href":"https:\/\/rockkofertas.com.es\/index.php\/wp-json\/wp\/v2\/product"}],"about":[{"href":"https:\/\/rockkofertas.com.es\/index.php\/wp-json\/wp\/v2\/types\/product"}],"replies":[{"embeddable":true,"href":"https:\/\/rockkofertas.com.es\/index.php\/wp-json\/wp\/v2\/comments?post=7401"}],"wp:featuredmedia":[{"embeddable":true,"href":"https:\/\/rockkofertas.com.es\/index.php\/wp-json\/wp\/v2\/media\/7400"}],"wp:attachment":[{"href":"https:\/\/rockkofertas.com.es\/index.php\/wp-json\/wp\/v2\/media?parent=7401"}],"wp:term":[{"taxonomy":"product_cat","embeddable":true,"href":"https:\/\/rockkofertas.com.es\/index.php\/wp-json\/wp\/v2\/product_cat?post=7401"},{"taxonomy":"product_tag","embeddable":true,"href":"https:\/\/rockkofertas.com.es\/index.php\/wp-json\/wp\/v2\/product_tag?post=7401"}],"curies":[{"name":"wp","href":"https:\/\/api.w.org\/{rel}","templated":true}]}}