{"id":7399,"date":"2025-11-27T20:00:43","date_gmt":"2025-11-27T20:00:43","guid":{"rendered":"https:\/\/rockkofertas.com.es\/index.php\/producto\/b078jnzs9t\/"},"modified":"2025-11-27T20:00:43","modified_gmt":"2025-11-27T20:00:43","slug":"b078jnzs9t","status":"publish","type":"product","link":"https:\/\/rockkofertas.com.es\/index.php\/producto\/b078jnzs9t\/","title":{"rendered":"B078JNZS9T"},"content":{"rendered":"<p>&#8211; El juego de cuchillos Arcos Serie Universal se compone de 3 cuchillos b\u00e1sicos y muy necesarios en cualquier cocina. Un set estrella para realizar diferentes tipos de corte en pescados, carnes, frutas y verduras. Se encuentran presentados en un bello estuche de interior rojo. Los tres cuchillos est\u00e1n finamente dise\u00f1ados para adaptarse a cualquier tipo de mano.<br \/>\n&#8211; PRECISI\u00d3N Y DURABILIDAD: Este cuchillo est\u00e1 fabricado con una t\u00e9cnica patentada por Arcos llamada Nitrum, que proporciona una mayor durabilidad, dureza y una alta precisi\u00f3n de corte. Es el resultado de dar forma al acero inoxidable con nitr\u00f3geno para obtener una herramienta potente y ultrarresistente.<br \/>\n&#8211; DISE\u00d1O CL\u00c1SICO Y SEGURO: Manilla dise\u00f1ada para un uso diario sin perder el dise\u00f1o, donde predominan las l\u00ed\u00adneas rectas con grandes contrastes formales y de color. Est\u00e1 hecho de polioximetileno (POM) por lo que es altamente resistente a los detergentes y a las temperaturas extremas. Se puede limpiar con productos qu\u00ed\u00admicos y es apto para lavavajillas.<br \/>\n&#8211; DIMENSIONES: Cuchillo cocinero: 205 mm de largo. Hoja: 105 mm | 4 pulgadas. Cuchillo de cocina: 265 mm de longitud. Hoja: 150mm | 6 pulgadas. Cuchillo de chef con alveolos: 323 mm de longitud. Hoja: 200mm | 8 pulgadas.<br \/>\n&#8211; ARCOS: Una empresa familiar con un legado artesanal que se remonta a 1734. Casi tres siglos de investigaci\u00f3n y mejora continua de nuestros productos hacen de Arcos un referente internacional en el sector de la cuchiller\u00ed\u00ada. Desde Albacete, Espa\u00f1a, producimos cada a\u00f1o 11.000.000 de cuchillos que combinan conocimiento, dise\u00f1o e innovaci\u00f3n para alcanzar los m\u00e1s altos est\u00e1ndares de calidad. Distribuimos nuestras piezas \u00ed\u00banicas en m\u00e1s de 70 pa\u00ed\u00adses de todo el mundo.<\/p>\n","protected":false},"excerpt":{"rendered":"<p>ARCOS Estuche de 3 Cuchillos B\u00e1sicos de Cocina. Pack de Cuchillos con Hoja de Acero Inoxidable y Mango de Polieximetileno Aptos para Lavavajillas. Serie Universal. Color Negro<br \/>\n#Publicidad <span class=\"read-more\"><a class=\"more-link btn btn-transparent\" href=\"https:\/\/rockkofertas.com.es\/index.php\/producto\/b078jnzs9t\/\">Leer m\u00e1s&#8230;<\/a><\/span><\/p>\n","protected":false},"featured_media":7398,"comment_status":"open","ping_status":"closed","template":"","meta":[],"product_cat":[15],"product_tag":[],"class_list":{"0":"post-7399","1":"product","2":"type-product","3":"status-publish","4":"has-post-thumbnail","6":"product_cat-sin-categorizar","8":"first","9":"instock","10":"shipping-taxable","11":"product-type-external"},"_links":{"self":[{"href":"https:\/\/rockkofertas.com.es\/index.php\/wp-json\/wp\/v2\/product\/7399","targetHints":{"allow":["GET"]}}],"collection":[{"href":"https:\/\/rockkofertas.com.es\/index.php\/wp-json\/wp\/v2\/product"}],"about":[{"href":"https:\/\/rockkofertas.com.es\/index.php\/wp-json\/wp\/v2\/types\/product"}],"replies":[{"embeddable":true,"href":"https:\/\/rockkofertas.com.es\/index.php\/wp-json\/wp\/v2\/comments?post=7399"}],"wp:featuredmedia":[{"embeddable":true,"href":"https:\/\/rockkofertas.com.es\/index.php\/wp-json\/wp\/v2\/media\/7398"}],"wp:attachment":[{"href":"https:\/\/rockkofertas.com.es\/index.php\/wp-json\/wp\/v2\/media?parent=7399"}],"wp:term":[{"taxonomy":"product_cat","embeddable":true,"href":"https:\/\/rockkofertas.com.es\/index.php\/wp-json\/wp\/v2\/product_cat?post=7399"},{"taxonomy":"product_tag","embeddable":true,"href":"https:\/\/rockkofertas.com.es\/index.php\/wp-json\/wp\/v2\/product_tag?post=7399"}],"curies":[{"name":"wp","href":"https:\/\/api.w.org\/{rel}","templated":true}]}}