{"id":7391,"date":"2025-11-27T16:01:02","date_gmt":"2025-11-27T16:01:02","guid":{"rendered":"https:\/\/rockkofertas.com.es\/index.php\/producto\/b0bs1wcg38\/"},"modified":"2025-11-27T16:01:02","modified_gmt":"2025-11-27T16:01:02","slug":"b0bs1wcg38","status":"publish","type":"product","link":"https:\/\/rockkofertas.com.es\/index.php\/producto\/b0bs1wcg38\/","title":{"rendered":"B0BS1WCG38"},"content":{"rendered":"<p>&#8211; Elimina hasta un 100 % m\u00e1s de placa, incluso en las zonas de dif\u00edcil acceso, para unas enc\u00edas m\u00e1s sanas en comparaci\u00f3n con un cepillo manual con la tecnolog\u00eda 3 en 1 de limpieza profunda de Oral-B<br \/>\n&#8211; Protege tus enc\u00edas con el modo especial de Sensitive Clean para zonas sensibles y el control de presi\u00f3n sobre las enc\u00edas VISIBLE 360\u00ba que se enciende cuando te cepillas con demasiada fuerza<br \/>\n&#8211; Maximiza el rendimiento de limpieza con tres modos de limpieza f\u00e1ciles de usar + temporizador de cuadrante integrado en el mango que te avisa cada 30 segundos para cambiar la zona de cepillado<br \/>\n&#8211; Personaliza tu limpieza con los cabezales Oral-B, disponibles seg\u00fan tus necesidades personales: p. ej., limpieza profunda, limpieza suave o blanqueamiento<br \/>\n&#8211; Los cabezales redondos de Oral-B llegan donde los cepillos manuales rectangulares no. Disfruta de una mejor limpieza de la mano de la marca n.\u00ba 1 m\u00e1s usada por dentistas en todo el mundo<br \/>\n&#8211; Benef\u00edciate de la tecnolog\u00eda de bater\u00eda mejorada de Oral-B frente a la Oral-B Vitality con indicador de carga LED que indica cu\u00e1ndo necesitas cargar la bater\u00eda<br \/>\n&#8211; Cambia a los cepillos de dientes el\u00e9ctricos de Oral-B f\u00e1ciles de usar. Ofrecemos garant\u00eda de devoluci\u00f3n del dinero durante 30 d\u00edas (t\u00e9rminos y condiciones y canjes en el sitio web de Oral-B)<br \/>\n&#8211; Oral-B es la marca n.\u00ba 1 m\u00e1s usada por dentistas en todo el mundo. Resultados cl\u00ednicamente probados<\/p>\n","protected":false},"excerpt":{"rendered":"<p>Oral-B Pro 3 Cepillo de Dientes El\u00e9ctrico Negro con Mango Recargable y 3 Cabezales, 3 Modos De Cepillado Con Modo Sensible, Temporizador, Dise\u00f1ado por Braun, Regalos Originales para Mujer y Hombre<br \/>\n#Publicidad <span class=\"read-more\"><a class=\"more-link btn btn-transparent\" href=\"https:\/\/rockkofertas.com.es\/index.php\/producto\/b0bs1wcg38\/\">Leer m\u00e1s&#8230;<\/a><\/span><\/p>\n","protected":false},"featured_media":7390,"comment_status":"open","ping_status":"closed","template":"","meta":[],"product_cat":[15],"product_tag":[],"class_list":{"0":"post-7391","1":"product","2":"type-product","3":"status-publish","4":"has-post-thumbnail","6":"product_cat-sin-categorizar","8":"first","9":"instock","10":"shipping-taxable","11":"product-type-external"},"_links":{"self":[{"href":"https:\/\/rockkofertas.com.es\/index.php\/wp-json\/wp\/v2\/product\/7391","targetHints":{"allow":["GET"]}}],"collection":[{"href":"https:\/\/rockkofertas.com.es\/index.php\/wp-json\/wp\/v2\/product"}],"about":[{"href":"https:\/\/rockkofertas.com.es\/index.php\/wp-json\/wp\/v2\/types\/product"}],"replies":[{"embeddable":true,"href":"https:\/\/rockkofertas.com.es\/index.php\/wp-json\/wp\/v2\/comments?post=7391"}],"wp:featuredmedia":[{"embeddable":true,"href":"https:\/\/rockkofertas.com.es\/index.php\/wp-json\/wp\/v2\/media\/7390"}],"wp:attachment":[{"href":"https:\/\/rockkofertas.com.es\/index.php\/wp-json\/wp\/v2\/media?parent=7391"}],"wp:term":[{"taxonomy":"product_cat","embeddable":true,"href":"https:\/\/rockkofertas.com.es\/index.php\/wp-json\/wp\/v2\/product_cat?post=7391"},{"taxonomy":"product_tag","embeddable":true,"href":"https:\/\/rockkofertas.com.es\/index.php\/wp-json\/wp\/v2\/product_tag?post=7391"}],"curies":[{"name":"wp","href":"https:\/\/api.w.org\/{rel}","templated":true}]}}