{"id":7387,"date":"2025-11-27T08:54:54","date_gmt":"2025-11-27T08:54:54","guid":{"rendered":"https:\/\/rockkofertas.com.es\/index.php\/producto\/b0fpmf3ty9-2\/"},"modified":"2025-11-27T08:54:54","modified_gmt":"2025-11-27T08:54:54","slug":"b0fpmf3ty9-2","status":"publish","type":"product","link":"https:\/\/rockkofertas.com.es\/index.php\/producto\/b0fpmf3ty9-2\/","title":{"rendered":"B0FPMF3TY9"},"content":{"rendered":"<p>&#8211; \ud83d\udd25\u3010Potente n\u00facleo de rendimiento\u3011El S3 cuenta con el sistema Android 15 Gemini AI recientemente actualizado, junto con un avanzado procesador octa-core. Optimiza de forma inteligente la asignaci\u00f3n de recursos del sistema en funci\u00f3n de tus h\u00e1bitos de uso, lo que garantiza una multitarea fluida para una experiencia inteligente extraordinaria. (Gemini AI requiere una instalaci\u00f3n independiente)<br \/>\n&#8211; \ud83d\udd25\u3010Amplio almacenamiento\u3011 esta tableta Android ofrece 30 GB de RAM + 64 GB de ROM (ampliable hasta 2 TB), lo que garantiza un inicio r\u00e1pido de las aplicaciones y un funcionamiento fluido. Google Play preinstalado permite descargar f\u00e1cilmente las aplicaciones esenciales (no admite tarjetas SIM).<br \/>\n&#8211; \ud83d\udd25\u3010Pantalla IPS HD + Certificaci\u00f3n Widevine L1\u3011la tableta de 10,1 pulgadas cuenta con una pantalla IPS FHD con una resoluci\u00f3n de 1280 x 800, que ofrece amplios \u00e1ngulos de visi\u00f3n y im\u00e1genes n\u00edtidas. Admite streaming Full HD fluido en plataformas como Prime Video.<br \/>\n&#8211; \ud83d\udd25\u3010Bater\u00eda de 6000 mAh + teclado y rat\u00f3n\u3011 equipada con una bater\u00eda de larga duraci\u00f3n de 6000 mAh, esta tableta con rat\u00f3n y teclado es ideal para ver pel\u00edculas durante largos periodos de tiempo, trabajar en la oficina o realizar proyectos creativos.<br \/>\n&#8211; \ud83d\udd25\u3010C\u00e1mara dual + Wi-Fi de doble banda\u3011nuestra tableta cuenta con una configuraci\u00f3n de c\u00e1mara dual de 5 MP + 8 MP para videollamadas en alta definici\u00f3n y altavoces est\u00e9reo duales. Es compatible con Wi-Fi de doble banda de 2,4 GHz\/5 GHz, Bluetooth 5.0, adem\u00e1s de desbloqueo facial, multitarea en pantalla dividida y duplicaci\u00f3n de pantalla inal\u00e1mbrica.<\/p>\n","protected":false},"excerpt":{"rendered":"<p>SUAAT Android 15 Tablet 10 Pulgadas, 30GB RAM+2TB TF, Widevine L1,Gemini AI, 6000mAh Bater\u00eda, Tablet WiFi 6\/8MP+5MP\/Octa Core\/GMS Certified\/BT5.0,Incluye rat\u00f3n + Teclado + Funda Protectora-Azul<br \/>#Publicidad <span class=\"read-more\"><a class=\"more-link btn btn-transparent\" href=\"https:\/\/rockkofertas.com.es\/index.php\/producto\/b0fpmf3ty9-2\/\">Leer m\u00e1s&#8230;<\/a><\/span><\/p>\n","protected":false},"featured_media":7386,"comment_status":"open","ping_status":"closed","template":"","meta":[],"product_cat":[15],"product_tag":[],"class_list":{"0":"post-7387","1":"product","2":"type-product","3":"status-publish","4":"has-post-thumbnail","6":"product_cat-sin-categorizar","8":"first","9":"instock","10":"shipping-taxable","11":"product-type-external"},"_links":{"self":[{"href":"https:\/\/rockkofertas.com.es\/index.php\/wp-json\/wp\/v2\/product\/7387","targetHints":{"allow":["GET"]}}],"collection":[{"href":"https:\/\/rockkofertas.com.es\/index.php\/wp-json\/wp\/v2\/product"}],"about":[{"href":"https:\/\/rockkofertas.com.es\/index.php\/wp-json\/wp\/v2\/types\/product"}],"replies":[{"embeddable":true,"href":"https:\/\/rockkofertas.com.es\/index.php\/wp-json\/wp\/v2\/comments?post=7387"}],"wp:featuredmedia":[{"embeddable":true,"href":"https:\/\/rockkofertas.com.es\/index.php\/wp-json\/wp\/v2\/media\/7386"}],"wp:attachment":[{"href":"https:\/\/rockkofertas.com.es\/index.php\/wp-json\/wp\/v2\/media?parent=7387"}],"wp:term":[{"taxonomy":"product_cat","embeddable":true,"href":"https:\/\/rockkofertas.com.es\/index.php\/wp-json\/wp\/v2\/product_cat?post=7387"},{"taxonomy":"product_tag","embeddable":true,"href":"https:\/\/rockkofertas.com.es\/index.php\/wp-json\/wp\/v2\/product_tag?post=7387"}],"curies":[{"name":"wp","href":"https:\/\/api.w.org\/{rel}","templated":true}]}}