{"id":7383,"date":"2025-11-27T08:00:50","date_gmt":"2025-11-27T08:00:50","guid":{"rendered":"https:\/\/rockkofertas.com.es\/index.php\/producto\/b00o9s7mbe\/"},"modified":"2025-11-27T08:00:50","modified_gmt":"2025-11-27T08:00:50","slug":"b00o9s7mbe","status":"publish","type":"product","link":"https:\/\/rockkofertas.com.es\/index.php\/producto\/b00o9s7mbe\/","title":{"rendered":"B00O9S7MBE"},"content":{"rendered":"<p>&#8211; Convector CV 2300 A de Orbegozo con dise\u00f1o en color blanco con el que calentarte en \u00e9pocas de fr\u00edo<br \/>\n&#8211; Dispone de 3 niveles de potencia: 750 W, 1250 W y 2000 W, con termostato regulable para que puedas seleccionar la temperatura a tu gusto en cada momento<br \/>\n&#8211; Incorpora fusible de seguridad que evita el sobrecalentamiento del aparato garantizando una tranquilidad total durante su uso<br \/>\n&#8211; Asas de transporte que facilitan su uso y manejabilidad y piloto luminoso de encendido con el que estar al tanto del funcionamiento del aparato en todo momento<br \/>\n&#8211; Dimensiones: 52.5 x 39 x 20 cm<\/p>\n","protected":false},"excerpt":{"rendered":"<p>Orbegozo CV 2300, Radiador el\u00e9ctrico bajo consumo, convector, 2000 W, 3 niveles de potencia, termostato regulable, interruptor luminoso, protecci\u00f3n contra sobrecalentamiento, silencioso, color blanco<br \/>\n#Publicidad <span class=\"read-more\"><a class=\"more-link btn btn-transparent\" href=\"https:\/\/rockkofertas.com.es\/index.php\/producto\/b00o9s7mbe\/\">Leer m\u00e1s&#8230;<\/a><\/span><\/p>\n","protected":false},"featured_media":7382,"comment_status":"open","ping_status":"closed","template":"","meta":[],"product_cat":[15],"product_tag":[],"class_list":{"0":"post-7383","1":"product","2":"type-product","3":"status-publish","4":"has-post-thumbnail","6":"product_cat-sin-categorizar","8":"first","9":"instock","10":"shipping-taxable","11":"product-type-external"},"_links":{"self":[{"href":"https:\/\/rockkofertas.com.es\/index.php\/wp-json\/wp\/v2\/product\/7383","targetHints":{"allow":["GET"]}}],"collection":[{"href":"https:\/\/rockkofertas.com.es\/index.php\/wp-json\/wp\/v2\/product"}],"about":[{"href":"https:\/\/rockkofertas.com.es\/index.php\/wp-json\/wp\/v2\/types\/product"}],"replies":[{"embeddable":true,"href":"https:\/\/rockkofertas.com.es\/index.php\/wp-json\/wp\/v2\/comments?post=7383"}],"wp:featuredmedia":[{"embeddable":true,"href":"https:\/\/rockkofertas.com.es\/index.php\/wp-json\/wp\/v2\/media\/7382"}],"wp:attachment":[{"href":"https:\/\/rockkofertas.com.es\/index.php\/wp-json\/wp\/v2\/media?parent=7383"}],"wp:term":[{"taxonomy":"product_cat","embeddable":true,"href":"https:\/\/rockkofertas.com.es\/index.php\/wp-json\/wp\/v2\/product_cat?post=7383"},{"taxonomy":"product_tag","embeddable":true,"href":"https:\/\/rockkofertas.com.es\/index.php\/wp-json\/wp\/v2\/product_tag?post=7383"}],"curies":[{"name":"wp","href":"https:\/\/api.w.org\/{rel}","templated":true}]}}