{"id":7381,"date":"2025-11-27T04:00:46","date_gmt":"2025-11-27T04:00:46","guid":{"rendered":"https:\/\/rockkofertas.com.es\/index.php\/producto\/b002s0nk48\/"},"modified":"2025-11-27T04:00:46","modified_gmt":"2025-11-27T04:00:46","slug":"b002s0nk48","status":"publish","type":"product","link":"https:\/\/rockkofertas.com.es\/index.php\/producto\/b002s0nk48\/","title":{"rendered":"B002S0NK48"},"content":{"rendered":"<p>&#8211; Guitarra cl\u00e1sica con cuerdas de nylon tama\u00f1o junior<br \/>\n&#8211; adecuado para ni\u00f1os de 3 a 7 a\u00f1os o m\u00e1s<br \/>\n&#8211; incluye funda de transporte<br \/>\n&#8211; Incluye acceso a clases gratuitas en l\u00ednea<\/p>\n","protected":false},"excerpt":{"rendered":"<p>Music Alley MA-51 &#8211; Guitarra junior<br \/>\n#Publicidad <span class=\"read-more\"><a class=\"more-link btn btn-transparent\" href=\"https:\/\/rockkofertas.com.es\/index.php\/producto\/b002s0nk48\/\">Leer m\u00e1s&#8230;<\/a><\/span><\/p>\n","protected":false},"featured_media":7380,"comment_status":"open","ping_status":"closed","template":"","meta":[],"product_cat":[15],"product_tag":[],"class_list":{"0":"post-7381","1":"product","2":"type-product","3":"status-publish","4":"has-post-thumbnail","6":"product_cat-sin-categorizar","8":"first","9":"instock","10":"shipping-taxable","11":"product-type-external"},"_links":{"self":[{"href":"https:\/\/rockkofertas.com.es\/index.php\/wp-json\/wp\/v2\/product\/7381","targetHints":{"allow":["GET"]}}],"collection":[{"href":"https:\/\/rockkofertas.com.es\/index.php\/wp-json\/wp\/v2\/product"}],"about":[{"href":"https:\/\/rockkofertas.com.es\/index.php\/wp-json\/wp\/v2\/types\/product"}],"replies":[{"embeddable":true,"href":"https:\/\/rockkofertas.com.es\/index.php\/wp-json\/wp\/v2\/comments?post=7381"}],"wp:featuredmedia":[{"embeddable":true,"href":"https:\/\/rockkofertas.com.es\/index.php\/wp-json\/wp\/v2\/media\/7380"}],"wp:attachment":[{"href":"https:\/\/rockkofertas.com.es\/index.php\/wp-json\/wp\/v2\/media?parent=7381"}],"wp:term":[{"taxonomy":"product_cat","embeddable":true,"href":"https:\/\/rockkofertas.com.es\/index.php\/wp-json\/wp\/v2\/product_cat?post=7381"},{"taxonomy":"product_tag","embeddable":true,"href":"https:\/\/rockkofertas.com.es\/index.php\/wp-json\/wp\/v2\/product_tag?post=7381"}],"curies":[{"name":"wp","href":"https:\/\/api.w.org\/{rel}","templated":true}]}}