{"id":7379,"date":"2025-11-27T00:00:50","date_gmt":"2025-11-27T00:00:50","guid":{"rendered":"https:\/\/rockkofertas.com.es\/index.php\/producto\/b08cvryk3p\/"},"modified":"2025-11-27T00:00:50","modified_gmt":"2025-11-27T00:00:50","slug":"b08cvryk3p","status":"publish","type":"product","link":"https:\/\/rockkofertas.com.es\/index.php\/producto\/b08cvryk3p\/","title":{"rendered":"B08CVRYK3P"},"content":{"rendered":"<p>&#8211; \ud83d\udc49 PETTI Artigiani Italiani &#8211; Mantel Antimanchas para Mesa de Cocina con Impresi\u00f3n Digital en Alta Definici\u00f3n 4K<br \/>\n&#8211; \ud83d\udc49 El mantel o protector de mesa no solo protege la superficie de tu mesa contra ara\u00f1azos y manchas, sino que tambi\u00e9n aporta un toque de alegr\u00eda y frescura a tu cocina o comedor gracias a nuestras impresiones digitales 4K en alta definici\u00f3n, \u00fanicas y originales.<br \/>\n&#8211; \ud83d\udc49 Contenido del paquete: 1 mantel rectangular para 12 personas (140&#215;240 cm)<br \/>\n&#8211; \ud83d\udc49 Tejido: 100 % microfibra \u2013 Fabricaci\u00f3n: 100 % Made in Italy<br \/>\n&#8211; \ud83d\udc49 Se recomienda lavado a mano con esponja y detergente l\u00edquido<\/p>\n","protected":false},"excerpt":{"rendered":"<p>PETTI ARTIGIANI ITALIANI &#8211; Mantel Antimanchas Rectangular (140 x 240 cm) Protector de Mesa de Cocina, Dise\u00f1o Mariposas, 12 Plazas, 100% Fabricado en Italia<br \/>\n#Publicidad <span class=\"read-more\"><a class=\"more-link btn btn-transparent\" href=\"https:\/\/rockkofertas.com.es\/index.php\/producto\/b08cvryk3p\/\">Leer m\u00e1s&#8230;<\/a><\/span><\/p>\n","protected":false},"featured_media":7378,"comment_status":"open","ping_status":"closed","template":"","meta":[],"product_cat":[15],"product_tag":[],"class_list":{"0":"post-7379","1":"product","2":"type-product","3":"status-publish","4":"has-post-thumbnail","6":"product_cat-sin-categorizar","8":"first","9":"instock","10":"shipping-taxable","11":"product-type-external"},"_links":{"self":[{"href":"https:\/\/rockkofertas.com.es\/index.php\/wp-json\/wp\/v2\/product\/7379","targetHints":{"allow":["GET"]}}],"collection":[{"href":"https:\/\/rockkofertas.com.es\/index.php\/wp-json\/wp\/v2\/product"}],"about":[{"href":"https:\/\/rockkofertas.com.es\/index.php\/wp-json\/wp\/v2\/types\/product"}],"replies":[{"embeddable":true,"href":"https:\/\/rockkofertas.com.es\/index.php\/wp-json\/wp\/v2\/comments?post=7379"}],"wp:featuredmedia":[{"embeddable":true,"href":"https:\/\/rockkofertas.com.es\/index.php\/wp-json\/wp\/v2\/media\/7378"}],"wp:attachment":[{"href":"https:\/\/rockkofertas.com.es\/index.php\/wp-json\/wp\/v2\/media?parent=7379"}],"wp:term":[{"taxonomy":"product_cat","embeddable":true,"href":"https:\/\/rockkofertas.com.es\/index.php\/wp-json\/wp\/v2\/product_cat?post=7379"},{"taxonomy":"product_tag","embeddable":true,"href":"https:\/\/rockkofertas.com.es\/index.php\/wp-json\/wp\/v2\/product_tag?post=7379"}],"curies":[{"name":"wp","href":"https:\/\/api.w.org\/{rel}","templated":true}]}}