{"id":7375,"date":"2025-11-26T22:48:00","date_gmt":"2025-11-26T22:48:00","guid":{"rendered":"https:\/\/rockkofertas.com.es\/index.php\/producto\/b094qzmm69\/"},"modified":"2025-11-26T22:48:00","modified_gmt":"2025-11-26T22:48:00","slug":"b094qzmm69","status":"publish","type":"product","link":"https:\/\/rockkofertas.com.es\/index.php\/producto\/b094qzmm69\/","title":{"rendered":"B094QZMM69"},"content":{"rendered":"<p>&#8211; Exclusivo de Amazon<br \/>\n&#8211; Esta unidad externa incluye un cable USB que funciona sin problemas con ordenadores port\u00e1tiles Windows, Mac y Chromebook (adquiera el adaptador por separado para usarlo con ordenadores con USB-C, Puede ser necesario reformatear para usarla con Time Machine)<br \/>\n&#8211; Esta unidad de disco duro externa port\u00e1til es el complemento perfecto para su estilo personal gracias a su carcasa minimalista de metal pulido<br \/>\n&#8211; Con una capacidad de hasta 5 TB podr\u00e1 conservar todos sus recuerdos en un solo lugar: solo tiene que enchufarla a trav\u00e9s del USB 3,0 para hacer una copia de seguridad con un solo clic o programar copias de seguridad autom\u00e1ticas diarias, semanales o mensuales<br \/>\n&#8211; Organice sus fotos con una suscripci\u00f3n gratuita a Mylio Photos y disfrute de las copias de seguridad con una prueba gratuita del plan Dropbox Backup, (Se debe canjear en un plazo de un a\u00f1o a partir del registro de la unidad, No est\u00e1 disponible en todos los pa\u00edses, Las suscripciones de prueba est\u00e1n sujetas a cambios por parte del proveedor o de las condiciones, Consulte el embalaje de la unidad para ver la oferta oficial)<br \/>\n&#8211; Disfrute de una tranquilidad a largo plazo con la garant\u00eda limitada incluida y el plan Rescue Data Recovery Services para la recuperaci\u00f3n de datos<\/p>\n","protected":false},"excerpt":{"rendered":"<p>Seagate One Touch 2TB, con protteci\u00f3n de contrase\u00f1a, disco duro externo port\u00e1til, PC, port\u00e1til y Mac, USB 3.0, Space Gray, incl. Rescue Services (STKY2000404)<br \/>#Publicidad <span class=\"read-more\"><a class=\"more-link btn btn-transparent\" href=\"https:\/\/rockkofertas.com.es\/index.php\/producto\/b094qzmm69\/\">Leer m\u00e1s&#8230;<\/a><\/span><\/p>\n","protected":false},"featured_media":7374,"comment_status":"open","ping_status":"closed","template":"","meta":[],"product_cat":[15],"product_tag":[],"class_list":{"0":"post-7375","1":"product","2":"type-product","3":"status-publish","4":"has-post-thumbnail","6":"product_cat-sin-categorizar","8":"first","9":"instock","10":"shipping-taxable","11":"product-type-external"},"_links":{"self":[{"href":"https:\/\/rockkofertas.com.es\/index.php\/wp-json\/wp\/v2\/product\/7375","targetHints":{"allow":["GET"]}}],"collection":[{"href":"https:\/\/rockkofertas.com.es\/index.php\/wp-json\/wp\/v2\/product"}],"about":[{"href":"https:\/\/rockkofertas.com.es\/index.php\/wp-json\/wp\/v2\/types\/product"}],"replies":[{"embeddable":true,"href":"https:\/\/rockkofertas.com.es\/index.php\/wp-json\/wp\/v2\/comments?post=7375"}],"wp:featuredmedia":[{"embeddable":true,"href":"https:\/\/rockkofertas.com.es\/index.php\/wp-json\/wp\/v2\/media\/7374"}],"wp:attachment":[{"href":"https:\/\/rockkofertas.com.es\/index.php\/wp-json\/wp\/v2\/media?parent=7375"}],"wp:term":[{"taxonomy":"product_cat","embeddable":true,"href":"https:\/\/rockkofertas.com.es\/index.php\/wp-json\/wp\/v2\/product_cat?post=7375"},{"taxonomy":"product_tag","embeddable":true,"href":"https:\/\/rockkofertas.com.es\/index.php\/wp-json\/wp\/v2\/product_tag?post=7375"}],"curies":[{"name":"wp","href":"https:\/\/api.w.org\/{rel}","templated":true}]}}