{"id":7373,"date":"2025-11-26T22:42:07","date_gmt":"2025-11-26T22:42:07","guid":{"rendered":"https:\/\/rockkofertas.com.es\/index.php\/producto\/b0fq63dvm5\/"},"modified":"2025-11-26T22:42:07","modified_gmt":"2025-11-26T22:42:07","slug":"b0fq63dvm5","status":"publish","type":"product","link":"https:\/\/rockkofertas.com.es\/index.php\/producto\/b0fq63dvm5\/","title":{"rendered":"B0FQ63DVM5"},"content":{"rendered":"<p>&#8211; \ud83c\udf81 SUPER PACK COMPLETO CON ACCESORIOS EXCLUSIVOS Incluye cartera MagSafe compatible desde iPhone 12, protector USB-C, anillo magn\u00e9tico extra mejorado, y protecci\u00f3n RFID. Ideal para el d\u00eda a d\u00eda y viajes.<br \/>\n&#8211; \ud83d\udcf1 COMPATIBLE CON IPHONE 12 Y MODELOS POSTERIORES Dise\u00f1ada para adherirse de forma segura a todos los modelos de iPhone con MagSafe. Aporta comodidad, estilo y m\u00e1xima funcionalidad en un dise\u00f1o compacto.<br \/>\n&#8211; \ud83d\udcb3 CAPACIDAD PARA 3 TARJETAS Y PROTECCI\u00d3N RFID ANTIRROBO Guarda de forma segura hasta 3 tarjetas. Protecci\u00f3n integrada RFID que bloquea se\u00f1ales no deseadas para evitar robos de datos o clonaci\u00f3n contactless.<br \/>\n&#8211; \ud83e\uddf2 INCLUYE ANILLO EXTRA CON IMANTACI\u00d3N SUPERIOR Anillo magn\u00e9tico adicional de alta potencia para mejorar la estabilidad y el agarre en fundas o superficies compatibles. Mejora la experiencia MagSafe.<br \/>\n&#8211; \ud83d\udd0c PROTECTOR USB-C PARA EVITAR POLVO Y DA\u00d1OS EN EL PUERTO El protector de silicona USB-C incluido ayuda a proteger el conector de tu dispositivo frente a polvo, suciedad y humedad. Ideal para mantenerlo como nuevo.<\/p>\n","protected":false},"excerpt":{"rendered":"<p>MAGIM Cartera Magn\u00e9tica para iPhone 12 y Posteriores | 3 Tarjetas + Soporte de Apoyo + Protecci\u00f3n RFID + Anillo Im\u00e1n Extra + Protector USB-C | Tarjetero Minimalista con Accesorios Premium<br \/>#Publicidad <span class=\"read-more\"><a class=\"more-link btn btn-transparent\" href=\"https:\/\/rockkofertas.com.es\/index.php\/producto\/b0fq63dvm5\/\">Leer m\u00e1s&#8230;<\/a><\/span><\/p>\n","protected":false},"featured_media":7372,"comment_status":"open","ping_status":"closed","template":"","meta":[],"product_cat":[15],"product_tag":[],"class_list":{"0":"post-7373","1":"product","2":"type-product","3":"status-publish","4":"has-post-thumbnail","6":"product_cat-sin-categorizar","8":"first","9":"instock","10":"shipping-taxable","11":"product-type-external"},"_links":{"self":[{"href":"https:\/\/rockkofertas.com.es\/index.php\/wp-json\/wp\/v2\/product\/7373","targetHints":{"allow":["GET"]}}],"collection":[{"href":"https:\/\/rockkofertas.com.es\/index.php\/wp-json\/wp\/v2\/product"}],"about":[{"href":"https:\/\/rockkofertas.com.es\/index.php\/wp-json\/wp\/v2\/types\/product"}],"replies":[{"embeddable":true,"href":"https:\/\/rockkofertas.com.es\/index.php\/wp-json\/wp\/v2\/comments?post=7373"}],"wp:featuredmedia":[{"embeddable":true,"href":"https:\/\/rockkofertas.com.es\/index.php\/wp-json\/wp\/v2\/media\/7372"}],"wp:attachment":[{"href":"https:\/\/rockkofertas.com.es\/index.php\/wp-json\/wp\/v2\/media?parent=7373"}],"wp:term":[{"taxonomy":"product_cat","embeddable":true,"href":"https:\/\/rockkofertas.com.es\/index.php\/wp-json\/wp\/v2\/product_cat?post=7373"},{"taxonomy":"product_tag","embeddable":true,"href":"https:\/\/rockkofertas.com.es\/index.php\/wp-json\/wp\/v2\/product_tag?post=7373"}],"curies":[{"name":"wp","href":"https:\/\/api.w.org\/{rel}","templated":true}]}}