{"id":7371,"date":"2025-11-26T22:27:28","date_gmt":"2025-11-26T22:27:28","guid":{"rendered":"https:\/\/rockkofertas.com.es\/index.php\/producto\/b0fzb2q51r-4\/"},"modified":"2025-11-26T22:27:28","modified_gmt":"2025-11-26T22:27:28","slug":"b0fzb2q51r-4","status":"publish","type":"product","link":"https:\/\/rockkofertas.com.es\/index.php\/producto\/b0fzb2q51r-4\/","title":{"rendered":"B0FZB2Q51R"},"content":{"rendered":"<p>&#8211; Joselito &#8211; El Mejor Jam\u00f3n del Mundo<br \/>\n&#8211; El aut\u00e9ntico Jam\u00f3n de Bellota 100% Joselito<br \/>\n&#8211; Jam\u00f3n, Paleta, Chorizo, Salchich\u00f3n, Lomo<br \/>\n&#8211; Paleta &#8211; Jam\u00f3n Regalo<br \/>\n&#8211; Sorprende a tus amigos y familiares, con el mejor jam\u00f3n dle mundo<\/p>\n","protected":false},"excerpt":{"rendered":"<p>Joselito Sobre GR &#8211; Env\u00edo 24 h &#8211; Bl\u00edster del mejor Jam\u00f3n del Mundo Loncheado &#8211; Opci\u00f3n de Nota para Regalo &#8211; Jamon y Paleta ib\u00e9rica de Bellota 100% &#8211; Env\u00edo Cosecha Privada (1 Sobre, Paleta)<br \/>#Publicidad <span class=\"read-more\"><a class=\"more-link btn btn-transparent\" href=\"https:\/\/rockkofertas.com.es\/index.php\/producto\/b0fzb2q51r-4\/\">Leer m\u00e1s&#8230;<\/a><\/span><\/p>\n","protected":false},"featured_media":7370,"comment_status":"open","ping_status":"closed","template":"","meta":[],"product_cat":[15],"product_tag":[],"class_list":{"0":"post-7371","1":"product","2":"type-product","3":"status-publish","4":"has-post-thumbnail","6":"product_cat-sin-categorizar","8":"first","9":"instock","10":"shipping-taxable","11":"product-type-external"},"_links":{"self":[{"href":"https:\/\/rockkofertas.com.es\/index.php\/wp-json\/wp\/v2\/product\/7371","targetHints":{"allow":["GET"]}}],"collection":[{"href":"https:\/\/rockkofertas.com.es\/index.php\/wp-json\/wp\/v2\/product"}],"about":[{"href":"https:\/\/rockkofertas.com.es\/index.php\/wp-json\/wp\/v2\/types\/product"}],"replies":[{"embeddable":true,"href":"https:\/\/rockkofertas.com.es\/index.php\/wp-json\/wp\/v2\/comments?post=7371"}],"wp:featuredmedia":[{"embeddable":true,"href":"https:\/\/rockkofertas.com.es\/index.php\/wp-json\/wp\/v2\/media\/7370"}],"wp:attachment":[{"href":"https:\/\/rockkofertas.com.es\/index.php\/wp-json\/wp\/v2\/media?parent=7371"}],"wp:term":[{"taxonomy":"product_cat","embeddable":true,"href":"https:\/\/rockkofertas.com.es\/index.php\/wp-json\/wp\/v2\/product_cat?post=7371"},{"taxonomy":"product_tag","embeddable":true,"href":"https:\/\/rockkofertas.com.es\/index.php\/wp-json\/wp\/v2\/product_tag?post=7371"}],"curies":[{"name":"wp","href":"https:\/\/api.w.org\/{rel}","templated":true}]}}