{"id":7369,"date":"2025-11-26T22:24:39","date_gmt":"2025-11-26T22:24:39","guid":{"rendered":"https:\/\/rockkofertas.com.es\/index.php\/producto\/b0dmzy31bf\/"},"modified":"2025-11-26T22:24:39","modified_gmt":"2025-11-26T22:24:39","slug":"b0dmzy31bf","status":"publish","type":"product","link":"https:\/\/rockkofertas.com.es\/index.php\/producto\/b0dmzy31bf\/","title":{"rendered":"B0DMZY31BF"},"content":{"rendered":"<p>&#8211; Obtenga una Limpieza m\u00e1s Profunda: el cepillo de dientes el\u00e9ctrico vibra 50 000 veces por minuto, lo que puede limpiar los dientes m\u00e1s a fondo para combatir las caries. Limpieza 10 veces mejor que un cepillo de dientes manual.<br \/>\n&#8211; 5 Modos de Limpieza del Cepillo de Dientes El\u00e9ctrico: Sensible, Limpieza, Blanqueamiento, Pulido, Masaje. Los diferentes modos se adaptan a diferentes necesidades de cuidado bucal. Se recomienda que los nuevos usuarios o principiantes comiencen con el modo sensible.<br \/>\n&#8211; Cepillo de Dientes El\u00e9ctrico Recargable: bater\u00eda de larga duraci\u00f3n; completamente cargado en 3,5 horas, se puede usar durante 90 d\u00edas (usar dos veces al d\u00eda, 2 minutos cada vez).<br \/>\n&#8211; Con 8 Cabezales de Cepillo de Dientes: las cerdas DuPont de alta calidad son suaves con las enc\u00edas y brindan un cepillado c\u00f3modo. Las cerdas del cepillo de dientes est\u00e1n disponibles en 3 colores distintos, adecuados para distinguir a los diferentes usuarios. Se recomienda reemplazar el cabezal del cepillo cada 3 meses.<br \/>\n&#8211; Recordatorio de Temporizador Inteligente de 2 Minutos: el cepillo de dientes el\u00e9ctrico se detendr\u00e1 cada 30 segundos para recordarle que lo mueva a otra \u00e1rea de cepillado. Viene con un estuche de viaje, que puede contener un cepillo de dientes y 2 cabezales de cepillo, adecuado para viajes largos o viajes en pareja.<\/p>\n","protected":false},"excerpt":{"rendered":"<p>Cepillo de Dientes El\u00e9ctrico S\u00f3nico para Hombres &#8211; Cepillo Electrico S\u00f3nico Adultos con 8 Cabezales y Estuche de Viaje, 5 Modos, IPX7 Impermeable, Cepillo Dientes Electrico de Viaje Recargable, Azul<br \/>#Publicidad <span class=\"read-more\"><a class=\"more-link btn btn-transparent\" href=\"https:\/\/rockkofertas.com.es\/index.php\/producto\/b0dmzy31bf\/\">Leer m\u00e1s&#8230;<\/a><\/span><\/p>\n","protected":false},"featured_media":7368,"comment_status":"open","ping_status":"closed","template":"","meta":[],"product_cat":[15],"product_tag":[],"class_list":{"0":"post-7369","1":"product","2":"type-product","3":"status-publish","4":"has-post-thumbnail","6":"product_cat-sin-categorizar","8":"first","9":"instock","10":"shipping-taxable","11":"product-type-external"},"_links":{"self":[{"href":"https:\/\/rockkofertas.com.es\/index.php\/wp-json\/wp\/v2\/product\/7369","targetHints":{"allow":["GET"]}}],"collection":[{"href":"https:\/\/rockkofertas.com.es\/index.php\/wp-json\/wp\/v2\/product"}],"about":[{"href":"https:\/\/rockkofertas.com.es\/index.php\/wp-json\/wp\/v2\/types\/product"}],"replies":[{"embeddable":true,"href":"https:\/\/rockkofertas.com.es\/index.php\/wp-json\/wp\/v2\/comments?post=7369"}],"wp:featuredmedia":[{"embeddable":true,"href":"https:\/\/rockkofertas.com.es\/index.php\/wp-json\/wp\/v2\/media\/7368"}],"wp:attachment":[{"href":"https:\/\/rockkofertas.com.es\/index.php\/wp-json\/wp\/v2\/media?parent=7369"}],"wp:term":[{"taxonomy":"product_cat","embeddable":true,"href":"https:\/\/rockkofertas.com.es\/index.php\/wp-json\/wp\/v2\/product_cat?post=7369"},{"taxonomy":"product_tag","embeddable":true,"href":"https:\/\/rockkofertas.com.es\/index.php\/wp-json\/wp\/v2\/product_tag?post=7369"}],"curies":[{"name":"wp","href":"https:\/\/api.w.org\/{rel}","templated":true}]}}