{"id":7363,"date":"2025-11-26T22:15:12","date_gmt":"2025-11-26T22:15:12","guid":{"rendered":"https:\/\/rockkofertas.com.es\/index.php\/producto\/b0fskn539p-3\/"},"modified":"2025-11-26T22:15:12","modified_gmt":"2025-11-26T22:15:12","slug":"b0fskn539p-3","status":"publish","type":"product","link":"https:\/\/rockkofertas.com.es\/index.php\/producto\/b0fskn539p-3\/","title":{"rendered":"B0FSKN539P"},"content":{"rendered":"<p>&#8211; \ud83c\udfae Consola Retro con M\u00e1s de 20.000 juegos retro preinstalados: disfruta de una amplia biblioteca de t\u00edtulos cl\u00e1sicos que marcaron generaciones, desde los arcade m\u00e1s adictivos hasta aventuras legendarias. Todos vienen listos para jugar, sin necesidad de descargas adicionales ni configuraciones complicadas.<br \/>\n&#8211; \ud83d\udcfa Conexi\u00f3n r\u00e1pida y sencilla a tu TV: solo necesitas conectar el stick mediante HDMI y tendr\u00e1s acceso inmediato a tu consola retro en pantalla grande. La experiencia es totalmente plug &amp; play, ideal para quienes buscan comodidad y rapidez sin perder calidad de imagen.<br \/>\n&#8211; \ud83d\udd79\ufe0f Incluye 2 mandos inal\u00e1mbricos: perfectos para revivir la emoci\u00f3n del juego en compa\u00f1\u00eda. Juega partidas cooperativas o compite con amigos y familiares de manera c\u00f3moda, sin cables que limiten tus movimientos.<br \/>\n&#8211; \u26a1 Compatible con m\u00faltiples plataformas cl\u00e1sicas: re\u00fane en un solo dispositivo juegos de consolas ic\u00f3nicas de los a\u00f1os 80, 90 y 2000, ofreciendo una experiencia variada y nost\u00e1lgica para jugadores de todas las edades.<br \/>\n&#8211; \ud83e\uddf3 Dise\u00f1o compacto, port\u00e1til y pr\u00e1ctico: su tama\u00f1o reducido hace que sea f\u00e1cil de transportar, por lo que podr\u00e1s llevar la diversi\u00f3n a casa de amigos, fiestas o viajes. Convierte cualquier televisor en un centro de entretenimiento retro en segundos.<br \/>\n&#8211; \ud83c\udf89 Diversi\u00f3n para todas las edades: tanto si eres un amante de lo retro como si quieres mostrar a los m\u00e1s j\u00f3venes los cl\u00e1sicos de siempre, esta consola es la opci\u00f3n ideal para compartir momentos \u00fanicos en familia.<\/p>\n","protected":false},"excerpt":{"rendered":"<p>Gen\u00e9rico Consola Retro con +20.000 Juegos Arcade Preinstalados &#8211; Game Stick Consolas de los 80, 90 y 2000: GameB, SuperN, MegaD, NeoG, etc. &#8211; La Videoconsola Incluye 2 Mandos Inal\u00e1mbricos<br \/>#Publicidad <span class=\"read-more\"><a class=\"more-link btn btn-transparent\" href=\"https:\/\/rockkofertas.com.es\/index.php\/producto\/b0fskn539p-3\/\">Leer m\u00e1s&#8230;<\/a><\/span><\/p>\n","protected":false},"featured_media":7362,"comment_status":"open","ping_status":"closed","template":"","meta":[],"product_cat":[15],"product_tag":[],"class_list":{"0":"post-7363","1":"product","2":"type-product","3":"status-publish","4":"has-post-thumbnail","6":"product_cat-sin-categorizar","8":"first","9":"instock","10":"shipping-taxable","11":"product-type-external"},"_links":{"self":[{"href":"https:\/\/rockkofertas.com.es\/index.php\/wp-json\/wp\/v2\/product\/7363","targetHints":{"allow":["GET"]}}],"collection":[{"href":"https:\/\/rockkofertas.com.es\/index.php\/wp-json\/wp\/v2\/product"}],"about":[{"href":"https:\/\/rockkofertas.com.es\/index.php\/wp-json\/wp\/v2\/types\/product"}],"replies":[{"embeddable":true,"href":"https:\/\/rockkofertas.com.es\/index.php\/wp-json\/wp\/v2\/comments?post=7363"}],"wp:featuredmedia":[{"embeddable":true,"href":"https:\/\/rockkofertas.com.es\/index.php\/wp-json\/wp\/v2\/media\/7362"}],"wp:attachment":[{"href":"https:\/\/rockkofertas.com.es\/index.php\/wp-json\/wp\/v2\/media?parent=7363"}],"wp:term":[{"taxonomy":"product_cat","embeddable":true,"href":"https:\/\/rockkofertas.com.es\/index.php\/wp-json\/wp\/v2\/product_cat?post=7363"},{"taxonomy":"product_tag","embeddable":true,"href":"https:\/\/rockkofertas.com.es\/index.php\/wp-json\/wp\/v2\/product_tag?post=7363"}],"curies":[{"name":"wp","href":"https:\/\/api.w.org\/{rel}","templated":true}]}}