{"id":7361,"date":"2025-11-26T20:00:45","date_gmt":"2025-11-26T20:00:45","guid":{"rendered":"https:\/\/rockkofertas.com.es\/index.php\/producto\/b0dghwd7ct\/"},"modified":"2025-11-26T20:00:45","modified_gmt":"2025-11-26T20:00:45","slug":"b0dghwd7ct","status":"publish","type":"product","link":"https:\/\/rockkofertas.com.es\/index.php\/producto\/b0dghwd7ct\/","title":{"rendered":"B0DGHWD7CT"},"content":{"rendered":"<p>&#8211; PENSADOS PARA TU COMODIDAD \u2014 Los nuevos AirPods 4 se adaptan a la perfecci\u00f3n a tu o\u00eddo para que puedas llevarlos todo el d\u00eda sin que se muevan del sitio. Cuentan con un dise\u00f1o mejorado, son m\u00e1s cortos y permiten controlar la m\u00fasica y las llamadas con un toque.<br \/>\n&#8211; AUDIO ESPACIAL PERSONALIZADO \u2014 El audio espacial personalizado con seguimiento din\u00e1mico de la cabeza convierte la m\u00fasica, las series, las pel\u00edculas o los juegos en una experiencia ac\u00fastica de cine.<br \/>\n&#8211; M\u00daSICA Y LLAMADAS SUPERN\u00cdTIDAS \u2014 Los AirPods 4 incorporan el chip H2 dise\u00f1ado por Apple. Aislamiento de Voz mejora la calidad del sonido cuando hablas por tel\u00e9fono en lugares ruidosos. Gracias al audio computacional avanzado, reduce el ruido de fondo y a\u00edsla tu voz para que la otra persona te oiga con m\u00e1s claridad.<br \/>\n&#8211; UNA EXPERIENCIA M\u00c1GICA \u2014 Di \u00abOye Siri\u00bb o simplemente \u00abSiri\u00bb para escuchar una canci\u00f3n, hacer una llamada o consultar tu agenda. Asiente o niega con la cabeza para comunicarte al vuelo con tu asistente. Acerca los AirPods 4 a tu dispositivo y dale a conectar en la pantalla para enlazarlos. Y escucha la misma canci\u00f3n o serie en dos pares de AirPods. Un sensor detecta cu\u00e1ndo llevas los AirPods puestos y cu\u00e1ndo te los quitas para reproducir el audio o ponerlo en pausa. Adem\u00e1s, puedes seguir la pista a los auriculares y el estuche de carga con la app Buscar.<br \/>\n&#8211; GRAN AUTONOM\u00cdA \u2014 Disfruta de hasta 5 horas de reproducci\u00f3n de audio con una sola carga y hasta 30 horas en total con el estuche.<br \/>\n&#8211; ESTUCHE REDISE\u00d1ADO \u2014 El estuche se puede cargar por USB-C y su volumen se ha reducido en m\u00e1s de un 10 % con respecto a la generaci\u00f3n anterior.<br \/>\n&#8211; RESISTENCIA AL POLVO, EL AGUA Y EL SUDOR \u2014 Tanto los AirPods 4 como el estuche de carga tienen una calificaci\u00f3n IP54 de resistencia al polvo, el agua y el sudor. Esto significa que podr\u00e1s usarlos en entrenamientos intensos y d\u00edas lluviosos.<\/p>\n","protected":false},"excerpt":{"rendered":"<p>Apple AirPods 4, Auriculares inal\u00e1mbricos, Bluetooth, con Audio Espacial Personalizado, Resistentes al Agua y el Sudor, Estuche de Carga USB-C, Chip H2 y hasta 24 Horas de autonom\u00eda<br \/>\n#Publicidad <span class=\"read-more\"><a class=\"more-link btn btn-transparent\" href=\"https:\/\/rockkofertas.com.es\/index.php\/producto\/b0dghwd7ct\/\">Leer m\u00e1s&#8230;<\/a><\/span><\/p>\n","protected":false},"featured_media":7360,"comment_status":"open","ping_status":"closed","template":"","meta":[],"product_cat":[15],"product_tag":[],"class_list":{"0":"post-7361","1":"product","2":"type-product","3":"status-publish","4":"has-post-thumbnail","6":"product_cat-sin-categorizar","8":"first","9":"instock","10":"shipping-taxable","11":"product-type-external"},"_links":{"self":[{"href":"https:\/\/rockkofertas.com.es\/index.php\/wp-json\/wp\/v2\/product\/7361","targetHints":{"allow":["GET"]}}],"collection":[{"href":"https:\/\/rockkofertas.com.es\/index.php\/wp-json\/wp\/v2\/product"}],"about":[{"href":"https:\/\/rockkofertas.com.es\/index.php\/wp-json\/wp\/v2\/types\/product"}],"replies":[{"embeddable":true,"href":"https:\/\/rockkofertas.com.es\/index.php\/wp-json\/wp\/v2\/comments?post=7361"}],"wp:featuredmedia":[{"embeddable":true,"href":"https:\/\/rockkofertas.com.es\/index.php\/wp-json\/wp\/v2\/media\/7360"}],"wp:attachment":[{"href":"https:\/\/rockkofertas.com.es\/index.php\/wp-json\/wp\/v2\/media?parent=7361"}],"wp:term":[{"taxonomy":"product_cat","embeddable":true,"href":"https:\/\/rockkofertas.com.es\/index.php\/wp-json\/wp\/v2\/product_cat?post=7361"},{"taxonomy":"product_tag","embeddable":true,"href":"https:\/\/rockkofertas.com.es\/index.php\/wp-json\/wp\/v2\/product_tag?post=7361"}],"curies":[{"name":"wp","href":"https:\/\/api.w.org\/{rel}","templated":true}]}}