{"id":7357,"date":"2025-11-26T12:37:57","date_gmt":"2025-11-26T12:37:57","guid":{"rendered":"https:\/\/rockkofertas.com.es\/index.php\/producto\/b0drw15f8t-2\/"},"modified":"2025-11-26T12:37:57","modified_gmt":"2025-11-26T12:37:57","slug":"b0drw15f8t-2","status":"publish","type":"product","link":"https:\/\/rockkofertas.com.es\/index.php\/producto\/b0drw15f8t-2\/","title":{"rendered":"B0DRW15F8T"},"content":{"rendered":"<p>&#8211; **CALIDAD ARTESANAL EXCEPCIONAL**: Disfruta de un queso curado de m\u00e1xima calidad. Queso elaborado a partir de leche pasteurizada denominaci\u00f3n manchega, certificado por el Consejo Regulador de la Denominaci\u00f3n de Origen del Queso Manchego.<br \/>\n&#8211; Color variable entre diferentes tonalidades de marfil.<br \/>\n&#8211; De sabor acentuado y muy bien aromatizado.<br \/>\n&#8211; Presenta una textura intermedia, pero funde muy bien en boca.<br \/>\n&#8211; Fuerza gustativa arrolladora.<\/p>\n","protected":false},"excerpt":{"rendered":"<p>Cu\u00f1a 200 g Envasada &#8211; Queso Manchego Berrocal &#8211; Env\u00edo 24h &#8211; Queso Viejo Manchego (Cu\u00f1a)<br \/>#Publicidad <span class=\"read-more\"><a class=\"more-link btn btn-transparent\" href=\"https:\/\/rockkofertas.com.es\/index.php\/producto\/b0drw15f8t-2\/\">Leer m\u00e1s&#8230;<\/a><\/span><\/p>\n","protected":false},"featured_media":7356,"comment_status":"open","ping_status":"closed","template":"","meta":[],"product_cat":[15],"product_tag":[],"class_list":{"0":"post-7357","1":"product","2":"type-product","3":"status-publish","4":"has-post-thumbnail","6":"product_cat-sin-categorizar","8":"first","9":"instock","10":"shipping-taxable","11":"product-type-external"},"_links":{"self":[{"href":"https:\/\/rockkofertas.com.es\/index.php\/wp-json\/wp\/v2\/product\/7357","targetHints":{"allow":["GET"]}}],"collection":[{"href":"https:\/\/rockkofertas.com.es\/index.php\/wp-json\/wp\/v2\/product"}],"about":[{"href":"https:\/\/rockkofertas.com.es\/index.php\/wp-json\/wp\/v2\/types\/product"}],"replies":[{"embeddable":true,"href":"https:\/\/rockkofertas.com.es\/index.php\/wp-json\/wp\/v2\/comments?post=7357"}],"wp:featuredmedia":[{"embeddable":true,"href":"https:\/\/rockkofertas.com.es\/index.php\/wp-json\/wp\/v2\/media\/7356"}],"wp:attachment":[{"href":"https:\/\/rockkofertas.com.es\/index.php\/wp-json\/wp\/v2\/media?parent=7357"}],"wp:term":[{"taxonomy":"product_cat","embeddable":true,"href":"https:\/\/rockkofertas.com.es\/index.php\/wp-json\/wp\/v2\/product_cat?post=7357"},{"taxonomy":"product_tag","embeddable":true,"href":"https:\/\/rockkofertas.com.es\/index.php\/wp-json\/wp\/v2\/product_tag?post=7357"}],"curies":[{"name":"wp","href":"https:\/\/api.w.org\/{rel}","templated":true}]}}