{"id":7353,"date":"2025-11-26T08:00:44","date_gmt":"2025-11-26T08:00:44","guid":{"rendered":"https:\/\/rockkofertas.com.es\/index.php\/producto\/b06xh8jtdm\/"},"modified":"2025-11-26T08:00:44","modified_gmt":"2025-11-26T08:00:44","slug":"b06xh8jtdm","status":"publish","type":"product","link":"https:\/\/rockkofertas.com.es\/index.php\/producto\/b06xh8jtdm\/","title":{"rendered":"B06XH8JTDM"},"content":{"rendered":"<p>&#8211; Una chaqueta totalmente impermeable con un dise\u00f1o limpio y moderno<br \/>\n&#8211; Con su dise\u00f1o limpio y resistente a la intemperie, nuestra chaqueta Seven J te mantiene c\u00f3modo en condiciones cambiantes, tanto si est\u00e1s en la ciudad como en una aventura al aire libre; dise\u00f1ada con tejido HELLY TECH PROTECTION y costuras selladas, es impermeable, transpirable y cortaviento; incorpora los elementos esenciales para practicar senderismo, ciclismo o simplemente pasar el rato, como una capucha ajustable, una solapa contra tormentas, una protecci\u00f3n contra rozaduras en la barbilla y un forro de secado r\u00e1pido; pensando en el medio ambiente, est\u00e1 confeccionada de forma responsable con el proceso de fabricaci\u00f3n textil certificado bluesign<br \/>\n&#8211; Exterior: 100% poli\u00e9ster &#8211; Forro: 100% poli\u00e9ster<br \/>\n&#8211; Art\u00edculos entregados: 1x Helly Hansen Hombre Chubasquero Seven J,2XL,Azul marino<\/p>\n","protected":false},"excerpt":{"rendered":"<p>Helly Hansen Hombres Chaqueta Seven J, Azul Marino, 2XL<br \/>\n#Publicidad <span class=\"read-more\"><a class=\"more-link btn btn-transparent\" href=\"https:\/\/rockkofertas.com.es\/index.php\/producto\/b06xh8jtdm\/\">Leer m\u00e1s&#8230;<\/a><\/span><\/p>\n","protected":false},"featured_media":7352,"comment_status":"open","ping_status":"closed","template":"","meta":[],"product_cat":[15],"product_tag":[],"class_list":{"0":"post-7353","1":"product","2":"type-product","3":"status-publish","4":"has-post-thumbnail","6":"product_cat-sin-categorizar","8":"first","9":"instock","10":"shipping-taxable","11":"product-type-external"},"_links":{"self":[{"href":"https:\/\/rockkofertas.com.es\/index.php\/wp-json\/wp\/v2\/product\/7353","targetHints":{"allow":["GET"]}}],"collection":[{"href":"https:\/\/rockkofertas.com.es\/index.php\/wp-json\/wp\/v2\/product"}],"about":[{"href":"https:\/\/rockkofertas.com.es\/index.php\/wp-json\/wp\/v2\/types\/product"}],"replies":[{"embeddable":true,"href":"https:\/\/rockkofertas.com.es\/index.php\/wp-json\/wp\/v2\/comments?post=7353"}],"wp:featuredmedia":[{"embeddable":true,"href":"https:\/\/rockkofertas.com.es\/index.php\/wp-json\/wp\/v2\/media\/7352"}],"wp:attachment":[{"href":"https:\/\/rockkofertas.com.es\/index.php\/wp-json\/wp\/v2\/media?parent=7353"}],"wp:term":[{"taxonomy":"product_cat","embeddable":true,"href":"https:\/\/rockkofertas.com.es\/index.php\/wp-json\/wp\/v2\/product_cat?post=7353"},{"taxonomy":"product_tag","embeddable":true,"href":"https:\/\/rockkofertas.com.es\/index.php\/wp-json\/wp\/v2\/product_tag?post=7353"}],"curies":[{"name":"wp","href":"https:\/\/api.w.org\/{rel}","templated":true}]}}