{"id":7351,"date":"2025-11-26T04:00:42","date_gmt":"2025-11-26T04:00:42","guid":{"rendered":"https:\/\/rockkofertas.com.es\/index.php\/producto\/b074jf5lwn\/"},"modified":"2025-11-26T04:00:42","modified_gmt":"2025-11-26T04:00:42","slug":"b074jf5lwn","status":"publish","type":"product","link":"https:\/\/rockkofertas.com.es\/index.php\/producto\/b074jf5lwn\/","title":{"rendered":"B074JF5LWN"},"content":{"rendered":"<p>&#8211; Flexo convence por su versatilidad, dise\u00f1o contempor\u00e1neo y practicidad. Complem\u00e9ntala con una bombilla E14 de luz blanca c\u00e1lida y acogedora o una con luz fr\u00eda o neutra para m\u00e1s concentraci\u00f3n<br \/>\n&#8211; Luz de escritorio con posibilidad de giro y movimiento tanto del brazo como de la cabeza. Sujeci\u00f3n segura gracias a su pie estable. Se adapta f\u00e1cilmente a cualquier tipo de mesa o escritorio<br \/>\n&#8211; Dise\u00f1o retro que combina con cualquier espacio de tu casa: gracias a su practicidad de uso y a su apariencia vintage, no te faltar\u00e1 el estilo durante tus sesiones de estudio o lectura nocturnas<br \/>\n&#8211; La bombilla LED de esta l\u00e1mpara de mesa plegable puede tener un consumo diferente dependiendo de aquella que se quiera instalar, as\u00ed que es posible crear la iluminaci\u00f3n deseada<br \/>\n&#8211; Contenido de env\u00edo: B.K.Licht Flexo de escritorio ajustable estilo industrial, para estudiantes u oficinas, con brazo articulado giratorio, 1 cable de conexi\u00f3n (230V) y manual de instrucciones, bombilla no incluida<br \/>\n&#8211; Este producto es un producto continente. Los productos continentes son luminarias que pueden desmontarse para permitir la verificaci\u00f3n independiente de las fuentes luminosas que contienen.<\/p>\n","protected":false},"excerpt":{"rendered":"<p>B.K.Licht &#8211; L\u00e1mpara de escritorio tipo arquitecto, flexo LED hal\u00f3gena, con brazo articulado giratorio, dise\u00f1o vintage retro, color negro, sin iluminador<br \/>\n#Publicidad <span class=\"read-more\"><a class=\"more-link btn btn-transparent\" href=\"https:\/\/rockkofertas.com.es\/index.php\/producto\/b074jf5lwn\/\">Leer m\u00e1s&#8230;<\/a><\/span><\/p>\n","protected":false},"featured_media":7350,"comment_status":"open","ping_status":"closed","template":"","meta":[],"product_cat":[15],"product_tag":[],"class_list":{"0":"post-7351","1":"product","2":"type-product","3":"status-publish","4":"has-post-thumbnail","6":"product_cat-sin-categorizar","8":"first","9":"instock","10":"shipping-taxable","11":"product-type-external"},"_links":{"self":[{"href":"https:\/\/rockkofertas.com.es\/index.php\/wp-json\/wp\/v2\/product\/7351","targetHints":{"allow":["GET"]}}],"collection":[{"href":"https:\/\/rockkofertas.com.es\/index.php\/wp-json\/wp\/v2\/product"}],"about":[{"href":"https:\/\/rockkofertas.com.es\/index.php\/wp-json\/wp\/v2\/types\/product"}],"replies":[{"embeddable":true,"href":"https:\/\/rockkofertas.com.es\/index.php\/wp-json\/wp\/v2\/comments?post=7351"}],"wp:featuredmedia":[{"embeddable":true,"href":"https:\/\/rockkofertas.com.es\/index.php\/wp-json\/wp\/v2\/media\/7350"}],"wp:attachment":[{"href":"https:\/\/rockkofertas.com.es\/index.php\/wp-json\/wp\/v2\/media?parent=7351"}],"wp:term":[{"taxonomy":"product_cat","embeddable":true,"href":"https:\/\/rockkofertas.com.es\/index.php\/wp-json\/wp\/v2\/product_cat?post=7351"},{"taxonomy":"product_tag","embeddable":true,"href":"https:\/\/rockkofertas.com.es\/index.php\/wp-json\/wp\/v2\/product_tag?post=7351"}],"curies":[{"name":"wp","href":"https:\/\/api.w.org\/{rel}","templated":true}]}}