{"id":7347,"date":"2025-11-25T21:10:19","date_gmt":"2025-11-25T21:10:19","guid":{"rendered":"https:\/\/rockkofertas.com.es\/index.php\/producto\/b0dcw3wz5f-3\/"},"modified":"2025-11-25T21:10:19","modified_gmt":"2025-11-25T21:10:19","slug":"b0dcw3wz5f-3","status":"publish","type":"product","link":"https:\/\/rockkofertas.com.es\/index.php\/producto\/b0dcw3wz5f-3\/","title":{"rendered":"B0DCW3WZ5F"},"content":{"rendered":"<p>&#8211; Modo de Control Dual &amp; Android Smart TV Integrado: El proyector inteligente Gaimoo GM200 puede usar el modo de control dual del mouse y el control remoto, m\u00e1s conveniente, el mouse est\u00e1 incluido en el paquete. El proyector inteligente GM200 est\u00e1 equipado con el sistema operativo Android TV inteligente integrado, puede acceder a millones de videos sin usar un dispositivo de TV adicional, incluido contenido de YouTube, Video y otras aplicaciones. Aviso del fabricante: Gire la rueda de enfoque para ajustar elenfoque y obtener una definici\u00f3n \u00f3ptima<br \/>\n&#8211; Compatible con 4K, 1080P y 720P: La nueva tecnolog\u00eda de proyecci\u00f3n LCD del proyector mejora el contraste de la pantalla y la precisi\u00f3n del color, y HDR ofrece im\u00e1genes m\u00e1s ricas y realistas al capturar, crear y mostrar una gama m\u00e1s amplia de niveles de brillo y profundidad de color. El proyector es perfecto para ver pel\u00edculas y fotos. El proyector admite la reproducci\u00f3n de v\u00eddeo en formatos 4K, 1080P y 720P<br \/>\n&#8211; WiFi 6 Integrado &amp; Bluetooth 5.2 Bidireccional: El proyector GM200 brinda una experiencia de conexi\u00f3n potente y vers\u00e1til con WiFi 6 de doble banda y Bluetooth. El GM200 admite la transmisi\u00f3n de audio Bluetooth 5.2 bidireccional, que puede conectar f\u00e1cilmente parlantes inal\u00e1mbricos y auriculares al proyector para mejorar la calidad del audio. El parlante HIFI de nivel de cine incorporado tambi\u00e9n le permite a usted y a su familia crear un cine en casa en cualquier momento y en cualquier lugar<br \/>\n&#8211; Auto Keystone, Rotaci\u00f3n de 180\u00b0 &amp; 240\u2019\u2019: El proyector GM200 tiene correcci\u00f3n trapezoidal auto para ajustar suavemente la pantalla. El proyector tiene un dise\u00f1o giratorio de 180\u00b0 y puede elegir la posici\u00f3n de proyecci\u00f3n perfecta a trav\u00e9s del proyector. Ajuste el enfoque a trav\u00e9s de las ruedas de enfoque para obtener r\u00e1pidamente la imagen m\u00e1s clara. La relaci\u00f3n de aspecto de la pantalla es de 1,3:1, la distancia de proyecci\u00f3n es de 3 a 18 pies y el tama\u00f1o de proyecci\u00f3n es de 35 a 240 pulgadas<br \/>\n&#8211; Fuerte Compatibilidad con Dispositivos: Hay un orificio para tornillos de 0,25 pulgadas en la parte inferior del proyector, que admite montaje en tr\u00edpode, montaje en techo, etc. El dispositivo contiene 1 puerto HDMI, 1 puerto USB y un conector para auriculares de 3,5 mm, lo que lo hace compatible con mouse, TV Stick, port\u00e1til, tel\u00e9fono, dispositivo Android y iOS, unidad USB, etc. Es un excelente proyector port\u00e1til para el hogar, sala de reuniones, campamentos, juegos, fiestas, estudios<br \/>\n&#8211; Excelente, Continuo y Fiable Soporte T\u00e9cnico: El proyector Gaimoo GM200 cuenta con un motor \u00f3ptico sellado y refrigeraci\u00f3n de doble ventilador, lo que prolonga su vida \u00fatil. Como empresa centrada en el desarrollo a largo plazo, estamos siempre dispuestos a ofrecerle asesoramiento o asistencia, independientemente del momento en que realice su compra.<\/p>\n","protected":false},"excerpt":{"rendered":"<p>[2025 Modelo &amp; App integrada] Proyector Port\u00e1til Soporte 4K 1080P Mini Proyector Dual Control con Rat\u00f3n Android TV WiFi 6 BT5.2 180\u00b0 Rotation Compatible con HDMI\/TV Stick\/USB\/Laptop, Blanco<br \/>#Publicidad <span class=\"read-more\"><a class=\"more-link btn btn-transparent\" href=\"https:\/\/rockkofertas.com.es\/index.php\/producto\/b0dcw3wz5f-3\/\">Leer m\u00e1s&#8230;<\/a><\/span><\/p>\n","protected":false},"featured_media":7346,"comment_status":"open","ping_status":"closed","template":"","meta":[],"product_cat":[15],"product_tag":[],"class_list":{"0":"post-7347","1":"product","2":"type-product","3":"status-publish","4":"has-post-thumbnail","6":"product_cat-sin-categorizar","8":"first","9":"instock","10":"shipping-taxable","11":"product-type-external"},"_links":{"self":[{"href":"https:\/\/rockkofertas.com.es\/index.php\/wp-json\/wp\/v2\/product\/7347","targetHints":{"allow":["GET"]}}],"collection":[{"href":"https:\/\/rockkofertas.com.es\/index.php\/wp-json\/wp\/v2\/product"}],"about":[{"href":"https:\/\/rockkofertas.com.es\/index.php\/wp-json\/wp\/v2\/types\/product"}],"replies":[{"embeddable":true,"href":"https:\/\/rockkofertas.com.es\/index.php\/wp-json\/wp\/v2\/comments?post=7347"}],"wp:featuredmedia":[{"embeddable":true,"href":"https:\/\/rockkofertas.com.es\/index.php\/wp-json\/wp\/v2\/media\/7346"}],"wp:attachment":[{"href":"https:\/\/rockkofertas.com.es\/index.php\/wp-json\/wp\/v2\/media?parent=7347"}],"wp:term":[{"taxonomy":"product_cat","embeddable":true,"href":"https:\/\/rockkofertas.com.es\/index.php\/wp-json\/wp\/v2\/product_cat?post=7347"},{"taxonomy":"product_tag","embeddable":true,"href":"https:\/\/rockkofertas.com.es\/index.php\/wp-json\/wp\/v2\/product_tag?post=7347"}],"curies":[{"name":"wp","href":"https:\/\/api.w.org\/{rel}","templated":true}]}}