{"id":7343,"date":"2025-11-25T18:09:57","date_gmt":"2025-11-25T18:09:57","guid":{"rendered":"https:\/\/rockkofertas.com.es\/index.php\/producto\/b0fn3systq-2\/"},"modified":"2025-11-25T18:09:57","modified_gmt":"2025-11-25T18:09:57","slug":"b0fn3systq-2","status":"publish","type":"product","link":"https:\/\/rockkofertas.com.es\/index.php\/producto\/b0fn3systq-2\/","title":{"rendered":"B0FN3SYSTQ"},"content":{"rendered":"<p>&#8211; [Compatible con Netflix] Disfruta de entretenimiento ilimitado con este proyector, que viene preinstalado con Netflix, Prime Video y otras plataformas de streaming populares. Accede a m\u00e1s de 1,2 millones de videos, incluyendo pel\u00edculas, series, eventos deportivos y contenido educativo. Tambi\u00e9n puedes instalar m\u00e1s aplicaciones para crear tu propio espacio de entretenimiento. Ideal para toda la familia, este mini proyector da vida a tus contenidos favoritos dondequiera que est\u00e9s<br \/>\n&#8211; [Resoluci\u00f3n nativa 1080P y 4K Supported] Con tecnolog\u00eda avanzada de decodificaci\u00f3n 4K, un procesador de alto rendimiento y una lente de alta transmisi\u00f3n, este proyector 4K ofrece im\u00e1genes incre\u00edblemente n\u00edtidas con 8,3 millones de p\u00edxeles. Con una gama de colores sRGB del 120 % y una relaci\u00f3n de proyecci\u00f3n de 1:1, este proyector puede proyectar una pantalla de 120 pulgadas desde solo 2,5 metros de distancia. Convierte tu sala en un aut\u00e9ntico cine en casa con este proyector de gama alta<br \/>\n&#8211; [Soporte giratorio de 360\u00b0] Gracias a su dise\u00f1o innovador, este proyector port\u00e1til permite una rotaci\u00f3n horizontal y vertical completa de 360\u00b0. Proyecta f\u00e1cilmente sobre una mesa, pared o incluso el techo. Este proyector se adapta a cualquier entorno, permiti\u00e9ndote disfrutar de tus contenidos favoritos desde casi cualquier \u00e1ngulo<br \/>\n&#8211; [Wi-Fi 6 de doble banda y Bluetooth 5.4] Equipado con Wi-Fi 6 de doble banda (2.4G\/5GHz) y Bluetooth 5.4, este proyector garantiza una transmisi\u00f3n r\u00e1pida, estable y con baja latencia. Con\u00e9ctalo f\u00e1cilmente de forma inal\u00e1mbrica a altavoces, auriculares, mandos de juego u otros dispositivos, para una experiencia m\u00e1s c\u00f3moda y sin cables<br \/>\n&#8211; [Enfoque El\u00e9ctrico \/ Correcci\u00f3n Trapezoidal 4D] Equipado con Enfoque El\u00e9ctrico y Correcci\u00f3n Trapezoidal 4D, este proyector ofrece una imagen perfectamente n\u00edtida y alineada, incluso en proyecci\u00f3n lateral. La funci\u00f3n de zoom digital te permite ajustar el tama\u00f1o de la pantalla a distancia sin mover el proyector. Instalaci\u00f3n r\u00e1pida y uso intuitivo: disfruta de una experiencia visual envolvente dondequiera que est\u00e9s<\/p>\n","protected":false},"excerpt":{"rendered":"<p>Proyector Compatible con Netflix 28000 L\u00famenes, Einyoumily 4K Soporte 1080P, WiFi6 Bluetooth, Proyector Port\u00e1til Enfoque El\u00e9ctrico\/Correcci\u00f3n Trapezoidal 4D, Admite M\u00e1s de 100000 Apps<br \/>#Publicidad <span class=\"read-more\"><a class=\"more-link btn btn-transparent\" href=\"https:\/\/rockkofertas.com.es\/index.php\/producto\/b0fn3systq-2\/\">Leer m\u00e1s&#8230;<\/a><\/span><\/p>\n","protected":false},"featured_media":7342,"comment_status":"open","ping_status":"closed","template":"","meta":[],"product_cat":[15],"product_tag":[],"class_list":{"0":"post-7343","1":"product","2":"type-product","3":"status-publish","4":"has-post-thumbnail","6":"product_cat-sin-categorizar","8":"first","9":"instock","10":"shipping-taxable","11":"product-type-external"},"_links":{"self":[{"href":"https:\/\/rockkofertas.com.es\/index.php\/wp-json\/wp\/v2\/product\/7343","targetHints":{"allow":["GET"]}}],"collection":[{"href":"https:\/\/rockkofertas.com.es\/index.php\/wp-json\/wp\/v2\/product"}],"about":[{"href":"https:\/\/rockkofertas.com.es\/index.php\/wp-json\/wp\/v2\/types\/product"}],"replies":[{"embeddable":true,"href":"https:\/\/rockkofertas.com.es\/index.php\/wp-json\/wp\/v2\/comments?post=7343"}],"wp:featuredmedia":[{"embeddable":true,"href":"https:\/\/rockkofertas.com.es\/index.php\/wp-json\/wp\/v2\/media\/7342"}],"wp:attachment":[{"href":"https:\/\/rockkofertas.com.es\/index.php\/wp-json\/wp\/v2\/media?parent=7343"}],"wp:term":[{"taxonomy":"product_cat","embeddable":true,"href":"https:\/\/rockkofertas.com.es\/index.php\/wp-json\/wp\/v2\/product_cat?post=7343"},{"taxonomy":"product_tag","embeddable":true,"href":"https:\/\/rockkofertas.com.es\/index.php\/wp-json\/wp\/v2\/product_tag?post=7343"}],"curies":[{"name":"wp","href":"https:\/\/api.w.org\/{rel}","templated":true}]}}