{"id":7339,"date":"2025-11-25T16:00:49","date_gmt":"2025-11-25T16:00:49","guid":{"rendered":"https:\/\/rockkofertas.com.es\/index.php\/producto\/b0cqqlw3r1\/"},"modified":"2025-11-25T16:00:49","modified_gmt":"2025-11-25T16:00:49","slug":"b0cqqlw3r1","status":"publish","type":"product","link":"https:\/\/rockkofertas.com.es\/index.php\/producto\/b0cqqlw3r1\/","title":{"rendered":"B0CQQLW3R1"},"content":{"rendered":"<p>&#8211; 1. \u3010Contenido del Paquete\u3011 \u00a1Compra por valor! Este set incluye 20 cuadernos A5 con cubierta Kraft, 60 p\u00e1ginas Blancas \/ 30 hojas y papel de 80gsm. Ideal para quienes necesitan muchos cuadernos para la escuela, la oficina o para viajar.<br \/>\n&#8211; 2. \u3010Alta Calidad\u3011Nuestros cuadernos VEESUN est\u00e1n hechos con una robusta cubierta de papel Kraft y p\u00e1ginas blancas de alta calidad. El papel liso y resistente a la tinta protege la vista y previene la fatiga visual.<br \/>\n&#8211; 3. \u3010Multiusos\u3011Esta libreta multifuncional es ideal para escribir, dibujar, llevar un diario, registrar viajes o tomar notas de reuniones. Ligero y f\u00e1cil de llevar, es perfecto para satisfacer tus diversas necesidades diarias.<br \/>\n&#8211; 4. \u3010Vers\u00e1til\u3011Gracias a su resistente y elegante cubierta de papel Kraft, este cuaderno A5 es el accesorio ideal para la oficina, la escuela o los viajes. Su dise\u00f1o sencillo y cl\u00e1sico lo hace adecuado para todas las edades.<br \/>\n&#8211; 5. \u3010Regalo Back to School\u3011 Estos cuadernos VEESUN son el regalo ideal para ni\u00f1os y adultos, perfectos para cumplea\u00f1os, graduaciones o como material escolar para el regreso a clases. \u00a1No pierdas la oportunidad de hacer un regalo \u00fatil y con estilo!<\/p>\n","protected":false},"excerpt":{"rendered":"<p>VEESUN 20 Pack Cuadernos A5 P\u00e1ginas: Blancas Libretas de Notas de Papel Kraft para Escritura, Dibujo Diario Bloc de Notas Escolar Regalo para Ni\u00f1os Estudiantes J\u00f3venes Adultos<br \/>\n#Publicidad <span class=\"read-more\"><a class=\"more-link btn btn-transparent\" href=\"https:\/\/rockkofertas.com.es\/index.php\/producto\/b0cqqlw3r1\/\">Leer m\u00e1s&#8230;<\/a><\/span><\/p>\n","protected":false},"featured_media":7338,"comment_status":"open","ping_status":"closed","template":"","meta":[],"product_cat":[15],"product_tag":[],"class_list":{"0":"post-7339","1":"product","2":"type-product","3":"status-publish","4":"has-post-thumbnail","6":"product_cat-sin-categorizar","8":"first","9":"instock","10":"shipping-taxable","11":"product-type-external"},"_links":{"self":[{"href":"https:\/\/rockkofertas.com.es\/index.php\/wp-json\/wp\/v2\/product\/7339","targetHints":{"allow":["GET"]}}],"collection":[{"href":"https:\/\/rockkofertas.com.es\/index.php\/wp-json\/wp\/v2\/product"}],"about":[{"href":"https:\/\/rockkofertas.com.es\/index.php\/wp-json\/wp\/v2\/types\/product"}],"replies":[{"embeddable":true,"href":"https:\/\/rockkofertas.com.es\/index.php\/wp-json\/wp\/v2\/comments?post=7339"}],"wp:featuredmedia":[{"embeddable":true,"href":"https:\/\/rockkofertas.com.es\/index.php\/wp-json\/wp\/v2\/media\/7338"}],"wp:attachment":[{"href":"https:\/\/rockkofertas.com.es\/index.php\/wp-json\/wp\/v2\/media?parent=7339"}],"wp:term":[{"taxonomy":"product_cat","embeddable":true,"href":"https:\/\/rockkofertas.com.es\/index.php\/wp-json\/wp\/v2\/product_cat?post=7339"},{"taxonomy":"product_tag","embeddable":true,"href":"https:\/\/rockkofertas.com.es\/index.php\/wp-json\/wp\/v2\/product_tag?post=7339"}],"curies":[{"name":"wp","href":"https:\/\/api.w.org\/{rel}","templated":true}]}}