{"id":7336,"date":"2025-11-25T15:38:10","date_gmt":"2025-11-25T15:38:10","guid":{"rendered":"https:\/\/rockkofertas.com.es\/index.php\/producto\/b0fzbmvz9s\/"},"modified":"2025-11-25T15:38:10","modified_gmt":"2025-11-25T15:38:10","slug":"b0fzbmvz9s","status":"publish","type":"product","link":"https:\/\/rockkofertas.com.es\/index.php\/producto\/b0fzbmvz9s\/","title":{"rendered":"B0FZBMVZ9S"},"content":{"rendered":"<p>&#8211; Alta capacidad: El banco de energ\u00eda solar de 20000 mAh tiene suficiente potencia, Con una sola carga, es energ\u00eda para d\u00edas<br \/>\n&#8211; Carga r\u00e1pida de 3A: Este cargador port\u00e1til est\u00e1 equipado con conectores de salida 3A, puede cargar su tel\u00e9fono al 50% en 30 minutos. Y gracias a la entrada USB-C, puede cargar completamente el cargador en 8 horas<br \/>\n&#8211; M\u00faltiples salidas: este cargador solar para tel\u00e9fono m\u00f3vil tiene 2 puertos de salida USB-A y 1 puerto de entrada y salida USB-C, lo que permite cargar 3 dispositivos simult\u00e1neamente. Para que pueda compartir el poder con sus amigos cuando est\u00e9 en movimiento<br \/>\n&#8211; LED: las luces LED en la parte posterior del cargador son una herramienta pr\u00e1ctica para tus aventuras al aire libre. Se enciende presionando el bot\u00f3n de encendido durante 3 segundos y puede cambiar entre los modos estrobosc\u00f3picos SOS est\u00e1ndar<br \/>\n&#8211; Dos m\u00e9todos de carga: puede utilizar el adaptador de carga r\u00e1pida para conectarlo y cargarlo r\u00e1pidamente (tarda aproximadamente 8 horas) o puede colgarlo en su mochila y cargarlo con energ\u00eda solar durante el viaje. Llamamos su atenci\u00f3n sobre el hecho de que la recarga con energ\u00eda solar solo es adecuada para la iluminaci\u00f3n de emergencia y se recomienda usar USB para obtener una recarga r\u00e1pida<br \/>\n&#8211; Servicio amigable: recibir\u00e1 1 Paidashu 20000 mAh, energ\u00eda solar m\u00f3vil, 1 cable de carga micro-USB, 1 manual de usuario, garant\u00eda de un a\u00f1o y servicio al cliente amigable las 24 horas. Si tiene alguna pregunta, p\u00f3ngase en contacto con nosotros a trav\u00e9s del correo electr\u00f3nico de Amazon<\/p>\n","protected":false},"excerpt":{"rendered":"<p>Cargador Solar 20000mAh PD20W Bater\u00eda Externa Solar Power Bank Cargador Port\u00e1til USB C Carga R\u00e1pida Compatible con Tel\u00e9fono Tableta<br \/>#Publicidad <span class=\"read-more\"><a class=\"more-link btn btn-transparent\" href=\"https:\/\/rockkofertas.com.es\/index.php\/producto\/b0fzbmvz9s\/\">Leer m\u00e1s&#8230;<\/a><\/span><\/p>\n","protected":false},"featured_media":7334,"comment_status":"open","ping_status":"closed","template":"","meta":[],"product_cat":[15],"product_tag":[],"class_list":{"0":"post-7336","1":"product","2":"type-product","3":"status-publish","4":"has-post-thumbnail","6":"product_cat-sin-categorizar","8":"first","9":"instock","10":"shipping-taxable","11":"product-type-external"},"_links":{"self":[{"href":"https:\/\/rockkofertas.com.es\/index.php\/wp-json\/wp\/v2\/product\/7336","targetHints":{"allow":["GET"]}}],"collection":[{"href":"https:\/\/rockkofertas.com.es\/index.php\/wp-json\/wp\/v2\/product"}],"about":[{"href":"https:\/\/rockkofertas.com.es\/index.php\/wp-json\/wp\/v2\/types\/product"}],"replies":[{"embeddable":true,"href":"https:\/\/rockkofertas.com.es\/index.php\/wp-json\/wp\/v2\/comments?post=7336"}],"wp:featuredmedia":[{"embeddable":true,"href":"https:\/\/rockkofertas.com.es\/index.php\/wp-json\/wp\/v2\/media\/7334"}],"wp:attachment":[{"href":"https:\/\/rockkofertas.com.es\/index.php\/wp-json\/wp\/v2\/media?parent=7336"}],"wp:term":[{"taxonomy":"product_cat","embeddable":true,"href":"https:\/\/rockkofertas.com.es\/index.php\/wp-json\/wp\/v2\/product_cat?post=7336"},{"taxonomy":"product_tag","embeddable":true,"href":"https:\/\/rockkofertas.com.es\/index.php\/wp-json\/wp\/v2\/product_tag?post=7336"}],"curies":[{"name":"wp","href":"https:\/\/api.w.org\/{rel}","templated":true}]}}