{"id":7333,"date":"2025-11-25T12:00:49","date_gmt":"2025-11-25T12:00:49","guid":{"rendered":"https:\/\/rockkofertas.com.es\/index.php\/producto\/b06xcbpfrn-2\/"},"modified":"2025-11-25T12:00:49","modified_gmt":"2025-11-25T12:00:49","slug":"b06xcbpfrn-2","status":"publish","type":"product","link":"https:\/\/rockkofertas.com.es\/index.php\/producto\/b06xcbpfrn-2\/","title":{"rendered":"B06XCBPFRN"},"content":{"rendered":"<p>&#8211; TALLER APILABLE DE 3 NIVELES: Dise\u00f1o apilable con tres unidades separadas para almacenamiento personalizable, permiti\u00e9ndote organizar herramientas y accesorios como un taller port\u00e1til.<br \/>\n&#8211; USO R\u00c1PIDO Y F\u00c1CIL: Las bandejas removibles, las unidades apilables y un dise\u00f1o interno bien pensado facilitan el acceso y la gesti\u00f3n de tus herramientas mientras te desplazas.<br \/>\n&#8211; EFICIENCIA ORGANIZADA: Las bandejas organizadoras interiores y los compartimentos de la tapa mantienen las piezas peque\u00f1as y los accesorios ordenados y al alcance.<br \/>\n&#8211; MOVILIDAD SIN ESFUERZO: Equipado con ruedas de 7\u201d y un mango telesc\u00f3pico para una movilidad suave, asegurando que puedas transportar tus herramientas sin esfuerzo de un sitio a otro.<br \/>\n&#8211; CONSTRUIDO PARA DURAR: Fabricado con materiales duraderos y pestillos de metal a prueba de \u00f3xido, este caja de herramientas est\u00e1 dise\u00f1ada para resistir en el lugar de trabajo.<br \/>\n&#8211; IDEAL PARA UNA VARIEDAD DE HERRAMIENTAS: Acomoda herramientas el\u00e9ctricas, herramientas manuales y accesorios, lo que lo hace perfecto tanto para proyectos profesionales como para mejoras en el hogar.<br \/>\n&#8211; BLOQUEO SEGURO: Cuenta con un lazo para candado y pestillos laterales seguros, brindando la tranquilidad de que tus herramientas est\u00e1n seguras y protegidas.<br \/>\n&#8211; INCLUYE: Contenedor extra grande desmontable, bandeja de mano de tama\u00f1o mediano desmontable y port\u00e1til con asa, caja de herramientas de tama\u00f1o mediano desmontable con organizadores en la tapa.<\/p>\n","protected":false},"excerpt":{"rendered":"<p>STANLEY Caja de Herramientas Rodante Esencial, Taller M\u00f3vil 3 en 1 con Unidades Apilables, Soluci\u00f3n Port\u00e1til para Herramientas, STST1-80151.<br \/>\n#Publicidad <span class=\"read-more\"><a class=\"more-link btn btn-transparent\" href=\"https:\/\/rockkofertas.com.es\/index.php\/producto\/b06xcbpfrn-2\/\">Leer m\u00e1s&#8230;<\/a><\/span><\/p>\n","protected":false},"featured_media":7332,"comment_status":"open","ping_status":"closed","template":"","meta":[],"product_cat":[15],"product_tag":[],"class_list":{"0":"post-7333","1":"product","2":"type-product","3":"status-publish","4":"has-post-thumbnail","6":"product_cat-sin-categorizar","8":"first","9":"instock","10":"shipping-taxable","11":"product-type-external"},"_links":{"self":[{"href":"https:\/\/rockkofertas.com.es\/index.php\/wp-json\/wp\/v2\/product\/7333","targetHints":{"allow":["GET"]}}],"collection":[{"href":"https:\/\/rockkofertas.com.es\/index.php\/wp-json\/wp\/v2\/product"}],"about":[{"href":"https:\/\/rockkofertas.com.es\/index.php\/wp-json\/wp\/v2\/types\/product"}],"replies":[{"embeddable":true,"href":"https:\/\/rockkofertas.com.es\/index.php\/wp-json\/wp\/v2\/comments?post=7333"}],"wp:featuredmedia":[{"embeddable":true,"href":"https:\/\/rockkofertas.com.es\/index.php\/wp-json\/wp\/v2\/media\/7332"}],"wp:attachment":[{"href":"https:\/\/rockkofertas.com.es\/index.php\/wp-json\/wp\/v2\/media?parent=7333"}],"wp:term":[{"taxonomy":"product_cat","embeddable":true,"href":"https:\/\/rockkofertas.com.es\/index.php\/wp-json\/wp\/v2\/product_cat?post=7333"},{"taxonomy":"product_tag","embeddable":true,"href":"https:\/\/rockkofertas.com.es\/index.php\/wp-json\/wp\/v2\/product_tag?post=7333"}],"curies":[{"name":"wp","href":"https:\/\/api.w.org\/{rel}","templated":true}]}}