{"id":7331,"date":"2025-11-25T10:46:30","date_gmt":"2025-11-25T10:46:30","guid":{"rendered":"https:\/\/rockkofertas.com.es\/index.php\/producto\/b0fnd9pyv2\/"},"modified":"2025-11-25T10:46:30","modified_gmt":"2025-11-25T10:46:30","slug":"b0fnd9pyv2","status":"publish","type":"product","link":"https:\/\/rockkofertas.com.es\/index.php\/producto\/b0fnd9pyv2\/","title":{"rendered":"B0FND9PYV2"},"content":{"rendered":"<p>&#8211; \u3010Succi\u00f3n potente de 30KPa\u3011Equipada con un motor de 600W de alto rendimiento, la C8PRO ofrece hasta 30KPa de potencia para eliminar polvo fino, pelos y suciedad incrustada. Su fuerte succi\u00f3n permite limpiar m\u00e1s r\u00e1pido y con menos pasadas.<br \/>\n&#8211; \u3010Movilidad libre,Limpieza continua\u3011El cable de 5 metros proporciona un alcance de hasta 50\u33a1 sin cambiar de enchufe. Permite una limpieza fluida y sin interrupciones, ideal para apartamentos y viviendas de tama\u00f1o medio.<br \/>\n&#8211; \u3010Cepillo de doble modo para m\u00faltiples superficies\u3011Un bot\u00f3n permite alternar entre tiras de goma y cerdas, adapt\u00e1ndose a suelos duros y alfombras sin necesidad de cambiar el cabezal. Mejora la eficiencia y ahorra tiempo en cada limpieza.<br \/>\n&#8211; \u3010Dise\u00f1o anti-enredos para menos mantenimiento\u3011El cabezal sin rodillo evita la acumulaci\u00f3n de pelos, reduciendo la necesidad de limpieza manual y manteniendo una succi\u00f3n estable. Perfecto para hogares con mascotas o cabello largo.<br \/>\n&#8211; \u3010Ultraligera y vers\u00e1til para toda la casa\u3011Con solo 1.5 kg, la C8PRO es f\u00e1cil de levantar y manejar con una mano. El tubo telesc\u00f3pico ajustable y la boquilla 2 en 1 permiten limpiar sof\u00e1s, esquinas, muebles y zonas altas sin esfuerzo.<br \/>\n&#8211; \u3010Filtraci\u00f3n eficiente con filtro HEPA lavable\u3011El sistema de filtraci\u00f3n multicapa captura el 99,99 % de las part\u00edculas finas de hasta 0,3 \u03bcm, evitando la contaminaci\u00f3n secundaria y mejorando la calidad del aire en el hogar.<\/p>\n","protected":false},"excerpt":{"rendered":"<p>VersLife C8PRO Aspiradora con Cable 30KPA, Escoba Aspiradora de 5m, Potente y Ligera, Dise\u00f1o Antienredos y Tubo Telesc\u00f3pico, para Pelos de Mascotas, Alfombras y Suelos<br \/>#Publicidad <span class=\"read-more\"><a class=\"more-link btn btn-transparent\" href=\"https:\/\/rockkofertas.com.es\/index.php\/producto\/b0fnd9pyv2\/\">Leer m\u00e1s&#8230;<\/a><\/span><\/p>\n","protected":false},"featured_media":7330,"comment_status":"open","ping_status":"closed","template":"","meta":[],"product_cat":[15],"product_tag":[],"class_list":{"0":"post-7331","1":"product","2":"type-product","3":"status-publish","4":"has-post-thumbnail","6":"product_cat-sin-categorizar","8":"first","9":"instock","10":"shipping-taxable","11":"product-type-external"},"_links":{"self":[{"href":"https:\/\/rockkofertas.com.es\/index.php\/wp-json\/wp\/v2\/product\/7331","targetHints":{"allow":["GET"]}}],"collection":[{"href":"https:\/\/rockkofertas.com.es\/index.php\/wp-json\/wp\/v2\/product"}],"about":[{"href":"https:\/\/rockkofertas.com.es\/index.php\/wp-json\/wp\/v2\/types\/product"}],"replies":[{"embeddable":true,"href":"https:\/\/rockkofertas.com.es\/index.php\/wp-json\/wp\/v2\/comments?post=7331"}],"wp:featuredmedia":[{"embeddable":true,"href":"https:\/\/rockkofertas.com.es\/index.php\/wp-json\/wp\/v2\/media\/7330"}],"wp:attachment":[{"href":"https:\/\/rockkofertas.com.es\/index.php\/wp-json\/wp\/v2\/media?parent=7331"}],"wp:term":[{"taxonomy":"product_cat","embeddable":true,"href":"https:\/\/rockkofertas.com.es\/index.php\/wp-json\/wp\/v2\/product_cat?post=7331"},{"taxonomy":"product_tag","embeddable":true,"href":"https:\/\/rockkofertas.com.es\/index.php\/wp-json\/wp\/v2\/product_tag?post=7331"}],"curies":[{"name":"wp","href":"https:\/\/api.w.org\/{rel}","templated":true}]}}