{"id":7325,"date":"2025-11-25T10:03:35","date_gmt":"2025-11-25T10:03:35","guid":{"rendered":"https:\/\/rockkofertas.com.es\/index.php\/producto\/b0frfjv449\/"},"modified":"2025-11-25T10:03:35","modified_gmt":"2025-11-25T10:03:35","slug":"b0frfjv449","status":"publish","type":"product","link":"https:\/\/rockkofertas.com.es\/index.php\/producto\/b0frfjv449\/","title":{"rendered":"B0FRFJV449"},"content":{"rendered":"<p>&#8211; Kit para Ahumar C\u00f3cteles: Nuestro kit perfecto para c\u00f3cteles incluye un ahumador, una cuchara, un cepillo de limpieza y 6 cajas de virutas de madera de diferentes sabores: manzana, cereza, roble, nogal americano, melocot\u00f3n y peral ahumado, 2 vasos con fondo de diamante rayado y 2 cubiteras. F\u00e1cil de transportar, puedes preparar una bebida ahumada en cualquier momento y lugar.<br \/>\n&#8211; Iluminaci\u00f3n LED de colores y potentes efectos de humo: Este ahumador est\u00e1 equipado con LED multicolores ajustables integrados con colores brillantes y vibrantes, disponibles en rojo, verde y azul. Cambie entre las opciones de iluminaci\u00f3n con un simple clic, creando un ambiente refinado para su degustaci\u00f3n. Un potente ventilador integrado acelera la difusi\u00f3n del humo, llenando r\u00e1pidamente su vaso y brind\u00e1ndole una experiencia de bar en casa inmersiva y profesional.<br \/>\n&#8211; F\u00e1cil de usar: Tanto si eres principiante como si eres un barman profesional, este ahumador el\u00e9ctrico para c\u00f3cteles es incre\u00edblemente f\u00e1cil de usar. Simplemente a\u00f1ade astillas de madera y coloca el ahumador sobre tu copa de c\u00f3ctel. No necesita butano y se enciende en 3 segundos con un solo interruptor. M\u00e1s seguro, m\u00e1s econ\u00f3mico y m\u00e1s pr\u00e1ctico. Una fusi\u00f3n perfecta de tradici\u00f3n e innovaci\u00f3n.<br \/>\n&#8211; Vers\u00e1til y f\u00e1cil de transportar: el ahumador es muy adecuado para todo tipo de alimentos y bebidas, incluyendo bourbon, c\u00f3ctel, whisky, queso, postres y carnes. El ahumador de c\u00f3cteles es muy c\u00f3modo de llevar. No se limita al uso de cocina y bar. Puedes llevarlo contigo durante picnics, pesca y viajes. Puedes hacer bebidas ahumadas en cualquier momento y en cualquier lugar.<br \/>\n&#8211; Regalo perfecto: Nuestro kit para fumar c\u00f3cteles es el regalo perfecto para los amantes del whisky, el bourbon y los c\u00f3cteles. Su elegante caja de regalo le da un toque de lujo y sofisticaci\u00f3n. Es perfecto para el D\u00eda del Padre, cumplea\u00f1os, Navidad o cualquier otra ocasi\u00f3n especial.<\/p>\n","protected":false},"excerpt":{"rendered":"<p>UPSPORT Kit de Ahumador de C\u00f3ctel, Kit de Ahumador de Whisky con 6 Chips de Madera, Kit de Ahumador Antiguo, Kit de Fumador de Whisky El\u00e9ctrico, Regalo para Padres, Esposos y Amantes de Los C\u00f3cteles<br \/>#Publicidad <span class=\"read-more\"><a class=\"more-link btn btn-transparent\" href=\"https:\/\/rockkofertas.com.es\/index.php\/producto\/b0frfjv449\/\">Leer m\u00e1s&#8230;<\/a><\/span><\/p>\n","protected":false},"featured_media":7324,"comment_status":"open","ping_status":"closed","template":"","meta":[],"product_cat":[15],"product_tag":[],"class_list":{"0":"post-7325","1":"product","2":"type-product","3":"status-publish","4":"has-post-thumbnail","6":"product_cat-sin-categorizar","8":"first","9":"instock","10":"shipping-taxable","11":"product-type-external"},"_links":{"self":[{"href":"https:\/\/rockkofertas.com.es\/index.php\/wp-json\/wp\/v2\/product\/7325","targetHints":{"allow":["GET"]}}],"collection":[{"href":"https:\/\/rockkofertas.com.es\/index.php\/wp-json\/wp\/v2\/product"}],"about":[{"href":"https:\/\/rockkofertas.com.es\/index.php\/wp-json\/wp\/v2\/types\/product"}],"replies":[{"embeddable":true,"href":"https:\/\/rockkofertas.com.es\/index.php\/wp-json\/wp\/v2\/comments?post=7325"}],"wp:featuredmedia":[{"embeddable":true,"href":"https:\/\/rockkofertas.com.es\/index.php\/wp-json\/wp\/v2\/media\/7324"}],"wp:attachment":[{"href":"https:\/\/rockkofertas.com.es\/index.php\/wp-json\/wp\/v2\/media?parent=7325"}],"wp:term":[{"taxonomy":"product_cat","embeddable":true,"href":"https:\/\/rockkofertas.com.es\/index.php\/wp-json\/wp\/v2\/product_cat?post=7325"},{"taxonomy":"product_tag","embeddable":true,"href":"https:\/\/rockkofertas.com.es\/index.php\/wp-json\/wp\/v2\/product_tag?post=7325"}],"curies":[{"name":"wp","href":"https:\/\/api.w.org\/{rel}","templated":true}]}}