{"id":7323,"date":"2025-11-25T08:32:41","date_gmt":"2025-11-25T08:32:41","guid":{"rendered":"https:\/\/rockkofertas.com.es\/index.php\/producto\/b0fxh7h9jk-2\/"},"modified":"2025-11-25T08:32:41","modified_gmt":"2025-11-25T08:32:41","slug":"b0fxh7h9jk-2","status":"publish","type":"product","link":"https:\/\/rockkofertas.com.es\/index.php\/producto\/b0fxh7h9jk-2\/","title":{"rendered":"B0FXH7H9JK"},"content":{"rendered":"<p>&#8211; EMMA &#8211; El Calefactor m\u00e1s vendido en Europa. Calefactor el\u00e9ctrico con dise\u00f1o est\u00e9tico y compacto, para un calentamiento r\u00e1pido de las salas de estar o ba\u00f1os.<br \/>\n&#8211; Pon punto final al fr\u00edo con el Calefactor EMMA. Dise\u00f1o compacto, potencia ajustable hasta 2000 W, y todas las protecciones para que s\u00f3lo te preocupes de abrigarte. F\u00e1cil de mover, intuitivo de usar y con el respaldo de una marca que apuesta por la calidad.<br \/>\n&#8211; Calefacci\u00f3n a su gusto: regulaci\u00f3n individual de la temperatura mediante termostato continuamente ajustable, mantenimiento de la temperatura deseada.<br \/>\n&#8211; Materiales y Componentes de Alta Calidad. Uso seguro: apagado autom\u00e1tico en caso de ca\u00edda, protecci\u00f3n contra el sobrecalentamiento, indicador luminoso, f\u00e1cil limpieza.<br \/>\n&#8211; EMMA, la marca de garant\u00eda.<br \/>\n&#8211; Estufa, Radiador o Calefactor EMMA.<\/p>\n","protected":false},"excerpt":{"rendered":"<p>Calefactor EMMA &#8211; Env\u00edo 24h &#8211; Radidador Ultrasilencioso &#8211; Alta Categor\u00eda &#8211; Estufa con Protecci\u00f3n de Sobrecalentamiento &#8211; Hal\u00f3geno &#8211; Hasta 25m2 &#8211; Radiador Bajo Consumo &#8211; Niveles de Potencia<br \/>#Publicidad <span class=\"read-more\"><a class=\"more-link btn btn-transparent\" href=\"https:\/\/rockkofertas.com.es\/index.php\/producto\/b0fxh7h9jk-2\/\">Leer m\u00e1s&#8230;<\/a><\/span><\/p>\n","protected":false},"featured_media":7322,"comment_status":"open","ping_status":"closed","template":"","meta":[],"product_cat":[15],"product_tag":[],"class_list":{"0":"post-7323","1":"product","2":"type-product","3":"status-publish","4":"has-post-thumbnail","6":"product_cat-sin-categorizar","8":"first","9":"instock","10":"shipping-taxable","11":"product-type-external"},"_links":{"self":[{"href":"https:\/\/rockkofertas.com.es\/index.php\/wp-json\/wp\/v2\/product\/7323","targetHints":{"allow":["GET"]}}],"collection":[{"href":"https:\/\/rockkofertas.com.es\/index.php\/wp-json\/wp\/v2\/product"}],"about":[{"href":"https:\/\/rockkofertas.com.es\/index.php\/wp-json\/wp\/v2\/types\/product"}],"replies":[{"embeddable":true,"href":"https:\/\/rockkofertas.com.es\/index.php\/wp-json\/wp\/v2\/comments?post=7323"}],"wp:featuredmedia":[{"embeddable":true,"href":"https:\/\/rockkofertas.com.es\/index.php\/wp-json\/wp\/v2\/media\/7322"}],"wp:attachment":[{"href":"https:\/\/rockkofertas.com.es\/index.php\/wp-json\/wp\/v2\/media?parent=7323"}],"wp:term":[{"taxonomy":"product_cat","embeddable":true,"href":"https:\/\/rockkofertas.com.es\/index.php\/wp-json\/wp\/v2\/product_cat?post=7323"},{"taxonomy":"product_tag","embeddable":true,"href":"https:\/\/rockkofertas.com.es\/index.php\/wp-json\/wp\/v2\/product_tag?post=7323"}],"curies":[{"name":"wp","href":"https:\/\/api.w.org\/{rel}","templated":true}]}}