{"id":7315,"date":"2025-11-25T00:00:53","date_gmt":"2025-11-25T00:00:53","guid":{"rendered":"https:\/\/rockkofertas.com.es\/index.php\/producto\/b0f9f9t5zv\/"},"modified":"2025-11-25T00:00:53","modified_gmt":"2025-11-25T00:00:53","slug":"b0f9f9t5zv","status":"publish","type":"product","link":"https:\/\/rockkofertas.com.es\/index.php\/producto\/b0f9f9t5zv\/","title":{"rendered":"B0F9F9T5ZV"},"content":{"rendered":"<p>&#8211; \ud83d\udeb2\u30102025 BICICLETA EST\u00c1TICA L\u00cdDER CON APP\u3011Toputure bicicleta est\u00e1tica Profesional es compatible con las apps Fitshow\/Zwift\/kinomap y monitoriza datos de ejercicio en interiores en tiempo real, incluyendo PULSE, TIEMPO, VELOCIDAD, RPM, DISTANCIA y CALOR\u00cdAS QUEMADAS. Funciona con dos pilas AA, se conecta a la aplicaci\u00f3n mediante Bluetooth y permite participar en competiciones recreativas para quemar grasa de una forma divertida y eficaz.<br \/>\n&#8211; \ud83d\udeb2\u3010BICICLETA EST\u00c1TICA CON PULS\u00d3METRO\u3011La Bicicleta Est\u00e1tica registra la frecuencia card\u00edaca, lo que le permite controlar la intensidad del ejercicio y optimizar la quema de grasa. Al usar la bicicleta est\u00e1tica, sostener el sensor en la mano es c\u00f3modo y r\u00e1pido, lo que puede prevenir riesgos al hacer ejercicio. Si nota que su frecuencia card\u00edaca es demasiado alta, puede reducir la intensidad o detener el ejercicio a tiempo.<br \/>\n&#8211; \ud83d\udeb2\u3010TRES NIVELES DE INTENSIDAD DEL EJERCICIO\u3011Esta Bicicleta Estatica Spinning est\u00e1 equipada con un volante de inercia de 15 kg y una potente resistencia magn\u00e9tica, lo que ofrece un rango de entrenamiento m\u00e1s amplio. Utilice tres posiciones de agarre para hacer ejercicio: CALENTAMIENTO\/SUBIR SENTADO\/SUBIR DE PIE. Al estar de pie, se puede usar con un monitor de frecuencia card\u00edaca para monitorear los datos del ejercicio.<br \/>\n&#8211; \ud83d\udeb2\u3010BICICLETA EST\u00c1TICA SILENCIOSA INDOOR\u3011Esta bicicleta estatica cuenta con un sistema de transmisi\u00f3n por correa, lo que le permite funcionar de forma silenciosa y suave. Equipada con resistencia magn\u00e9tica mejorada, ofrece un equilibrio perfecto entre una resistencia potente y una experiencia de pedaleo fluida, lo que la hace ideal para uso dom\u00e9stico. No tendr\u00e1 que preocuparse por molestar a otras personas en el dormitorio, el sal\u00f3n o el balc\u00f3n.<br \/>\n&#8211; \ud83d\udeb2\u3010DISE\u00d1O ESTABLE Y SEGURO\u3011Esta bicicleta est\u00e1tica cuenta con un cuadro triangular y una estructura inferior en forma de V, lo que permite realizar ejercicios aer\u00f3bicos de forma segura en casa. La bici estatica para interiores est\u00e1 fabricada con un robusto marco de aluminio y acero, MAX 160 KG, lo que garantiza la estabilidad incluso cuando se pedalea de pie, y ofrece una mayor resistencia y durabilidad.<br \/>\n&#8211; \ud83d\udeb2\u3010BICICLETA EST\u00c1TICA PERSONALIZADA\u3011bici estatica con manillar ajustable en 2 direcciones y asiento acolchado en 4 direcciones, ideal para personas de entre 158 cm y 195 cm de altura. Una bicicleta de spinning para entrenamiento cardiovascular familiar. Esta bicicleta est\u00e1tica para casa est\u00e1 equipada con una pantalla LCD, un soporte para tableta y un soporte para botella de agua para facilitar su uso.<br \/>\n&#8211; \ud83d\udeb2\u301024 HORAS DE SERVICIO POST-VENTA\u3011Todas las herramientas e instrucciones est\u00e1n en el paquete y el 70% de la instalaci\u00f3n ha sido pre-completado. El video de instrucciones en l\u00ednea puede ayudarlo a completar el ensamblaje de la bici estatica en 30 minutos. Proporcionamos a los clientes un a\u00f1o de reemplazo de piezas de forma gratuita y sus inquietudes se responden dentro de las 24 horas. Si tiene alg\u00fan problema despu\u00e9s de recibir la bici estatica, por favor inf\u00f3rmenos a tiempo y lo resolveremos activamente.<\/p>\n","protected":false},"excerpt":{"rendered":"<p>2025 Toputure Bicicleta Estatica con Puls\u00f3metro y APP, Bici Estatica Profesional Ultra Silenciosa y Estable, Asiento C\u00f3modo, Soporte para Tableta y Portabotellas, Volante 15 KG, MAX 160KG<br \/>\n#Publicidad <span class=\"read-more\"><a class=\"more-link btn btn-transparent\" href=\"https:\/\/rockkofertas.com.es\/index.php\/producto\/b0f9f9t5zv\/\">Leer m\u00e1s&#8230;<\/a><\/span><\/p>\n","protected":false},"featured_media":7314,"comment_status":"open","ping_status":"closed","template":"","meta":[],"product_cat":[15],"product_tag":[],"class_list":{"0":"post-7315","1":"product","2":"type-product","3":"status-publish","4":"has-post-thumbnail","6":"product_cat-sin-categorizar","8":"first","9":"instock","10":"shipping-taxable","11":"product-type-external"},"_links":{"self":[{"href":"https:\/\/rockkofertas.com.es\/index.php\/wp-json\/wp\/v2\/product\/7315","targetHints":{"allow":["GET"]}}],"collection":[{"href":"https:\/\/rockkofertas.com.es\/index.php\/wp-json\/wp\/v2\/product"}],"about":[{"href":"https:\/\/rockkofertas.com.es\/index.php\/wp-json\/wp\/v2\/types\/product"}],"replies":[{"embeddable":true,"href":"https:\/\/rockkofertas.com.es\/index.php\/wp-json\/wp\/v2\/comments?post=7315"}],"wp:featuredmedia":[{"embeddable":true,"href":"https:\/\/rockkofertas.com.es\/index.php\/wp-json\/wp\/v2\/media\/7314"}],"wp:attachment":[{"href":"https:\/\/rockkofertas.com.es\/index.php\/wp-json\/wp\/v2\/media?parent=7315"}],"wp:term":[{"taxonomy":"product_cat","embeddable":true,"href":"https:\/\/rockkofertas.com.es\/index.php\/wp-json\/wp\/v2\/product_cat?post=7315"},{"taxonomy":"product_tag","embeddable":true,"href":"https:\/\/rockkofertas.com.es\/index.php\/wp-json\/wp\/v2\/product_tag?post=7315"}],"curies":[{"name":"wp","href":"https:\/\/api.w.org\/{rel}","templated":true}]}}