{"id":7311,"date":"2025-11-24T20:01:27","date_gmt":"2025-11-24T20:01:27","guid":{"rendered":"https:\/\/rockkofertas.com.es\/index.php\/producto\/b07w7kgyn1-2\/"},"modified":"2025-11-24T20:01:27","modified_gmt":"2025-11-24T20:01:27","slug":"b07w7kgyn1-2","status":"publish","type":"product","link":"https:\/\/rockkofertas.com.es\/index.php\/producto\/b07w7kgyn1-2\/","title":{"rendered":"B07W7KGYN1"},"content":{"rendered":"<p>&#8211; Innovadora tecnolog\u00eda SilentTouch para ofrecer la misma sensaci\u00f3n de escritura y clic con un 90% menos de ruido (1)<br \/>\n&#8211; Teclado con 8 accesos directos pr\u00e1cticos y teclado num\u00e9rico completo para una introducci\u00f3n de datos eficiente y una navegaci\u00f3n m\u00e1s sencilla. Acceso con una sola pulsaci\u00f3n para reproducci\u00f3n\/pausa, volumen, silencio e Internet<br \/>\n&#8211; Forma contorneada y port\u00e1til con clics precisos y fluidos as en la mayor\u00eda de las superficies, y tecnolog\u00eda SilentTouch para clics discretos<br \/>\n&#8211; Conecta en 3 segundos (2) con un min\u00fasculo receptor que ofrece una conexi\u00f3n inal\u00e1mbrica potente y fiable de 2,4 GHz y un radio de acci\u00f3n de 10 m para mantener un escritorio despejado y ordenado<br \/>\n&#8211; Compatible con Windows o ChromeOS, se conecta f\u00e1cilmente para funcionar de modo Plug and Play<br \/>\n&#8211; Dise\u00f1o a prueba de salpicaduras (3), teclas duraderas con patas robustas y ajustables a distintas alturas<br \/>\n&#8211; Las pilas del teclado ofrecen una duraci\u00f3n de 36 meses y las del rat\u00f3n 18 (con conmutadores de encendido\/apagado). Para reducir las preocupaciones por tener que cambiar las pilas (4)<br \/>\n&#8211; Las piezas de pl\u00e1stico de MK295 grafito incluyen pl\u00e1stico reciclado posconsumo con certificaci\u00f3n: 49% para el rat\u00f3n y 71% para el teclado.<\/p>\n","protected":false},"excerpt":{"rendered":"<p>Logitech MK295 Silent Combinaci\u00f3n de Teclado y Rat\u00f3n Inal\u00e1mbricos con SilentTouch, Seguimiento \u00d3ptico, Tecnolog\u00eda Inal\u00e1mbrica sin Demoras, 90% Menos de Ruido, QWERTY Espa\u00f1ol, Negro<br \/>\n#Publicidad <span class=\"read-more\"><a class=\"more-link btn btn-transparent\" href=\"https:\/\/rockkofertas.com.es\/index.php\/producto\/b07w7kgyn1-2\/\">Leer m\u00e1s&#8230;<\/a><\/span><\/p>\n","protected":false},"featured_media":7310,"comment_status":"open","ping_status":"closed","template":"","meta":[],"product_cat":[15],"product_tag":[],"class_list":{"0":"post-7311","1":"product","2":"type-product","3":"status-publish","4":"has-post-thumbnail","6":"product_cat-sin-categorizar","8":"first","9":"instock","10":"shipping-taxable","11":"product-type-external"},"_links":{"self":[{"href":"https:\/\/rockkofertas.com.es\/index.php\/wp-json\/wp\/v2\/product\/7311","targetHints":{"allow":["GET"]}}],"collection":[{"href":"https:\/\/rockkofertas.com.es\/index.php\/wp-json\/wp\/v2\/product"}],"about":[{"href":"https:\/\/rockkofertas.com.es\/index.php\/wp-json\/wp\/v2\/types\/product"}],"replies":[{"embeddable":true,"href":"https:\/\/rockkofertas.com.es\/index.php\/wp-json\/wp\/v2\/comments?post=7311"}],"wp:featuredmedia":[{"embeddable":true,"href":"https:\/\/rockkofertas.com.es\/index.php\/wp-json\/wp\/v2\/media\/7310"}],"wp:attachment":[{"href":"https:\/\/rockkofertas.com.es\/index.php\/wp-json\/wp\/v2\/media?parent=7311"}],"wp:term":[{"taxonomy":"product_cat","embeddable":true,"href":"https:\/\/rockkofertas.com.es\/index.php\/wp-json\/wp\/v2\/product_cat?post=7311"},{"taxonomy":"product_tag","embeddable":true,"href":"https:\/\/rockkofertas.com.es\/index.php\/wp-json\/wp\/v2\/product_tag?post=7311"}],"curies":[{"name":"wp","href":"https:\/\/api.w.org\/{rel}","templated":true}]}}