{"id":7301,"date":"2025-11-24T13:21:21","date_gmt":"2025-11-24T13:21:21","guid":{"rendered":"https:\/\/rockkofertas.com.es\/index.php\/producto\/b0crbl6s5j\/"},"modified":"2025-11-24T13:21:21","modified_gmt":"2025-11-24T13:21:21","slug":"b0crbl6s5j","status":"publish","type":"product","link":"https:\/\/rockkofertas.com.es\/index.php\/producto\/b0crbl6s5j\/","title":{"rendered":"B0CRBL6S5J"},"content":{"rendered":"<p>&#8211; El Doble de Largo que Otros \u2013 Cada rollo de nuestro precinto transparente para embalar contiene 132 metros de longitud. Este formato industrial ofrece una mejor relaci\u00f3n precio-metro, ya que obtienes m\u00e1s celo transparente a un coste menor.<br \/>\n&#8211; Cierra tus Cajas de Cart\u00f3n sin Preocupaciones \u2013 Nuestro celo transparente para embalar est\u00e1 fabricado con los mejores y m\u00e1s resistentes materiales. Despreoc\u00fapate de sufrir roturas y da\u00f1os durante el embalaje.<br \/>\n&#8211; Fabricado con Adhesivo Acr\u00edlico \u2013 Estos rollos de precinto de embalar transparentes est\u00e1n fabricados sobre una base de polipropileno biorientado con adhesivo acr\u00edlico hecho a base de agua, sin disolventes.<br \/>\n&#8211; Soporte Resistente de 40 Micras &#8211; La cinta de soporte de los rollos de precinto de Precifilm ofrecen una gran resistencia, al estar fabricadas en un pl\u00e1stico de 40 micras de grosor total, evitando as\u00ed roturas innecesarias.<br \/>\n&#8211; Fabricado Con el 35% de Pl\u00e1stico Reciclado \u2013 Estos rollos de celo transparente favorecen la sostenibilidad del medio ambiente al estar fabricados con el 35% de pl\u00e1stico reciclado y ser 100% reciclables.<\/p>\n","protected":false},"excerpt":{"rendered":"<p>Precifilm Celo Transparente &#8211; 36 rollos &#8211; Precinto Transparente Para Embalar &#8211; Alta Adhesividad y Resistencia para Uso Profesional y Dom\u00e9stico &#8211; 132 metros x 50 mm<br \/>#Publicidad <span class=\"read-more\"><a class=\"more-link btn btn-transparent\" href=\"https:\/\/rockkofertas.com.es\/index.php\/producto\/b0crbl6s5j\/\">Leer m\u00e1s&#8230;<\/a><\/span><\/p>\n","protected":false},"featured_media":7300,"comment_status":"open","ping_status":"closed","template":"","meta":[],"product_cat":[15],"product_tag":[],"class_list":{"0":"post-7301","1":"product","2":"type-product","3":"status-publish","4":"has-post-thumbnail","6":"product_cat-sin-categorizar","8":"first","9":"instock","10":"shipping-taxable","11":"product-type-external"},"_links":{"self":[{"href":"https:\/\/rockkofertas.com.es\/index.php\/wp-json\/wp\/v2\/product\/7301","targetHints":{"allow":["GET"]}}],"collection":[{"href":"https:\/\/rockkofertas.com.es\/index.php\/wp-json\/wp\/v2\/product"}],"about":[{"href":"https:\/\/rockkofertas.com.es\/index.php\/wp-json\/wp\/v2\/types\/product"}],"replies":[{"embeddable":true,"href":"https:\/\/rockkofertas.com.es\/index.php\/wp-json\/wp\/v2\/comments?post=7301"}],"wp:featuredmedia":[{"embeddable":true,"href":"https:\/\/rockkofertas.com.es\/index.php\/wp-json\/wp\/v2\/media\/7300"}],"wp:attachment":[{"href":"https:\/\/rockkofertas.com.es\/index.php\/wp-json\/wp\/v2\/media?parent=7301"}],"wp:term":[{"taxonomy":"product_cat","embeddable":true,"href":"https:\/\/rockkofertas.com.es\/index.php\/wp-json\/wp\/v2\/product_cat?post=7301"},{"taxonomy":"product_tag","embeddable":true,"href":"https:\/\/rockkofertas.com.es\/index.php\/wp-json\/wp\/v2\/product_tag?post=7301"}],"curies":[{"name":"wp","href":"https:\/\/api.w.org\/{rel}","templated":true}]}}