{"id":7299,"date":"2025-11-24T12:00:57","date_gmt":"2025-11-24T12:00:57","guid":{"rendered":"https:\/\/rockkofertas.com.es\/index.php\/producto\/b07gs6zb7t-3\/"},"modified":"2025-11-24T12:00:57","modified_gmt":"2025-11-24T12:00:57","slug":"b07gs6zb7t-3","status":"publish","type":"product","link":"https:\/\/rockkofertas.com.es\/index.php\/producto\/b07gs6zb7t-3\/","title":{"rendered":"B07GS6ZB7T"},"content":{"rendered":"<p>&#8211; Sensor HERO 25K: la pr\u00f3xima generaci\u00f3n del sensor \u00f3ptico HERO brinda una nueva precisi\u00f3n a su mouse de hasta 25,600 DPI sin generar suavizado, filtrado ni aceleraci\u00f3n. Tasa de informe USB: 1000 Hz (1 ms).<br \/>\n&#8211; 11 botones programables y rueda de desplazamiento ultrarr\u00e1pida de modo dual: el mouse para juegos con cable Logitech G le brinda una personalizaci\u00f3n completa de su configuraci\u00f3n de juego.<br \/>\n&#8211; Peso ajustable: ajuste el deslizamiento de su mouse. cinco pesos de 3,6 g vienen con el mouse con cable G502 HERO para encontrar la configuraci\u00f3n perfecta y optimizar su rendimiento de juego.<br \/>\n&#8211; LIGHTSYNC RGB: la tecnolog\u00eda LIGHTSYNC le brinda iluminaci\u00f3n RGB totalmente personalizable, sincroniza animaciones y efectos de iluminaci\u00f3n con sus otros dispositivos Logitech G. Aceleraci\u00f3n m\u00e1xima: &gt; 40 G.<br \/>\n&#8211; Sistema de tensi\u00f3n de bot\u00f3n mec\u00e1nico: cada clic es m\u00e1s n\u00edtido y confiable gracias a un sistema de tensi\u00f3n mec\u00e1nica con resortes y pivotes en los botones izquierdo y derecho.<br \/>\n&#8211; Sensor de pr\u00f3xima generaci\u00f3n: capaz de detectar movimiento submicr\u00f3nico y rastrear el movimiento a menos de una millon\u00e9sima de metro con una precisi\u00f3n excepcional.<br \/>\n&#8211; Perif\u00e9rico para juegos no. 1 del mundo: basado en datos agregados independientes (febrero de 2019 &#8211; febrero de 2020) de recuentos de unidades de perif\u00e9ricos para juegos (teclados, ratones y auriculares para PC).<\/p>\n","protected":false},"excerpt":{"rendered":"<p>Logitech G G502 HERO Rat\u00f3n Gaming con Cable Alto Rendimiento, Captor HERO 25K, 25,600 DPI, RGB, Peso Personalizable, 11 Botones Programables, Memoria Integrada, PC\/Mac &#8211; Negro<br \/>\n#Publicidad <span class=\"read-more\"><a class=\"more-link btn btn-transparent\" href=\"https:\/\/rockkofertas.com.es\/index.php\/producto\/b07gs6zb7t-3\/\">Leer m\u00e1s&#8230;<\/a><\/span><\/p>\n","protected":false},"featured_media":7298,"comment_status":"open","ping_status":"closed","template":"","meta":[],"product_cat":[15],"product_tag":[],"class_list":{"0":"post-7299","1":"product","2":"type-product","3":"status-publish","4":"has-post-thumbnail","6":"product_cat-sin-categorizar","8":"first","9":"instock","10":"shipping-taxable","11":"product-type-external"},"_links":{"self":[{"href":"https:\/\/rockkofertas.com.es\/index.php\/wp-json\/wp\/v2\/product\/7299","targetHints":{"allow":["GET"]}}],"collection":[{"href":"https:\/\/rockkofertas.com.es\/index.php\/wp-json\/wp\/v2\/product"}],"about":[{"href":"https:\/\/rockkofertas.com.es\/index.php\/wp-json\/wp\/v2\/types\/product"}],"replies":[{"embeddable":true,"href":"https:\/\/rockkofertas.com.es\/index.php\/wp-json\/wp\/v2\/comments?post=7299"}],"wp:featuredmedia":[{"embeddable":true,"href":"https:\/\/rockkofertas.com.es\/index.php\/wp-json\/wp\/v2\/media\/7298"}],"wp:attachment":[{"href":"https:\/\/rockkofertas.com.es\/index.php\/wp-json\/wp\/v2\/media?parent=7299"}],"wp:term":[{"taxonomy":"product_cat","embeddable":true,"href":"https:\/\/rockkofertas.com.es\/index.php\/wp-json\/wp\/v2\/product_cat?post=7299"},{"taxonomy":"product_tag","embeddable":true,"href":"https:\/\/rockkofertas.com.es\/index.php\/wp-json\/wp\/v2\/product_tag?post=7299"}],"curies":[{"name":"wp","href":"https:\/\/api.w.org\/{rel}","templated":true}]}}