{"id":7297,"date":"2025-11-24T10:30:37","date_gmt":"2025-11-24T10:30:37","guid":{"rendered":"https:\/\/rockkofertas.com.es\/index.php\/producto\/b0fr9qx83g\/"},"modified":"2025-11-24T10:30:37","modified_gmt":"2025-11-24T10:30:37","slug":"b0fr9qx83g","status":"publish","type":"product","link":"https:\/\/rockkofertas.com.es\/index.php\/producto\/b0fr9qx83g\/","title":{"rendered":"B0FR9QX83G"},"content":{"rendered":"<p>&#8211; \ud83d\udc96\u3010Sistema Android 15 + \u00daltima Versi\u00f3n Gemini AI\u3011 Esta tableta de 11 pulgadas funciona con el \u00faltimo sistema Android 15, lo que ofrece una seguridad mejorada, controles de permisos avanzados y una integraci\u00f3n optimizada de las aplicaciones. Con la tecnolog\u00eda Gemini AI, mejora significativamente las capacidades de traducci\u00f3n en tiempo real, edici\u00f3n de fotos y gesti\u00f3n de recursos, de forma m\u00e1s inteligente, r\u00e1pida e intuitiva. La elecci\u00f3n perfecta tanto para el trabajo como para el ocio.<br \/>\n&#8211; \ud83d\udc96\u301024GB RAM + 256GB ROM + 2 TB Almacenamiento Ampliable\u3011Esta tableta cuenta con unas especificaciones formidables, con 24GB RAM (8+16) y 256GB almacenamiento ROM, ampliable hasta 2 TB. Es compatible con la tecnolog\u00eda de memoria flash UFS 2.2, lo que mejora significativamente la velocidad de descarga web y la fluidez de navegaci\u00f3n para una experiencia m\u00e1s fluida en el aprendizaje, el trabajo y el entretenimiento. Elimina por completo las preocupaciones relacionadas con el almacenamiento. Para aquellos que buscan una tableta de pantalla grande, este dispositivo representa la soluci\u00f3n de memoria perfecta.<br \/>\n&#8211; \ud83d\udc96\u3010Pantalla Grande 11 Pulgadas + Funda Protectora de Silicona EVA\u3011Esta tableta de 11 pulgadas cuenta con una pantalla con resoluci\u00f3n Full HD con colores vibrantes y un filtro de luz azul que protege la vista. Ya sea para estudiar, trabajar, navegar por Internet, jugar o ver series, ofrece una experiencia visual excepcional. El cuerpo es delgado y ligero, mientras que nuestra funda protectora de silicona EVA recientemente actualizada ofrece una mayor resistencia a las ca\u00eddas y una estabilidad mejorada cuando se coloca. Proporciona una doble protecci\u00f3n de 360 grados, lo que garantiza la comodidad incluso durante un uso prolongado.<br \/>\n&#8211; \ud83d\udc96\u3010C\u00e1maras Frontal y Trasera Alta Aefinici\u00f3n\u3011Esta tableta cuenta con c\u00e1maras frontal y trasera de alta definici\u00f3n de 13 MP + 5 MP, que ofrecen una reproducci\u00f3n perfecta del color tanto para selfies de cerca como de lejos, capturando cada detalle. Incluso a la luz de la luna, produce sin esfuerzo fotos impresionantes. Cuando se toman fotos grupales con amigos y familiares, garantiza que todos queden claramente dentro del encuadre.<br \/>\n&#8211; \ud83d\udc96\u3010Potente Procesador Octa-Core\u3011El procesador Unisoc T606 cuenta con n\u00facleos A75 de 2,0 GHz de alto rendimiento y n\u00facleos A55 de bajo consumo, lo que le confiere un rendimiento superior. Su GPU Mali-G57 reproduce im\u00e1genes de juegos con mayor viveza y realismo. El procesador octa-core ofrece una experiencia fluida y segura, lo que garantiza un inicio r\u00e1pido de las aplicaciones, cursos en l\u00ednea sin interrupciones, llamadas ininterrumpidas y una experiencia de juego sin retrasos ni interrupciones en los t\u00edtulos m\u00e1s exigentes para tabletas. Cada detalle se reproduce con una suavidad sedosa, manteniendo un rendimiento fluido y fiable en todo momento.<br \/>\n&#8211; \ud83d\udc96\u3010Bater\u00eda Capacidad Ultraalta 8000 mAh\u3011Esta tableta cuenta con una bater\u00eda de alta capacidad de 8000 mAh, lo que proporciona tiempos de carga m\u00e1s cortos y una mayor duraci\u00f3n de la bater\u00eda. Tanto si te sumerges en v\u00eddeos, navegas por Internet o escuchas m\u00fasica cautivadora, disfrutar\u00e1s de una alimentaci\u00f3n ininterrumpida, lo que garantiza que cada momento de entretenimiento y aprendizaje fluya a la perfecci\u00f3n. Incluso cuando la lleves a clase, no tendr\u00e1s que preocuparte por quedarte sin bater\u00eda.<br \/>\n&#8211; \ud83d\udc96\u3010Multifuncional\u3011WiFi y Bluetooth 5.0 en doble pantalla, certificaci\u00f3n Widevine L1, altavoces duales, marco met\u00e1lico ultradelgado, nueva funda protectora de silicona EVA, compatibilidad con pantalla dividida, funci\u00f3n GPS, control parental, compatibilidad con duplicaci\u00f3n de pantalla, compatibilidad con transferencia de archivos y mucho m\u00e1s. Esta tableta de gran pantalla con funda protectora de silicona EVA te abrir\u00e1 las puertas a una nueva dimensi\u00f3n de experiencia en pantalla grande.<\/p>\n","protected":false},"excerpt":{"rendered":"<p>Dghrti Tablet Android 15 con EVA Silicona Funda Protectora, 24GB+ 256GB\/2TB, Ni\u00f1os Tablet 11 Pulgadas Octa-Core, Gemini AI\/Widevine L1, 8000 mAh, 13MP+5MP, Cuerpo Met\u00e1lico, Tableta Grande-Verde<br \/>#Publicidad <span class=\"read-more\"><a class=\"more-link btn btn-transparent\" href=\"https:\/\/rockkofertas.com.es\/index.php\/producto\/b0fr9qx83g\/\">Leer m\u00e1s&#8230;<\/a><\/span><\/p>\n","protected":false},"featured_media":7296,"comment_status":"open","ping_status":"closed","template":"","meta":[],"product_cat":[15],"product_tag":[],"class_list":{"0":"post-7297","1":"product","2":"type-product","3":"status-publish","4":"has-post-thumbnail","6":"product_cat-sin-categorizar","8":"first","9":"instock","10":"shipping-taxable","11":"product-type-external"},"_links":{"self":[{"href":"https:\/\/rockkofertas.com.es\/index.php\/wp-json\/wp\/v2\/product\/7297","targetHints":{"allow":["GET"]}}],"collection":[{"href":"https:\/\/rockkofertas.com.es\/index.php\/wp-json\/wp\/v2\/product"}],"about":[{"href":"https:\/\/rockkofertas.com.es\/index.php\/wp-json\/wp\/v2\/types\/product"}],"replies":[{"embeddable":true,"href":"https:\/\/rockkofertas.com.es\/index.php\/wp-json\/wp\/v2\/comments?post=7297"}],"wp:featuredmedia":[{"embeddable":true,"href":"https:\/\/rockkofertas.com.es\/index.php\/wp-json\/wp\/v2\/media\/7296"}],"wp:attachment":[{"href":"https:\/\/rockkofertas.com.es\/index.php\/wp-json\/wp\/v2\/media?parent=7297"}],"wp:term":[{"taxonomy":"product_cat","embeddable":true,"href":"https:\/\/rockkofertas.com.es\/index.php\/wp-json\/wp\/v2\/product_cat?post=7297"},{"taxonomy":"product_tag","embeddable":true,"href":"https:\/\/rockkofertas.com.es\/index.php\/wp-json\/wp\/v2\/product_tag?post=7297"}],"curies":[{"name":"wp","href":"https:\/\/api.w.org\/{rel}","templated":true}]}}