{"id":7287,"date":"2025-11-23T22:01:22","date_gmt":"2025-11-23T22:01:22","guid":{"rendered":"https:\/\/rockkofertas.com.es\/index.php\/producto\/b0d3strrym-3\/"},"modified":"2025-11-23T22:01:22","modified_gmt":"2025-11-23T22:01:22","slug":"b0d3strrym-3","status":"publish","type":"product","link":"https:\/\/rockkofertas.com.es\/index.php\/producto\/b0d3strrym-3\/","title":{"rendered":"B0D3STRRYM"},"content":{"rendered":"<p>&#8211; \ud83e\uddf3 \u3010Actualizaci\u00f3n Completa 15,6&#8243; Pantalla Completa\u3011: Portable monitor actualizada del port\u00e1til no solo ofrece un rendimiento visual superior, sino que tambi\u00e9n proporciona un \u00e1rea de visualizaci\u00f3n m\u00e1s amplia sin dejar de ser extraordinariamente ligera. Con una gama de colores sRGB del 120 % y 16,7 millones de colores, cuenta con una resoluci\u00f3n de 1920 x 1080 y un brillo de 300 cd\/m\u00b2. Esto permite obtener colores vivos y realistas y ofrece una calidad de imagen excepcional. Ideal para editores de v\u00eddeo, dise\u00f1adores gr\u00e1ficos, gamers y profesionales que necesitan im\u00e1genes precisas para trabajos creativos, juegos o streaming de contenidos.<br \/>\n&#8211; \ud83d\udd06 \u3010Plug and Play\u3011Este extensor de triple pantalla es compatible con todos los ordenadores port\u00e1tiles. La pantalla externa port\u00e1til viene con un juego completo de cables (2 cables USB-C, 2 cables USB-A, 2 cable HDMI ). Solo tiene que conectar el puerto Type-C (puerto con todas las funciones) de su ordenador port\u00e1til al puerto Type-C de la pantalla mediante un \u00fanico cable USB-C. Tambi\u00e9n puede conectarlo mediante cables USB-A y cables HDMI. Nota: \u00a1El cable USB-A a USB-C solo admite la suministro de energ\u00eda!<br \/>\n&#8211; \u26a1\u301011 Modos de Combinaci\u00f3n DIY\u3011: esta tripel pantalla port\u00e1til de triple monitor admite una rotaci\u00f3n de 0 a 235 grados y un plegado de 90 grados. Con 11 configuraciones personalizables, se adapta horizontal o verticalmente para adaptarse a diversos entornos de oficina. La funda de transporte incluida garantiza la portabilidad, lo que la hace ideal para profesionales que viajan con frecuencia, trabajan a distancia o se desplazan diariamente al trabajo, es decir, aquellos que necesitan una soluci\u00f3n port\u00e1til y que ahorre espacio.<br \/>\n&#8211; \ud83d\udcbb\u3010Aumento de la Productividad del 300 %\u3011: Laptop screen extender admite tres modos (duplicar, extender y duplicar) que permiten realizar m\u00faltiples tareas sin interrupciones y aumentan la eficiencia del trabajo en un 300 %. Dise\u00f1ado para programadores, comerciantes, dise\u00f1adores y usuarios de oficina que necesitan una mayor productividad para el comercio o los flujos de trabajo con m\u00faltiples aplicaciones. Adem\u00e1s, los botones multifuncionales permiten ajustar de forma independiente el brillo, el volumen, el contraste y otros par\u00e1metros de cada pantalla, adapt\u00e1ndose a las necesidades personales.<br \/>\n&#8211; \ud83c\udf81\u3010Asistencia T\u00e9cnica Especializada 24\/7 para Garantizar una Instalaci\u00f3n Perfecta del Dispositivo\u3011: ofrecemos un a\u00f1o de garant\u00eda y asistencia t\u00e9cnica las 24 horas del d\u00eda. Debido a las limitaciones inherentes al propio ordenador port\u00e1til, pueden surgir problemas de compatibilidad, como: solo poder conectarse a un monitor, mostrar Sin se\u00f1al, Modo de ahorro de energ\u00eda o una pantalla negra. Nuestro equipo profesional est\u00e1 disponible las 24 horas del d\u00eda para ayudarle. P\u00f3ngase en contacto con nosotros a trav\u00e9s de los datos que figuran en el embalaje y le proporcionaremos asistencia inmediata.<\/p>\n","protected":false},"excerpt":{"rendered":"<p>KEFEYA 15.6\u201d Triple Monitor Portatil para Todos Laptops 120% sRGB FHD 1080P Ruotabile 90\u00b0-235\u00b0 Pantalla Portatil com HDMI\/Type-C\/USB-A Plug &amp; Play para Mac Windows Chrome Android<br \/>#Publicidad <span class=\"read-more\"><a class=\"more-link btn btn-transparent\" href=\"https:\/\/rockkofertas.com.es\/index.php\/producto\/b0d3strrym-3\/\">Leer m\u00e1s&#8230;<\/a><\/span><\/p>\n","protected":false},"featured_media":7286,"comment_status":"open","ping_status":"closed","template":"","meta":[],"product_cat":[15],"product_tag":[],"class_list":{"0":"post-7287","1":"product","2":"type-product","3":"status-publish","4":"has-post-thumbnail","6":"product_cat-sin-categorizar","8":"first","9":"instock","10":"shipping-taxable","11":"product-type-external"},"_links":{"self":[{"href":"https:\/\/rockkofertas.com.es\/index.php\/wp-json\/wp\/v2\/product\/7287","targetHints":{"allow":["GET"]}}],"collection":[{"href":"https:\/\/rockkofertas.com.es\/index.php\/wp-json\/wp\/v2\/product"}],"about":[{"href":"https:\/\/rockkofertas.com.es\/index.php\/wp-json\/wp\/v2\/types\/product"}],"replies":[{"embeddable":true,"href":"https:\/\/rockkofertas.com.es\/index.php\/wp-json\/wp\/v2\/comments?post=7287"}],"wp:featuredmedia":[{"embeddable":true,"href":"https:\/\/rockkofertas.com.es\/index.php\/wp-json\/wp\/v2\/media\/7286"}],"wp:attachment":[{"href":"https:\/\/rockkofertas.com.es\/index.php\/wp-json\/wp\/v2\/media?parent=7287"}],"wp:term":[{"taxonomy":"product_cat","embeddable":true,"href":"https:\/\/rockkofertas.com.es\/index.php\/wp-json\/wp\/v2\/product_cat?post=7287"},{"taxonomy":"product_tag","embeddable":true,"href":"https:\/\/rockkofertas.com.es\/index.php\/wp-json\/wp\/v2\/product_tag?post=7287"}],"curies":[{"name":"wp","href":"https:\/\/api.w.org\/{rel}","templated":true}]}}