{"id":7283,"date":"2025-11-23T18:38:33","date_gmt":"2025-11-23T18:38:33","guid":{"rendered":"https:\/\/rockkofertas.com.es\/index.php\/producto\/b09333rb78-2\/"},"modified":"2025-11-23T18:38:33","modified_gmt":"2025-11-23T18:38:33","slug":"b09333rb78-2","status":"publish","type":"product","link":"https:\/\/rockkofertas.com.es\/index.php\/producto\/b09333rb78-2\/","title":{"rendered":"B09333RB78"},"content":{"rendered":"<p>&#8211; Papel de impresi\u00f3n de reposici\u00f3n: Este es el papel de reposici\u00f3n para las c\u00e1maras instant\u00e1neas. El paquete incluye 5 rollos de papel de impresi\u00f3n blanco, que puede satisfacer plenamente sus necesidades.<br \/>\n&#8211; Papel t\u00e9rmico de alta calidad e impresi\u00f3n sin tinta: Se puede lograr una impresi\u00f3n clara sin tinta, el papel de impresi\u00f3n blanco no s\u00f3lo es de alto brillo, sino tambi\u00e9n de grosor moderado, no es f\u00e1cil de romper, y es muy duradero. y tambi\u00e9n puede cumplir con la pintura de los ni\u00f1os DIY, que mejoran la imaginaci\u00f3n y la creatividad de los ni\u00f1os.<br \/>\n&#8211; Dimensi\u00f3n del papel: El ancho del papel de impresi\u00f3n t\u00e9rmica es de 5,7CM \/2,24 pulgadas,5 rollos en un paquete.Cada rollo de papel puede imprimir alrededor de 80~90 fotos con la c\u00e1mara de impresi\u00f3n instant\u00e1nea.La cantidad es suficiente para que los ni\u00f1os puedan reemplazar y utilizar durante mucho tiempo. Tama\u00f1o de un rollo: 5,7*3,0 CM (2,24 x 1,18 pulgadas)<br \/>\n&#8211; Sin BPA,seguro e inodoro, los ni\u00f1os pueden usarlo con confianza.<br \/>\n&#8211; F\u00e1cil de reemplazar: es muy f\u00e1cil de instalar, s\u00f3lo hay que prestar atenci\u00f3n a la direcci\u00f3n del papel de impresi\u00f3n, apto para cualquier persona.No imprimir\u00e1 si se instala en la direcci\u00f3n equivocada.<\/p>\n","protected":false},"excerpt":{"rendered":"<p>GlobalCrown Recarga de papel de impresi\u00f3n para c\u00e1maras instant\u00e1neas para ni\u00f1os, 5 rollos de papel para impresora t\u00e9rmica, papel de impresi\u00f3n blanco sin tinta (5 rollos)<br \/>#Publicidad <span class=\"read-more\"><a class=\"more-link btn btn-transparent\" href=\"https:\/\/rockkofertas.com.es\/index.php\/producto\/b09333rb78-2\/\">Leer m\u00e1s&#8230;<\/a><\/span><\/p>\n","protected":false},"featured_media":7282,"comment_status":"open","ping_status":"closed","template":"","meta":[],"product_cat":[15],"product_tag":[],"class_list":{"0":"post-7283","1":"product","2":"type-product","3":"status-publish","4":"has-post-thumbnail","6":"product_cat-sin-categorizar","8":"first","9":"instock","10":"shipping-taxable","11":"product-type-external"},"_links":{"self":[{"href":"https:\/\/rockkofertas.com.es\/index.php\/wp-json\/wp\/v2\/product\/7283","targetHints":{"allow":["GET"]}}],"collection":[{"href":"https:\/\/rockkofertas.com.es\/index.php\/wp-json\/wp\/v2\/product"}],"about":[{"href":"https:\/\/rockkofertas.com.es\/index.php\/wp-json\/wp\/v2\/types\/product"}],"replies":[{"embeddable":true,"href":"https:\/\/rockkofertas.com.es\/index.php\/wp-json\/wp\/v2\/comments?post=7283"}],"wp:featuredmedia":[{"embeddable":true,"href":"https:\/\/rockkofertas.com.es\/index.php\/wp-json\/wp\/v2\/media\/7282"}],"wp:attachment":[{"href":"https:\/\/rockkofertas.com.es\/index.php\/wp-json\/wp\/v2\/media?parent=7283"}],"wp:term":[{"taxonomy":"product_cat","embeddable":true,"href":"https:\/\/rockkofertas.com.es\/index.php\/wp-json\/wp\/v2\/product_cat?post=7283"},{"taxonomy":"product_tag","embeddable":true,"href":"https:\/\/rockkofertas.com.es\/index.php\/wp-json\/wp\/v2\/product_tag?post=7283"}],"curies":[{"name":"wp","href":"https:\/\/api.w.org\/{rel}","templated":true}]}}