{"id":7281,"date":"2025-11-23T18:23:48","date_gmt":"2025-11-23T18:23:48","guid":{"rendered":"https:\/\/rockkofertas.com.es\/index.php\/producto\/b07nwwlp5s\/"},"modified":"2025-11-23T18:23:48","modified_gmt":"2025-11-23T18:23:48","slug":"b07nwwlp5s","status":"publish","type":"product","link":"https:\/\/rockkofertas.com.es\/index.php\/producto\/b07nwwlp5s\/","title":{"rendered":"B07NWWLP5S"},"content":{"rendered":"<p>&#8211; Paquete de 12 pilas AA recargables de 2000 mAh para c\u00e1maras digitales, mandos a distancia, etc.<br \/>\n&#8211; Precargadas y listas para usar desde el primer momento<br \/>\n&#8211; Nivel de autodescarga extremadamente gradual, mantiene el 80% de su capacidad tras un a\u00f1o sin uso<br \/>\n&#8211; Combina las mejores caracter\u00edsticas de las pilas alcalinas AA (listas para usar) y las recargables (reutilizables)<br \/>\n&#8211; Se env\u00eda en un paquete abref\u00e1cil de Amazon<br \/>\n&#8211; NOTA: Para evitar da\u00f1os o una descarga r\u00e1pida no deseada de las pilas, NO MEZCLES pilas no recargables con pilas recargables, pilas completamente cargadas con pilas con carga media o baja, pilas nuevas con pilas viejas, pilas de diferentes capacidades de mAh ni pilas de diferentes marcas.<br \/>\n&#8211; Consejos sobre las pilas de Ni-MH: Verifica la compatibilidad del dispositivo con las pilas de Ni-MH de 1.2V. El tiempo de funcionamiento puede ser inferior al de las pilas alcalinas de 1.5V. Comprueba que est\u00e9n bien ajustadas, ya que las pilas de Ni-MH son un poco m\u00e1s grandes que las alcalinas para cumplir con las normas IEC. Sustituye todas las pilas simult\u00e1neamente y consulta el manual del dispositivo para conocer los requisitos espec\u00edficos.<br \/>\n&#8211; Consejos sobre el cargador: utiliza \u00fanicamente cargadores de Ni-MH espec\u00edficos con canales de carga independientes y monitoreo de voltaje para evitar una sobrecarga o una carga insuficiente. Evita los cargadores con temporizador y nunca utilices cargadores dise\u00f1ados para otros tipos de pilas (como NiZn o Li-ion), ya que pueden provocar da\u00f1os o fugas.<\/p>\n","protected":false},"excerpt":{"rendered":"<p>Amazon Basics paquete de 12 pilas AA NiMH recargables, 2000 mAh, 1,2 V, se recargan hasta 1000 veces, precargadas<br \/>#Publicidad <span class=\"read-more\"><a class=\"more-link btn btn-transparent\" href=\"https:\/\/rockkofertas.com.es\/index.php\/producto\/b07nwwlp5s\/\">Leer m\u00e1s&#8230;<\/a><\/span><\/p>\n","protected":false},"featured_media":7280,"comment_status":"open","ping_status":"closed","template":"","meta":[],"product_cat":[15],"product_tag":[],"class_list":{"0":"post-7281","1":"product","2":"type-product","3":"status-publish","4":"has-post-thumbnail","6":"product_cat-sin-categorizar","8":"first","9":"instock","10":"shipping-taxable","11":"product-type-external"},"_links":{"self":[{"href":"https:\/\/rockkofertas.com.es\/index.php\/wp-json\/wp\/v2\/product\/7281","targetHints":{"allow":["GET"]}}],"collection":[{"href":"https:\/\/rockkofertas.com.es\/index.php\/wp-json\/wp\/v2\/product"}],"about":[{"href":"https:\/\/rockkofertas.com.es\/index.php\/wp-json\/wp\/v2\/types\/product"}],"replies":[{"embeddable":true,"href":"https:\/\/rockkofertas.com.es\/index.php\/wp-json\/wp\/v2\/comments?post=7281"}],"wp:featuredmedia":[{"embeddable":true,"href":"https:\/\/rockkofertas.com.es\/index.php\/wp-json\/wp\/v2\/media\/7280"}],"wp:attachment":[{"href":"https:\/\/rockkofertas.com.es\/index.php\/wp-json\/wp\/v2\/media?parent=7281"}],"wp:term":[{"taxonomy":"product_cat","embeddable":true,"href":"https:\/\/rockkofertas.com.es\/index.php\/wp-json\/wp\/v2\/product_cat?post=7281"},{"taxonomy":"product_tag","embeddable":true,"href":"https:\/\/rockkofertas.com.es\/index.php\/wp-json\/wp\/v2\/product_tag?post=7281"}],"curies":[{"name":"wp","href":"https:\/\/api.w.org\/{rel}","templated":true}]}}