{"id":7279,"date":"2025-11-23T18:17:56","date_gmt":"2025-11-23T18:17:56","guid":{"rendered":"https:\/\/rockkofertas.com.es\/index.php\/producto\/b0cw8wcwbj\/"},"modified":"2025-11-23T18:17:56","modified_gmt":"2025-11-23T18:17:56","slug":"b0cw8wcwbj","status":"publish","type":"product","link":"https:\/\/rockkofertas.com.es\/index.php\/producto\/b0cw8wcwbj\/","title":{"rendered":"B0CW8WCWBJ"},"content":{"rendered":"<p>&#8211; \u3010Rizador de cabello de 3 barriles\u3011: El rizador con 3 barriles te permite torcer tu cabello de manera efectiva y eliminar nudos mientras agrega volumen. No importa tu tipo de cabello, puedes tener excelentes ondas playeras que duran todo el d\u00eda. La cer\u00e1mica calentada crea iones cargados negativamente, dejando el cabello m\u00e1s suave, brillante y menos encrespado.<br \/>\n&#8211; \u3010Tecnolog\u00eda de cer\u00e1mica PTC\u3011Rizador Pelo 3 Tubos Fabricado con un elemento calefactor de esmalte cer\u00e1mico PTC especial, que puede calentarse r\u00e1pidamente y el tiempo de precalentamiento es de solo 30 segundos, puede minimizar el tiempo de preparaci\u00f3n por la ma\u00f1ana, haciendo que el cabello sea muy suave y brillante. y puede durar mucho tiempo durante todo el d\u00eda.<br \/>\n&#8211; \u3010PROTECCI\u00d3N DEL CABELLO\u3011 A diferencia de los rizadores comunes, est\u00e1 hecho de un esmalte cer\u00e1mico especial y un elemento calefactor PTC de nanotecnolog\u00eda, calentamiento r\u00e1pido y bajo consumo de energ\u00eda. La tecnolog\u00eda cer\u00e1mica proporciona un calor alto y uniforme, protege el cabello, reduce la est\u00e1tica y el encrespamiento, puede hacer que tu cabello sea m\u00e1s brillante y encantador.<br \/>\n&#8211; \u3010Configuraciones de temperatura ajustables\u3011El rizador de 3 cilindros tiene cuatro configuraciones de temperatura: 150, 170, 190 \u2103 y 210 \u2103, para que puedas elegir la mejor temperatura para tu tipo de cabello. Ya sea que tengas el cabello fino o grueso, puedes ajustar la temperatura en consecuencia para obtener ondas perfectas sin da\u00f1ar tu cabello.<br \/>\n&#8211; \u3010F\u00e1cil de transportar, varios \u00e1ngulos\u3011Rizador Pelo Profesional Con un voltaje universal (110-240 V), puedes llevarlo a un viaje global. Adem\u00e1s, con cables giratorios de 2 m y 360\u00b0, puedes elegir crear tu look favorito en cualquier \u00e1ngulo. Tambi\u00e9n es un regalo ideal para tu mejor amiga, novia, esposa, madre o hija.<\/p>\n","protected":false},"excerpt":{"rendered":"<p>HyAdierTech Rizador de pelo, Pinzas Rizadoras 3 Barriles, Rizador Pelo Profesional con 150\u2103-210\u2103 temperatura ajustable, Calentamiento R\u00e1pidopara Rizar y Ondas un Efecto Ondulado, 25mm<br \/>#Publicidad <span class=\"read-more\"><a class=\"more-link btn btn-transparent\" href=\"https:\/\/rockkofertas.com.es\/index.php\/producto\/b0cw8wcwbj\/\">Leer m\u00e1s&#8230;<\/a><\/span><\/p>\n","protected":false},"featured_media":7278,"comment_status":"open","ping_status":"closed","template":"","meta":[],"product_cat":[15],"product_tag":[],"class_list":{"0":"post-7279","1":"product","2":"type-product","3":"status-publish","4":"has-post-thumbnail","6":"product_cat-sin-categorizar","8":"first","9":"instock","10":"shipping-taxable","11":"product-type-external"},"_links":{"self":[{"href":"https:\/\/rockkofertas.com.es\/index.php\/wp-json\/wp\/v2\/product\/7279","targetHints":{"allow":["GET"]}}],"collection":[{"href":"https:\/\/rockkofertas.com.es\/index.php\/wp-json\/wp\/v2\/product"}],"about":[{"href":"https:\/\/rockkofertas.com.es\/index.php\/wp-json\/wp\/v2\/types\/product"}],"replies":[{"embeddable":true,"href":"https:\/\/rockkofertas.com.es\/index.php\/wp-json\/wp\/v2\/comments?post=7279"}],"wp:featuredmedia":[{"embeddable":true,"href":"https:\/\/rockkofertas.com.es\/index.php\/wp-json\/wp\/v2\/media\/7278"}],"wp:attachment":[{"href":"https:\/\/rockkofertas.com.es\/index.php\/wp-json\/wp\/v2\/media?parent=7279"}],"wp:term":[{"taxonomy":"product_cat","embeddable":true,"href":"https:\/\/rockkofertas.com.es\/index.php\/wp-json\/wp\/v2\/product_cat?post=7279"},{"taxonomy":"product_tag","embeddable":true,"href":"https:\/\/rockkofertas.com.es\/index.php\/wp-json\/wp\/v2\/product_tag?post=7279"}],"curies":[{"name":"wp","href":"https:\/\/api.w.org\/{rel}","templated":true}]}}