{"id":7277,"date":"2025-11-23T16:00:49","date_gmt":"2025-11-23T16:00:49","guid":{"rendered":"https:\/\/rockkofertas.com.es\/index.php\/producto\/b0b2dr3t4j\/"},"modified":"2025-11-23T16:00:49","modified_gmt":"2025-11-23T16:00:49","slug":"b0b2dr3t4j","status":"publish","type":"product","link":"https:\/\/rockkofertas.com.es\/index.php\/producto\/b0b2dr3t4j\/","title":{"rendered":"B0B2DR3T4J"},"content":{"rendered":"<p>&#8211; Perfume Halloween con fragancia floral afrutada para mujer<br \/>\n&#8211; Su pir\u00e1mide olfativa comienza por mandarina verde, pimienta rosa y fresa salvaje. En su coraz\u00f3n, flor de mora, flor de naranjo, jazm\u00edn de Egipto que finaliza en aceite de cedro, vainilla y almizcle<br \/>\n&#8211; Halloween Blossom es un estallido de flores; es libertad y naturaleza. Es conectar contigo misma y darte cuenta de la importancia de cada segundo<br \/>\n&#8211; Aplica la fragancia manteniendo el frasco a una distancia aproximada de 10cm con la piel. Para que perdure durante todo el d\u00eda, apl\u00edcalo sobre la nuca, detr\u00e1s de las orejas y la parte interna de codos y mu\u00f1ecas<br \/>\n&#8211; Vaporizador de 100ml<\/p>\n","protected":false},"excerpt":{"rendered":"<p>Halloween Blossom, Eau de Toilette para Mujer, Fragancia Floral Afrutada, 100 ml con Vaporizador<br \/>\n#Publicidad <span class=\"read-more\"><a class=\"more-link btn btn-transparent\" href=\"https:\/\/rockkofertas.com.es\/index.php\/producto\/b0b2dr3t4j\/\">Leer m\u00e1s&#8230;<\/a><\/span><\/p>\n","protected":false},"featured_media":7276,"comment_status":"open","ping_status":"closed","template":"","meta":[],"product_cat":[15],"product_tag":[],"class_list":{"0":"post-7277","1":"product","2":"type-product","3":"status-publish","4":"has-post-thumbnail","6":"product_cat-sin-categorizar","8":"first","9":"instock","10":"shipping-taxable","11":"product-type-external"},"_links":{"self":[{"href":"https:\/\/rockkofertas.com.es\/index.php\/wp-json\/wp\/v2\/product\/7277","targetHints":{"allow":["GET"]}}],"collection":[{"href":"https:\/\/rockkofertas.com.es\/index.php\/wp-json\/wp\/v2\/product"}],"about":[{"href":"https:\/\/rockkofertas.com.es\/index.php\/wp-json\/wp\/v2\/types\/product"}],"replies":[{"embeddable":true,"href":"https:\/\/rockkofertas.com.es\/index.php\/wp-json\/wp\/v2\/comments?post=7277"}],"wp:featuredmedia":[{"embeddable":true,"href":"https:\/\/rockkofertas.com.es\/index.php\/wp-json\/wp\/v2\/media\/7276"}],"wp:attachment":[{"href":"https:\/\/rockkofertas.com.es\/index.php\/wp-json\/wp\/v2\/media?parent=7277"}],"wp:term":[{"taxonomy":"product_cat","embeddable":true,"href":"https:\/\/rockkofertas.com.es\/index.php\/wp-json\/wp\/v2\/product_cat?post=7277"},{"taxonomy":"product_tag","embeddable":true,"href":"https:\/\/rockkofertas.com.es\/index.php\/wp-json\/wp\/v2\/product_tag?post=7277"}],"curies":[{"name":"wp","href":"https:\/\/api.w.org\/{rel}","templated":true}]}}