{"id":7275,"date":"2025-11-23T09:56:33","date_gmt":"2025-11-23T09:56:33","guid":{"rendered":"https:\/\/rockkofertas.com.es\/index.php\/producto\/b0fpdpptd2\/"},"modified":"2025-11-23T09:56:33","modified_gmt":"2025-11-23T09:56:33","slug":"b0fpdpptd2","status":"publish","type":"product","link":"https:\/\/rockkofertas.com.es\/index.php\/producto\/b0fpdpptd2\/","title":{"rendered":"B0FPDPPTD2"},"content":{"rendered":"<p>&#8211; \ud83c\udf1f Juego 12 en 1 Montessori \u2013 Incluye 12 puzzles infantiles de madera con diferentes animales y formas, ideales para estimular el aprendizaje temprano en casa o en el aula. Y 12 Bolsas de Regalo para Cotillones Infantiles<br \/>\n&#8211; \ud83e\udde0 Desarrollo cognitivo y concentraci\u00f3n: Este puzzle infantil estimula la memoria, el razonamiento l\u00f3gico y la resoluci\u00f3n de problemas de forma divertida.<br \/>\n&#8211; \ud83d\udc76 Motricidad fina y coordinaci\u00f3n ojo-mano: Las piezas f\u00e1ciles de agarrar ayudan a mejorar las destrezas motoras y la percepci\u00f3n visual.<br \/>\n&#8211; \ud83c\udf08 Interacci\u00f3n familiar:Jugar con nuestros puzzles es una forma estupenda de estrechar lazos con su hijo y pasar tiempo juntos. Puede sentarse con su hijo y utilizar los puzzles para contarle historias, animarle a explorar y guiarle a trav\u00e9s del juego y el aprendizaje.<br \/>\n&#8211; \ud83c\udf81 Regalo educativo perfecto: Puzzle infantil recomendado para ni\u00f1os y ni\u00f1as de 1 2 3 a 5 a\u00f1os, ideal para cumplea\u00f1os, Navidad o aprendizaje en casa.<br \/>\n&#8211; \ud83c\udf31 Cumple Normativas Europeas (EN71): Seguro y duradero , Fabricado en madera natural de pino con bordes suaves y pintura no t\u00f3xica, dise\u00f1ado especialmente para beb\u00e9s y ni\u00f1os peque\u00f1os de 1 a 5 a\u00f1os.<\/p>\n","protected":false},"excerpt":{"rendered":"<p>12 en 1 Puzzle Infantil de madera Montessori, Juguete Educativo ni\u00f1os de 1 a 5 a\u00f1os, Desarrollo de Motricidad Fina, Aprendizaje Temprano y Coordinaci\u00f3n Mano-Ojo, Regalos Cumplea\u00f1os + Bolsas Cotillones<br \/>#Publicidad <span class=\"read-more\"><a class=\"more-link btn btn-transparent\" href=\"https:\/\/rockkofertas.com.es\/index.php\/producto\/b0fpdpptd2\/\">Leer m\u00e1s&#8230;<\/a><\/span><\/p>\n","protected":false},"featured_media":7274,"comment_status":"open","ping_status":"closed","template":"","meta":[],"product_cat":[15],"product_tag":[],"class_list":{"0":"post-7275","1":"product","2":"type-product","3":"status-publish","4":"has-post-thumbnail","6":"product_cat-sin-categorizar","8":"first","9":"instock","10":"shipping-taxable","11":"product-type-external"},"_links":{"self":[{"href":"https:\/\/rockkofertas.com.es\/index.php\/wp-json\/wp\/v2\/product\/7275","targetHints":{"allow":["GET"]}}],"collection":[{"href":"https:\/\/rockkofertas.com.es\/index.php\/wp-json\/wp\/v2\/product"}],"about":[{"href":"https:\/\/rockkofertas.com.es\/index.php\/wp-json\/wp\/v2\/types\/product"}],"replies":[{"embeddable":true,"href":"https:\/\/rockkofertas.com.es\/index.php\/wp-json\/wp\/v2\/comments?post=7275"}],"wp:featuredmedia":[{"embeddable":true,"href":"https:\/\/rockkofertas.com.es\/index.php\/wp-json\/wp\/v2\/media\/7274"}],"wp:attachment":[{"href":"https:\/\/rockkofertas.com.es\/index.php\/wp-json\/wp\/v2\/media?parent=7275"}],"wp:term":[{"taxonomy":"product_cat","embeddable":true,"href":"https:\/\/rockkofertas.com.es\/index.php\/wp-json\/wp\/v2\/product_cat?post=7275"},{"taxonomy":"product_tag","embeddable":true,"href":"https:\/\/rockkofertas.com.es\/index.php\/wp-json\/wp\/v2\/product_tag?post=7275"}],"curies":[{"name":"wp","href":"https:\/\/api.w.org\/{rel}","templated":true}]}}