{"id":7273,"date":"2025-11-23T09:56:17","date_gmt":"2025-11-23T09:56:17","guid":{"rendered":"https:\/\/rockkofertas.com.es\/index.php\/producto\/b0fpj3l8fm\/"},"modified":"2025-11-23T09:56:17","modified_gmt":"2025-11-23T09:56:17","slug":"b0fpj3l8fm","status":"publish","type":"product","link":"https:\/\/rockkofertas.com.es\/index.php\/producto\/b0fpj3l8fm\/","title":{"rendered":"B0FPJ3L8FM"},"content":{"rendered":"<p>&#8211; \u2705 Desarrollo de habilidades visuales y motoras: Estimula la coordinaci\u00f3n mano-ojo, el reconocimiento de colores y la percepci\u00f3n espacial en cada juego.<br \/>\n&#8211; \ud83c\udfa8 Educativos y divertidos: Juguetes de madera Montessori que fomentan la motricidad fina, la concentraci\u00f3n y la creatividad desde temprana edad.<br \/>\n&#8211; \ud83d\udc76 Ideal para Bebes de 6 a 36 Meses: Dise\u00f1ados especialmente para acompa\u00f1ar el crecimiento, la curiosidad y las habilidades cognitivas en las primeras etapas.<br \/>\n&#8211; \ud83c\udf81 Regalo educativo perfecto: Una opci\u00f3n original y sostenible para cumplea\u00f1os, Navidad o cualquier ocasi\u00f3n especial, tanto para ni\u00f1os como para ni\u00f1as de 1 a 3 a\u00f1os<br \/>\n&#8211; \ud83c\udf31 Cumple Normativas Europeas (EN71): Seguro y duradero , Fabricado en madera natural de pino con bordes suaves y pintura no t\u00f3xica, dise\u00f1ado especialmente para beb\u00e9s y ni\u00f1os peque\u00f1os<\/p>\n","protected":false},"excerpt":{"rendered":"<p>3 en 1 Juguete Montessori de Madera para Beb\u00e9s 6-36 Meses, Juego Educativo Did\u00e1ctico para el Desarrollo Visual, Motricidad Fina, Coordinaci\u00f3n Mano-Ojo y Aprendizaje Temprano. Regalo Educativo Ni\u00f1os<br \/>#Publicidad <span class=\"read-more\"><a class=\"more-link btn btn-transparent\" href=\"https:\/\/rockkofertas.com.es\/index.php\/producto\/b0fpj3l8fm\/\">Leer m\u00e1s&#8230;<\/a><\/span><\/p>\n","protected":false},"featured_media":7272,"comment_status":"open","ping_status":"closed","template":"","meta":[],"product_cat":[15],"product_tag":[],"class_list":{"0":"post-7273","1":"product","2":"type-product","3":"status-publish","4":"has-post-thumbnail","6":"product_cat-sin-categorizar","8":"first","9":"instock","10":"shipping-taxable","11":"product-type-external"},"_links":{"self":[{"href":"https:\/\/rockkofertas.com.es\/index.php\/wp-json\/wp\/v2\/product\/7273","targetHints":{"allow":["GET"]}}],"collection":[{"href":"https:\/\/rockkofertas.com.es\/index.php\/wp-json\/wp\/v2\/product"}],"about":[{"href":"https:\/\/rockkofertas.com.es\/index.php\/wp-json\/wp\/v2\/types\/product"}],"replies":[{"embeddable":true,"href":"https:\/\/rockkofertas.com.es\/index.php\/wp-json\/wp\/v2\/comments?post=7273"}],"wp:featuredmedia":[{"embeddable":true,"href":"https:\/\/rockkofertas.com.es\/index.php\/wp-json\/wp\/v2\/media\/7272"}],"wp:attachment":[{"href":"https:\/\/rockkofertas.com.es\/index.php\/wp-json\/wp\/v2\/media?parent=7273"}],"wp:term":[{"taxonomy":"product_cat","embeddable":true,"href":"https:\/\/rockkofertas.com.es\/index.php\/wp-json\/wp\/v2\/product_cat?post=7273"},{"taxonomy":"product_tag","embeddable":true,"href":"https:\/\/rockkofertas.com.es\/index.php\/wp-json\/wp\/v2\/product_tag?post=7273"}],"curies":[{"name":"wp","href":"https:\/\/api.w.org\/{rel}","templated":true}]}}