{"id":7269,"date":"2025-11-23T04:00:42","date_gmt":"2025-11-23T04:00:42","guid":{"rendered":"https:\/\/rockkofertas.com.es\/index.php\/producto\/b0czhxf842\/"},"modified":"2025-11-23T04:00:42","modified_gmt":"2025-11-23T04:00:42","slug":"b0czhxf842","status":"publish","type":"product","link":"https:\/\/rockkofertas.com.es\/index.php\/producto\/b0czhxf842\/","title":{"rendered":"B0CZHXF842"},"content":{"rendered":"<p>&#8211; \u2705 F\u00e1cil de usar: promueve activamente tu bienestar con los calcetines MEDOLY Estas medias no te cortan ni forman puntos de presi\u00f3n.<br \/>\n&#8211; \u2705 % &#8211; El alto porcentaje de algod\u00f3n con certificado OEKO-Tex garantiza una sensaci\u00f3n suave y transpirable durante todo el d\u00eda.<br \/>\n&#8211; Sostenibilidad y calidad del producto excepcional. \u00a1Traemos alegr\u00eda a tus pies!<br \/>\n&#8211; Dise\u00f1o \u00fanico: este exclusivo pu\u00f1o es extremadamente suave y flexible y no se desliza en tu pie.<br \/>\n&#8211; Para todas las personas que tienen problemas con los pu\u00f1os cortados en los calcetines convencionales y quieren por fin m\u00e1s comodidad. Tambi\u00e9n apto para diab\u00e9ticos, retenci\u00f3n de agua y problemas circulatorios.<\/p>\n","protected":false},"excerpt":{"rendered":"<p>Calcetines para diab\u00e9ticos (6 pares) sin cintura el\u00e1stica, con 97% algod\u00f3n, para hombre y mujer, sin costuras molestas, calcetines diab\u00e9ticos sin cintura, 6 blancos, 39-42<br \/>\n#Publicidad <span class=\"read-more\"><a class=\"more-link btn btn-transparent\" href=\"https:\/\/rockkofertas.com.es\/index.php\/producto\/b0czhxf842\/\">Leer m\u00e1s&#8230;<\/a><\/span><\/p>\n","protected":false},"featured_media":7268,"comment_status":"open","ping_status":"closed","template":"","meta":[],"product_cat":[15],"product_tag":[],"class_list":{"0":"post-7269","1":"product","2":"type-product","3":"status-publish","4":"has-post-thumbnail","6":"product_cat-sin-categorizar","8":"first","9":"instock","10":"shipping-taxable","11":"product-type-external"},"_links":{"self":[{"href":"https:\/\/rockkofertas.com.es\/index.php\/wp-json\/wp\/v2\/product\/7269","targetHints":{"allow":["GET"]}}],"collection":[{"href":"https:\/\/rockkofertas.com.es\/index.php\/wp-json\/wp\/v2\/product"}],"about":[{"href":"https:\/\/rockkofertas.com.es\/index.php\/wp-json\/wp\/v2\/types\/product"}],"replies":[{"embeddable":true,"href":"https:\/\/rockkofertas.com.es\/index.php\/wp-json\/wp\/v2\/comments?post=7269"}],"wp:featuredmedia":[{"embeddable":true,"href":"https:\/\/rockkofertas.com.es\/index.php\/wp-json\/wp\/v2\/media\/7268"}],"wp:attachment":[{"href":"https:\/\/rockkofertas.com.es\/index.php\/wp-json\/wp\/v2\/media?parent=7269"}],"wp:term":[{"taxonomy":"product_cat","embeddable":true,"href":"https:\/\/rockkofertas.com.es\/index.php\/wp-json\/wp\/v2\/product_cat?post=7269"},{"taxonomy":"product_tag","embeddable":true,"href":"https:\/\/rockkofertas.com.es\/index.php\/wp-json\/wp\/v2\/product_tag?post=7269"}],"curies":[{"name":"wp","href":"https:\/\/api.w.org\/{rel}","templated":true}]}}