{"id":7267,"date":"2025-11-23T00:00:49","date_gmt":"2025-11-23T00:00:49","guid":{"rendered":"https:\/\/rockkofertas.com.es\/index.php\/producto\/b0dczpx1rf\/"},"modified":"2025-11-23T00:00:49","modified_gmt":"2025-11-23T00:00:49","slug":"b0dczpx1rf","status":"publish","type":"product","link":"https:\/\/rockkofertas.com.es\/index.php\/producto\/b0dczpx1rf\/","title":{"rendered":"B0DCZPX1RF"},"content":{"rendered":"<p>&#8211; TAMA\u00d1O IDEAL Cuenta con espacio generoso para todas tus pertenencias, manteni\u00e9ndote c\u00f3moda y \u00e1gil.<br \/>\n&#8211; GRAN CALIDAD Fabricada con materiales resistentes que garantizan la durabilidad.<br \/>\n&#8211; DISE\u00d1O MODERNO Tiene un dise\u00f1o moderno y vers\u00e1til que se adapta a cualquier estilo, es el complemento ideal para todos los d\u00edas.<br \/>\n&#8211; FABRICADO A CONCIENCIA Este bolso est\u00e1 realizado con materiales completamente veganos, como todos los productos KCB.<br \/>\n&#8211; COMODIDAD DE USO La practicidad de sus asas ajustables y la variedad de espacios de guardado la convierten en un accesorio c\u00f3modo de usar y que aprovechar\u00e1 el espacio al m\u00e1ximo.<\/p>\n","protected":false},"excerpt":{"rendered":"<p>Mochila Mediana KCB Shine | Dise\u00f1o Compacto y Espacioso | Compartimento Acolchado para Tablet | Perfecta para el D\u00eda a D\u00eda | Asas Ajustables | 100% Vegano | Color Verde<br \/>\n#Publicidad <span class=\"read-more\"><a class=\"more-link btn btn-transparent\" href=\"https:\/\/rockkofertas.com.es\/index.php\/producto\/b0dczpx1rf\/\">Leer m\u00e1s&#8230;<\/a><\/span><\/p>\n","protected":false},"featured_media":7266,"comment_status":"open","ping_status":"closed","template":"","meta":[],"product_cat":[15],"product_tag":[],"class_list":{"0":"post-7267","1":"product","2":"type-product","3":"status-publish","4":"has-post-thumbnail","6":"product_cat-sin-categorizar","8":"first","9":"instock","10":"shipping-taxable","11":"product-type-external"},"_links":{"self":[{"href":"https:\/\/rockkofertas.com.es\/index.php\/wp-json\/wp\/v2\/product\/7267","targetHints":{"allow":["GET"]}}],"collection":[{"href":"https:\/\/rockkofertas.com.es\/index.php\/wp-json\/wp\/v2\/product"}],"about":[{"href":"https:\/\/rockkofertas.com.es\/index.php\/wp-json\/wp\/v2\/types\/product"}],"replies":[{"embeddable":true,"href":"https:\/\/rockkofertas.com.es\/index.php\/wp-json\/wp\/v2\/comments?post=7267"}],"wp:featuredmedia":[{"embeddable":true,"href":"https:\/\/rockkofertas.com.es\/index.php\/wp-json\/wp\/v2\/media\/7266"}],"wp:attachment":[{"href":"https:\/\/rockkofertas.com.es\/index.php\/wp-json\/wp\/v2\/media?parent=7267"}],"wp:term":[{"taxonomy":"product_cat","embeddable":true,"href":"https:\/\/rockkofertas.com.es\/index.php\/wp-json\/wp\/v2\/product_cat?post=7267"},{"taxonomy":"product_tag","embeddable":true,"href":"https:\/\/rockkofertas.com.es\/index.php\/wp-json\/wp\/v2\/product_tag?post=7267"}],"curies":[{"name":"wp","href":"https:\/\/api.w.org\/{rel}","templated":true}]}}