{"id":7263,"date":"2025-11-22T22:58:37","date_gmt":"2025-11-22T22:58:37","guid":{"rendered":"https:\/\/rockkofertas.com.es\/index.php\/producto\/b0c466cnt2\/"},"modified":"2025-11-22T22:58:37","modified_gmt":"2025-11-22T22:58:37","slug":"b0c466cnt2","status":"publish","type":"product","link":"https:\/\/rockkofertas.com.es\/index.php\/producto\/b0c466cnt2\/","title":{"rendered":"B0C466CNT2"},"content":{"rendered":"<p>&#8211; SEIS SABORES IRRESISTIBLES: Este set incluye 6 lip balm de sabores Coca-Cola, Coca-Cola Cereza, Coca-Cola Vainilla, Sprite, Fanta y Fanta Fresa<br \/>\n&#8211; LABIOS SUAVES: Cada balsamo labial hidratante actua como un reparador labial, hidratando y dejando los labios suaves, protegios, brillantes y con un ligero perfume<br \/>\n&#8211; BRILLO PARA TUS LABIOS: Agrega un ligero toque de color y un acabado suave, besable e irresistible a tus labios utilizando un b\u00e1lsamo labial con color Lip Smacker Coca Cola<br \/>\n&#8211; PACK REGALO: El exclusivo estuche con forma de distribuidor de Coca-Cola convierte este set de b\u00e1lsamos labiales infantiles en el regalo perfecto para sorprender a ni\u00f1as y fan\u00e1ticos de la marca<br \/>\n&#8211; UNA AMPLIA ELECCI\u00d3N DE SABORES SIEMPRE: Desde 1973 llevamos haciendo sonre\u00edr a rostros de todo el mundo. Esperamos que nuestros productos les hagan felices, siempre<\/p>\n","protected":false},"excerpt":{"rendered":"<p>Lip Smacker Coca Cola Tin Collection, Set de 6 B\u00e1lsamos Labiales Surtidos con Sabores Aut\u00e9nticos de Coca-Cola, Fanta y Sprite<br \/>#Publicidad <span class=\"read-more\"><a class=\"more-link btn btn-transparent\" href=\"https:\/\/rockkofertas.com.es\/index.php\/producto\/b0c466cnt2\/\">Leer m\u00e1s&#8230;<\/a><\/span><\/p>\n","protected":false},"featured_media":7262,"comment_status":"open","ping_status":"closed","template":"","meta":[],"product_cat":[15],"product_tag":[],"class_list":{"0":"post-7263","1":"product","2":"type-product","3":"status-publish","4":"has-post-thumbnail","6":"product_cat-sin-categorizar","8":"first","9":"instock","10":"shipping-taxable","11":"product-type-external"},"_links":{"self":[{"href":"https:\/\/rockkofertas.com.es\/index.php\/wp-json\/wp\/v2\/product\/7263","targetHints":{"allow":["GET"]}}],"collection":[{"href":"https:\/\/rockkofertas.com.es\/index.php\/wp-json\/wp\/v2\/product"}],"about":[{"href":"https:\/\/rockkofertas.com.es\/index.php\/wp-json\/wp\/v2\/types\/product"}],"replies":[{"embeddable":true,"href":"https:\/\/rockkofertas.com.es\/index.php\/wp-json\/wp\/v2\/comments?post=7263"}],"wp:featuredmedia":[{"embeddable":true,"href":"https:\/\/rockkofertas.com.es\/index.php\/wp-json\/wp\/v2\/media\/7262"}],"wp:attachment":[{"href":"https:\/\/rockkofertas.com.es\/index.php\/wp-json\/wp\/v2\/media?parent=7263"}],"wp:term":[{"taxonomy":"product_cat","embeddable":true,"href":"https:\/\/rockkofertas.com.es\/index.php\/wp-json\/wp\/v2\/product_cat?post=7263"},{"taxonomy":"product_tag","embeddable":true,"href":"https:\/\/rockkofertas.com.es\/index.php\/wp-json\/wp\/v2\/product_tag?post=7263"}],"curies":[{"name":"wp","href":"https:\/\/api.w.org\/{rel}","templated":true}]}}