{"id":7261,"date":"2025-11-22T22:02:19","date_gmt":"2025-11-22T22:02:19","guid":{"rendered":"https:\/\/rockkofertas.com.es\/index.php\/producto\/b0drrt4d3d\/"},"modified":"2025-11-22T22:02:19","modified_gmt":"2025-11-22T22:02:19","slug":"b0drrt4d3d","status":"publish","type":"product","link":"https:\/\/rockkofertas.com.es\/index.php\/producto\/b0drrt4d3d\/","title":{"rendered":"B0DRRT4D3D"},"content":{"rendered":"<p>&#8211; \ud83d\udcaa M\u00e1quina de Boxeo Musical Profesional: Esta m\u00e1quina de boxeo musical ofrece 9 modos de entrenamiento, 9 velocidades y funci\u00f3n de conteo, lo que te permite mejorar gradualmente tu velocidad de reacci\u00f3n y coordinaci\u00f3n corporal. Este dispositivo es el entrenador de boxeo perfecto y un excelente equipo de entrenamiento diario, ideal para boxeadores profesionales, entusiastas del fitness, personas que buscan perder peso, as\u00ed como para ni\u00f1os y adolescentes.<br \/>\n&#8211; \ud83c\udfb5 Compatible con Bluetooth y Luces de Colores: Esta boxeo pared musical admite reproducci\u00f3n de m\u00fasica por Bluetooth, lo que te permite reproducir tus canciones favoritas durante el entrenamiento para energizar tus sesiones. Cuenta con hermosas luces de colores que crean una atm\u00f3sfera de entrenamiento cautivadora. La pantalla integrada muestra el n\u00famero de golpes correctos en tiempo real, lo que te permite seguir al instante tu progreso con estos datos.<br \/>\n&#8211; \ud83d\udee1\ufe0f Materiales de Alta Calidad: La superficie de impacto de nuestra maquina de boxeo musical adulto est\u00e1 hecha de espuma de alta elasticidad, que proporciona una excelente capacidad de respuesta y absorci\u00f3n de impactos, protegiendo tus manos de lesiones durante el entrenamiento. Presenta un dise\u00f1o elegante con una superficie lisa y f\u00e1cil de limpiar.<br \/>\n&#8211; \ud83d\udc68\u200d\ud83d\udc69\u200d\ud83d\udc67\u200d\ud83d\udc66 Apto para Toda la Familia: Nuestra maquina boxeo musical pared cuenta con funci\u00f3n de ajuste de altura e incluye un par de guantes para adultos y un par de guantes para ni\u00f1os. Esto permite que todos los miembros de la familia, ya sean adultos o ni\u00f1os, encuentren la altura adecuada para entrenar, satisfaciendo as\u00ed todas sus necesidades.<br \/>\n&#8211; \u2714\ufe0f F\u00e1cil de Instalar: Nuestra music boxing machine est\u00e1 dise\u00f1ada para montarse en la pared, ahorrando mucho espacio y optimizando el uso del espacio en su hogar. Se fija con velcro, lo que permite una instalaci\u00f3n r\u00e1pida en tan solo 1 minuto. Con este dispositivo, puede entrenar boxeo en casa, hacer ejercicio para perder peso, aliviar el estr\u00e9s y disfrutar de una vida saludable.<\/p>\n","protected":false},"excerpt":{"rendered":"<p>Maquina de Boxeo Musical, 2025 Nuevo Boxeo Musical Pared con Guantes De Boxeo, Luces de Colores, Modo Bluetooth, 9 Modos de Velocidad y Entrenamiento, Music Boxing Machine para Adultos y Ni\u00f1os<br \/>#Publicidad <span class=\"read-more\"><a class=\"more-link btn btn-transparent\" href=\"https:\/\/rockkofertas.com.es\/index.php\/producto\/b0drrt4d3d\/\">Leer m\u00e1s&#8230;<\/a><\/span><\/p>\n","protected":false},"featured_media":7260,"comment_status":"open","ping_status":"closed","template":"","meta":[],"product_cat":[15],"product_tag":[],"class_list":{"0":"post-7261","1":"product","2":"type-product","3":"status-publish","4":"has-post-thumbnail","6":"product_cat-sin-categorizar","8":"first","9":"instock","10":"shipping-taxable","11":"product-type-external"},"_links":{"self":[{"href":"https:\/\/rockkofertas.com.es\/index.php\/wp-json\/wp\/v2\/product\/7261","targetHints":{"allow":["GET"]}}],"collection":[{"href":"https:\/\/rockkofertas.com.es\/index.php\/wp-json\/wp\/v2\/product"}],"about":[{"href":"https:\/\/rockkofertas.com.es\/index.php\/wp-json\/wp\/v2\/types\/product"}],"replies":[{"embeddable":true,"href":"https:\/\/rockkofertas.com.es\/index.php\/wp-json\/wp\/v2\/comments?post=7261"}],"wp:featuredmedia":[{"embeddable":true,"href":"https:\/\/rockkofertas.com.es\/index.php\/wp-json\/wp\/v2\/media\/7260"}],"wp:attachment":[{"href":"https:\/\/rockkofertas.com.es\/index.php\/wp-json\/wp\/v2\/media?parent=7261"}],"wp:term":[{"taxonomy":"product_cat","embeddable":true,"href":"https:\/\/rockkofertas.com.es\/index.php\/wp-json\/wp\/v2\/product_cat?post=7261"},{"taxonomy":"product_tag","embeddable":true,"href":"https:\/\/rockkofertas.com.es\/index.php\/wp-json\/wp\/v2\/product_tag?post=7261"}],"curies":[{"name":"wp","href":"https:\/\/api.w.org\/{rel}","templated":true}]}}