{"id":7259,"date":"2025-11-22T20:00:40","date_gmt":"2025-11-22T20:00:40","guid":{"rendered":"https:\/\/rockkofertas.com.es\/index.php\/producto\/b0cv3ws3zg\/"},"modified":"2025-11-22T20:00:40","modified_gmt":"2025-11-22T20:00:40","slug":"b0cv3ws3zg","status":"publish","type":"product","link":"https:\/\/rockkofertas.com.es\/index.php\/producto\/b0cv3ws3zg\/","title":{"rendered":"B0CV3WS3ZG"},"content":{"rendered":"<p>&#8211; Kit Profesional Vers\u00e1til: Incluye 9 almohadillas sensibles al tacto, que constan de 2 platillos Crash, 1 platillo Ride, 1 Hi-Hat, 1 Tambor Alto, 1 Tambor Bajo, 1 Tambor de Caja, 1 Bombo y 1 Tambor de Suelo. Tambi\u00e9n incluye baquetas de madera, pedales de pie, cable de audio y cable USB.<br \/>\n&#8211; Experiencia de Sonido Inmersiva: Los altavoces duales incorporados mejorados ofrecen un sonido din\u00e1mico y realista. Con\u00e9ctalo a altavoces, auriculares o reproductores de MP3 para disfrutar de un sonido personalizado.<br \/>\n&#8211; Bater\u00eda de Larga Duraci\u00f3n: Alimentado por una bater\u00eda recargable de 1200mAh, ofrece hasta 10 horas de reproducci\u00f3n por carga. Admite alimentaci\u00f3n a trav\u00e9s de puerto USB para un uso conveniente en cualquier lugar.<br \/>\n&#8211; Port\u00e1til y Ligero: El dise\u00f1o compacto permite un f\u00e1cil transporte y almacenamiento que ahorra espacio. Enr\u00f3llalo y m\u00e9telo en tu bolsa para disfrutar de la m\u00fasica sobre la marcha.<br \/>\n&#8211; Opci\u00f3n de Regalo Perfecta: Incluye un manual de instrucciones detallado para facilitar el aprendizaje. Bellamente empaquetado, lo que lo convierte en un regalo ideal para ni\u00f1os, j\u00f3venes o amigos en cumplea\u00f1os, Navidad u otras ocasiones especiales.<\/p>\n","protected":false},"excerpt":{"rendered":"<p>CAHAYA Set de Almohadillas de Bater\u00eda Electr\u00f3nica: 9-Almohadillas Port\u00e1tiles de Pr\u00e1ctica El\u00e9ctrica Enrollable con Altavoz Incorporado, Baquetas, Pedales de Pie, CY00370-1<br \/>\n#Publicidad <span class=\"read-more\"><a class=\"more-link btn btn-transparent\" href=\"https:\/\/rockkofertas.com.es\/index.php\/producto\/b0cv3ws3zg\/\">Leer m\u00e1s&#8230;<\/a><\/span><\/p>\n","protected":false},"featured_media":7258,"comment_status":"open","ping_status":"closed","template":"","meta":[],"product_cat":[15],"product_tag":[],"class_list":{"0":"post-7259","1":"product","2":"type-product","3":"status-publish","4":"has-post-thumbnail","6":"product_cat-sin-categorizar","8":"first","9":"instock","10":"shipping-taxable","11":"product-type-external"},"_links":{"self":[{"href":"https:\/\/rockkofertas.com.es\/index.php\/wp-json\/wp\/v2\/product\/7259","targetHints":{"allow":["GET"]}}],"collection":[{"href":"https:\/\/rockkofertas.com.es\/index.php\/wp-json\/wp\/v2\/product"}],"about":[{"href":"https:\/\/rockkofertas.com.es\/index.php\/wp-json\/wp\/v2\/types\/product"}],"replies":[{"embeddable":true,"href":"https:\/\/rockkofertas.com.es\/index.php\/wp-json\/wp\/v2\/comments?post=7259"}],"wp:featuredmedia":[{"embeddable":true,"href":"https:\/\/rockkofertas.com.es\/index.php\/wp-json\/wp\/v2\/media\/7258"}],"wp:attachment":[{"href":"https:\/\/rockkofertas.com.es\/index.php\/wp-json\/wp\/v2\/media?parent=7259"}],"wp:term":[{"taxonomy":"product_cat","embeddable":true,"href":"https:\/\/rockkofertas.com.es\/index.php\/wp-json\/wp\/v2\/product_cat?post=7259"},{"taxonomy":"product_tag","embeddable":true,"href":"https:\/\/rockkofertas.com.es\/index.php\/wp-json\/wp\/v2\/product_tag?post=7259"}],"curies":[{"name":"wp","href":"https:\/\/api.w.org\/{rel}","templated":true}]}}