{"id":7255,"date":"2025-11-22T12:18:08","date_gmt":"2025-11-22T12:18:08","guid":{"rendered":"https:\/\/rockkofertas.com.es\/index.php\/producto\/b0bvbl9hzf\/"},"modified":"2025-11-22T12:18:08","modified_gmt":"2025-11-22T12:18:08","slug":"b0bvbl9hzf","status":"publish","type":"product","link":"https:\/\/rockkofertas.com.es\/index.php\/producto\/b0bvbl9hzf\/","title":{"rendered":"B0BVBL9HZF"},"content":{"rendered":"<p>&#8211; Bain Hydra-Fortifiant de la gama Genesis es un champ\u00fa fortificante que limpia eficazmente el cabello y previene la ca\u00edda debido a la rotura del cabello fino, normal o mixto<br \/>\n&#8211; Fondant Reinfor\u00e7ateur de la gama Genesis es un acondicionador fortificante ligero para cabello debilitado con tendencia a la ca\u00edda por rotura del cepillado<br \/>\n&#8211; S\u00e9rum Anti-Chute Fortifiant de la gama Genesis es s\u00e9rum fortificante anti ca\u00edda diario para pelo debilitado con tendencia a la ca\u00edda por rotura del cepillado<br \/>\n&#8211; D\u00e9fense Thermique de la gama Genesis es un spray termo-protector que protege el cabello debilitado con tendencia a la ca\u00edda por rotura del cepillado<\/p>\n","protected":false},"excerpt":{"rendered":"<p>K\u00e9rastase Genesis, Rutina para el fortalecimiento del cabello, Champ\u00fa Fortificante, Acondicionador, Spray protector y S\u00e9rum fortificante, Para cabello debilitado<br \/>#Publicidad <span class=\"read-more\"><a class=\"more-link btn btn-transparent\" href=\"https:\/\/rockkofertas.com.es\/index.php\/producto\/b0bvbl9hzf\/\">Leer m\u00e1s&#8230;<\/a><\/span><\/p>\n","protected":false},"featured_media":7254,"comment_status":"open","ping_status":"closed","template":"","meta":[],"product_cat":[15],"product_tag":[],"class_list":{"0":"post-7255","1":"product","2":"type-product","3":"status-publish","4":"has-post-thumbnail","6":"product_cat-sin-categorizar","8":"first","9":"instock","10":"shipping-taxable","11":"product-type-external"},"_links":{"self":[{"href":"https:\/\/rockkofertas.com.es\/index.php\/wp-json\/wp\/v2\/product\/7255","targetHints":{"allow":["GET"]}}],"collection":[{"href":"https:\/\/rockkofertas.com.es\/index.php\/wp-json\/wp\/v2\/product"}],"about":[{"href":"https:\/\/rockkofertas.com.es\/index.php\/wp-json\/wp\/v2\/types\/product"}],"replies":[{"embeddable":true,"href":"https:\/\/rockkofertas.com.es\/index.php\/wp-json\/wp\/v2\/comments?post=7255"}],"wp:featuredmedia":[{"embeddable":true,"href":"https:\/\/rockkofertas.com.es\/index.php\/wp-json\/wp\/v2\/media\/7254"}],"wp:attachment":[{"href":"https:\/\/rockkofertas.com.es\/index.php\/wp-json\/wp\/v2\/media?parent=7255"}],"wp:term":[{"taxonomy":"product_cat","embeddable":true,"href":"https:\/\/rockkofertas.com.es\/index.php\/wp-json\/wp\/v2\/product_cat?post=7255"},{"taxonomy":"product_tag","embeddable":true,"href":"https:\/\/rockkofertas.com.es\/index.php\/wp-json\/wp\/v2\/product_tag?post=7255"}],"curies":[{"name":"wp","href":"https:\/\/api.w.org\/{rel}","templated":true}]}}