{"id":7253,"date":"2025-11-22T12:17:44","date_gmt":"2025-11-22T12:17:44","guid":{"rendered":"https:\/\/rockkofertas.com.es\/index.php\/producto\/b0f1dfnlzh\/"},"modified":"2025-11-22T12:17:44","modified_gmt":"2025-11-22T12:17:44","slug":"b0f1dfnlzh","status":"publish","type":"product","link":"https:\/\/rockkofertas.com.es\/index.php\/producto\/b0f1dfnlzh\/","title":{"rendered":"B0F1DFNLZH"},"content":{"rendered":"<p>&#8211; ELIMINACI\u00d3N DE MANCHAS Y MALOS OLORES EN 1 LAVADO: el detergente l\u00edquido Ariel elimina las manchas y los malos olores en un solo lavado<br \/>\n&#8211; EFICAZ EN FR\u00cdO: El detergente l\u00edquido de Ariel proporciona resultados impecables incluso en fr\u00edo<br \/>\n&#8211; PRETRATA LAS MANCHAS: 1. Aplica una peque\u00f1a cantidad de detergente l\u00edquido Ariel sobre las manchas 2. Frota suavemente 3. Empieza el lavado<br \/>\n&#8211; INSTRUCCIONES PARA MEJORES RESULTADOS: llena el tap\u00f3n verde con detergente l\u00edquido Ariel seg\u00fan el nivel de llenado del tambor y col\u00f3calo en el tambor, encima de la ropa<br \/>\n&#8211; PIDE TU TAP\u00d3N DOSIFICADOR DE FORMA GRATUITA: por razones medioambientales, no todas las botellas cuentan con un tap\u00f3n medidor, pero puedes pedirlo de forma gratuita en el sitio web ariel.info<\/p>\n","protected":false},"excerpt":{"rendered":"<p>Ariel Liquido Original 200 (4&#215;50)<br \/>#Publicidad <span class=\"read-more\"><a class=\"more-link btn btn-transparent\" href=\"https:\/\/rockkofertas.com.es\/index.php\/producto\/b0f1dfnlzh\/\">Leer m\u00e1s&#8230;<\/a><\/span><\/p>\n","protected":false},"featured_media":7252,"comment_status":"open","ping_status":"closed","template":"","meta":[],"product_cat":[15],"product_tag":[],"class_list":{"0":"post-7253","1":"product","2":"type-product","3":"status-publish","4":"has-post-thumbnail","6":"product_cat-sin-categorizar","8":"first","9":"instock","10":"shipping-taxable","11":"product-type-external"},"_links":{"self":[{"href":"https:\/\/rockkofertas.com.es\/index.php\/wp-json\/wp\/v2\/product\/7253","targetHints":{"allow":["GET"]}}],"collection":[{"href":"https:\/\/rockkofertas.com.es\/index.php\/wp-json\/wp\/v2\/product"}],"about":[{"href":"https:\/\/rockkofertas.com.es\/index.php\/wp-json\/wp\/v2\/types\/product"}],"replies":[{"embeddable":true,"href":"https:\/\/rockkofertas.com.es\/index.php\/wp-json\/wp\/v2\/comments?post=7253"}],"wp:featuredmedia":[{"embeddable":true,"href":"https:\/\/rockkofertas.com.es\/index.php\/wp-json\/wp\/v2\/media\/7252"}],"wp:attachment":[{"href":"https:\/\/rockkofertas.com.es\/index.php\/wp-json\/wp\/v2\/media?parent=7253"}],"wp:term":[{"taxonomy":"product_cat","embeddable":true,"href":"https:\/\/rockkofertas.com.es\/index.php\/wp-json\/wp\/v2\/product_cat?post=7253"},{"taxonomy":"product_tag","embeddable":true,"href":"https:\/\/rockkofertas.com.es\/index.php\/wp-json\/wp\/v2\/product_tag?post=7253"}],"curies":[{"name":"wp","href":"https:\/\/api.w.org\/{rel}","templated":true}]}}