{"id":7243,"date":"2025-11-22T08:50:12","date_gmt":"2025-11-22T08:50:12","guid":{"rendered":"https:\/\/rockkofertas.com.es\/index.php\/producto\/b0frfqc6pt\/"},"modified":"2025-11-22T08:50:12","modified_gmt":"2025-11-22T08:50:12","slug":"b0frfqc6pt","status":"publish","type":"product","link":"https:\/\/rockkofertas.com.es\/index.php\/producto\/b0frfqc6pt\/","title":{"rendered":"B0FRFQC6PT"},"content":{"rendered":"<p>&#8211; M90 4K C\u00e1mara acci\u00f3n con 64G tarjeta: La nueva c\u00e1mara deportiva Apexcam M90 cuenta con una resoluci\u00f3n de v\u00eddeo de alta definici\u00f3n 4K, lo que permite obtener im\u00e1genes fluidas y n\u00edtidas. Incluye una tarjeta de memoria de 64 GB, por lo que no es necesario adquirirla por separado para empezar a utilizar la c\u00e1mara.<br \/>\n&#8211; Estabilizaci\u00f3n electr\u00f3nica de imagen y correcci\u00f3n de distorsi\u00f3n: La c\u00e1mara de acci\u00f3n cuenta con estabilizaci\u00f3n electr\u00f3nica de imagen, lo que garantiza una grabaci\u00f3n estable incluso durante actividades intensas. Tambi\u00e9n incorpora correcci\u00f3n de distorsi\u00f3n, que ajusta autom\u00e1ticamente la imagen durante la captura para evitar una distorsi\u00f3n excesiva del ojo de pez de c\u00e1mara deportiva.<br \/>\n&#8211; Subacu\u00e1tica hasta 40 metros y modo de veh\u00edculo: La c\u00e1mara sumergible dispone de una carcasa resistente al agua con clasificaci\u00f3n IP68 que, una vez instalada, protege la lente del polvo y proporciona resistencia al agua. La c\u00e1mara sigue funcionando perfectamente a profundidades de hasta 40 metros bajo el agua, lo que la hace adecuada para todo tipo de actividades acu\u00e1ticas. Cuando se activa en modo veh\u00edculo, tambi\u00e9n puede funcionar como c\u00e1mara para salpicadero para uso en el autom\u00f3vil.<br \/>\n&#8211; Funci\u00f3n Wi-Fi y 8x Zoom: La c\u00e1mara de moto cuenta con Wi-Fi funci\u00f3n y se empareja con la aplicaci\u00f3n Apex, lo que permite descargar v\u00eddeos e im\u00e1genes de forma r\u00e1pida y c\u00f3moda para compartirlos al instante en sus redes sociales. La funci\u00f3n de zoom 8x permite ampliar la imagen durante la grabaci\u00f3n de v\u00eddeo, capturando escenas con mayor detalle y precisi\u00f3n.<br \/>\n&#8211; Mando a distancia y lector de tarjetas: El mando a distancia 2.4G te deja las manos libres. Cuando montes la c\u00e1mara acci\u00f3n en una moto o bicicleta, fija el mando a distancia a tu brazo y solo tendr\u00e1s que pulsar un bot\u00f3n para empezar a grabar. El lector de tarjetas tambi\u00e9n funciona como estuche de carga de la bater\u00eda y se puede conectar a un ordenador para descargar las im\u00e1genes de la tarjeta de memoria, lo que ofrece un funcionamiento c\u00f3modo y r\u00e1pido.<br \/>\n&#8211; Dos bater\u00edas de 1350mAh y otros accesorios: La c\u00e1mara de acci\u00f3n M90 incluye dos bater\u00edas de 1350 mAh, lo que prolonga considerablemente el tiempo de funcionamiento de la c\u00e1mara. Tambi\u00e9n incluye accesorios de montaje que permiten fijar la c\u00e1mara al manillar o al casco, lo que abre un sinf\u00edn de posibilidades de uso.<\/p>\n","protected":false},"excerpt":{"rendered":"<p>Apexcam M90 c\u00e1mara Deportiva 4K\/64MP con 64G Tarjeta c\u00e1mara acci\u00f3n EIS con Pantalla t\u00e1ctil WiFi 8X Zoon c\u00e1mara Sumergible subacu\u00e1tica 40M y Mando a Distancia con Dos 1350*bater\u00edas y Otros Accesorios<br \/>#Publicidad <span class=\"read-more\"><a class=\"more-link btn btn-transparent\" href=\"https:\/\/rockkofertas.com.es\/index.php\/producto\/b0frfqc6pt\/\">Leer m\u00e1s&#8230;<\/a><\/span><\/p>\n","protected":false},"featured_media":7242,"comment_status":"open","ping_status":"closed","template":"","meta":[],"product_cat":[15],"product_tag":[],"class_list":{"0":"post-7243","1":"product","2":"type-product","3":"status-publish","4":"has-post-thumbnail","6":"product_cat-sin-categorizar","8":"first","9":"instock","10":"shipping-taxable","11":"product-type-external"},"_links":{"self":[{"href":"https:\/\/rockkofertas.com.es\/index.php\/wp-json\/wp\/v2\/product\/7243","targetHints":{"allow":["GET"]}}],"collection":[{"href":"https:\/\/rockkofertas.com.es\/index.php\/wp-json\/wp\/v2\/product"}],"about":[{"href":"https:\/\/rockkofertas.com.es\/index.php\/wp-json\/wp\/v2\/types\/product"}],"replies":[{"embeddable":true,"href":"https:\/\/rockkofertas.com.es\/index.php\/wp-json\/wp\/v2\/comments?post=7243"}],"wp:featuredmedia":[{"embeddable":true,"href":"https:\/\/rockkofertas.com.es\/index.php\/wp-json\/wp\/v2\/media\/7242"}],"wp:attachment":[{"href":"https:\/\/rockkofertas.com.es\/index.php\/wp-json\/wp\/v2\/media?parent=7243"}],"wp:term":[{"taxonomy":"product_cat","embeddable":true,"href":"https:\/\/rockkofertas.com.es\/index.php\/wp-json\/wp\/v2\/product_cat?post=7243"},{"taxonomy":"product_tag","embeddable":true,"href":"https:\/\/rockkofertas.com.es\/index.php\/wp-json\/wp\/v2\/product_tag?post=7243"}],"curies":[{"name":"wp","href":"https:\/\/api.w.org\/{rel}","templated":true}]}}